{"id":11190,"date":"2018-09-20T16:11:18","date_gmt":"2018-09-20T14:11:18","guid":{"rendered":"http:\/\/www.promfr.ch\/grunden\/innovation\/"},"modified":"2025-11-20T13:17:42","modified_gmt":"2025-11-20T12:17:42","slug":"innovation","status":"publish","type":"page","link":"https:\/\/www.promfr.ch\/de\/grunden\/innovation\/","title":{"rendered":"Innovation"},"content":{"rendered":"<div class=\"wpb-content-wrapper\"><p>[vc_row row_type=&#8220;parallax&#8220; full_screen_section_height=&#8220;no&#8220; css=&#8220;.vc_custom_1500456852303{margin-top: 0px !important;margin-right: 0px !important;margin-bottom: 0px !important;margin-left: 0px !important;padding-top: 0px !important;padding-right: 0px !important;padding-bottom: 0px !important;padding-left: 0px !important;background-color: #002c77 !important;}&#8220;][vc_column css=&#8220;.vc_custom_1500387896779{padding-top: 0px !important;padding-right: 0px !important;padding-bottom: 0px !important;padding-left: 0px !important;}&#8220;][vc_row_inner content_width=&#8220;grid&#8220; css=&#8220;.vc_custom_1500457336512{padding-top: 0px !important;padding-right: 0px !important;padding-bottom: 0px !important;padding-left: 0px !important;}&#8220; el_class=&#8220;bannerservices&#8220;][vc_column_inner width=&#8220;1\/2&#8243;][vc_empty_space height=&#8220;30px&#8220;]<div class=\"mkd-iwt clearfix mkd-iwt-icon-left mkd-iwt-icon-tiny\">\n\t<div class=\"mkd-iwt-icon-holder\">\n\t\t\t\t\t\n\t<span class=\"mkd-icon-shortcode normal mkd-icon-tiny\"  data-hover-color=\"#ffffff\" data-color=\"#ffffff\">\n        \n\t\t\t<i class=\"mkd-icon-dripicons dripicon dripicon-graph-bar mkd-icon-element\" style=\"color: #ffffff\" ><\/i>\n\t\t\t    <\/span>\n\n\t\t\t\t<\/div>\n\t<div class=\"mkd-iwt-content-holder\" style=\"padding-left: 40px\">\n\t\t<div class=\"mkd-iwt-title-holder\">\n\t\t\t<h4 style=\"color: #ffffff;text-transform: none;font-weight: 700\">Innovation<\/h4>\n\t<\/div>\n\t<div class=\"mkd-iwt-text-holder\">\n\t\t<p ><\/p>\n\n\t\t\t<\/div>\n<\/div>\n<\/div>[vc_column_text][\/vc_column_text][vc_empty_space height=&#8220;30px&#8220;][\/vc_column_inner][vc_column_inner width=&#8220;1\/2&#8243;][\/vc_column_inner][\/vc_row_inner][\/vc_column][\/vc_row][vc_row content_width=&#8220;grid&#8220; css=&#8220;.vc_custom_1500464021534{padding-top: 20px !important;padding-bottom: 50px !important;}&#8220;][vc_column]<div class=\"mkd-section-title-holder\">\n\t<h2 class=\"mkd-section-title\" style=\"color: #000000\">\n\tInnovation\t<\/h2>\n<\/div>[vc_column_text]<\/p>\n<p>Der Kanton Freiburg f\u00f6rdert Unternehmensgr\u00fcnder und Innovatoren auf vielen Ebenen. In den letzten Jahren hat er diese Unterst\u00fctzung stark ausgebaut: von der wissenschaftlichen Innovation <strong>(<a href=\"https:\/\/www.innosquare.com\/de\/\">INNOSQUARE<\/a>),<\/strong> \u00fcber den Technologietransfer <strong>(<a href=\"https:\/\/www.tt-fr.ch\/de\/\">TechTransfer Fribourg<\/a>, <a href=\"http:\/\/www.alliance-tt.ch\/en\/accueil\">Alliance<\/a><\/strong>), und die Unternehmensgr\u00fcndung (<strong><a href=\"https:\/\/www.friup.ch\/de\/\">Fri Up<\/a><\/strong>)\u00a0bis hin zur Gesch\u00e4ftsentwicklung (<strong><a href=\"https:\/\/platinn.ch\/?lang=de\">platinn<\/a><\/strong>). Der Innovationspreis des Kantons Freiburg zeigt konkret, welchen Stellenwert der Kanton kreativen Unternehmen beimisst.<\/p>\n<p>[\/vc_column_text][vc_empty_space height=&#8220;30px&#8220;]<div class=\"mkd-tabs mkd-vertical mkd-tab-text clearfix\">\n\t<ul class=\"mkd-tabs-nav\">\n\t\t\t\t\t<li>\n\t\t\t\t<a href=\"#tab-geschaeftsentwicklung-und-innovation\" class=\"active-tab-style-1\">\n\t\t\t\t\t<span class=\"mkd-tab-title-subtitle\">\n\t\t\t\t\t\t<span class=\"mkd-tab-title\">\n\t\t\t\t\t\t\tGesch\u00e4ftsentwicklung und Innovation\t\t\t\t\t\t<\/span>\n\t\t\t\t\t\t<span class=\"mkd-tab-subtitle\">\n\t\t\t\t\t\t\t\t\t\t\t\t\t<\/span>\n\t\t\t\t\t<\/span>\n\t\t\t\t<\/a>\n\t\t\t<\/li>\n\t\t\t\t\t<li>\n\t\t\t\t<a href=\"#tab-technologische-innovation\" class=\"active-tab-style-1\">\n\t\t\t\t\t<span class=\"mkd-tab-title-subtitle\">\n\t\t\t\t\t\t<span class=\"mkd-tab-title\">\n\t\t\t\t\t\t\tTechnologische Innovation\t\t\t\t\t\t<\/span>\n\t\t\t\t\t\t<span class=\"mkd-tab-subtitle\">\n\t\t\t\t\t\t\t\t\t\t\t\t\t<\/span>\n\t\t\t\t\t<\/span>\n\t\t\t\t<\/a>\n\t\t\t<\/li>\n\t\t\t\t\t<li>\n\t\t\t\t<a href=\"#tab-iff-preis\" class=\"active-tab-style-1\">\n\t\t\t\t\t<span class=\"mkd-tab-title-subtitle\">\n\t\t\t\t\t\t<span class=\"mkd-tab-title\">\n\t\t\t\t\t\t\tIFF-Preis\t\t\t\t\t\t<\/span>\n\t\t\t\t\t\t<span class=\"mkd-tab-subtitle\">\n\t\t\t\t\t\t\t\t\t\t\t\t\t<\/span>\n\t\t\t\t\t<\/span>\n\t\t\t\t<\/a>\n\t\t\t<\/li>\n\t\t\t\t<li class=\"mkd-tab-line\"><span class=\"mkd-tab-line-inner \"><\/span><\/li>\n\t<\/ul>\n\t<div class=\"mkd-tab-container\"  id=\"tab-geschaeftsentwicklung-und-innovation-254\" data-icon-pack=\"font_awesome\" data-icon-html=\"&lt;i class=&quot;mkd-icon-font-awesome fa  &quot; &gt;&lt;\/i&gt;\">\n\t[vc_column_text]<\/p>\n<h4>Fit f\u00fcr den Markt \u2013 dank Expertenhilfe<\/h4>\n<p>Suchen Sie Experten f\u00fcr die Gr\u00fcndung Ihres Unternehmens oder den Ausbau Ihrer Gesch\u00e4fte? Bei\u00a0<strong><a title=\"Fri Up\" href=\"https:\/\/www.friup.ch\/de\/\" target=\"_blank\" rel=\"noopener noreferrer\">Fri Up<\/a>\u00a0<\/strong>und <strong><a title=\"platinn\" href=\"https:\/\/platinn.ch\/?lang=de\" target=\"_blank\" rel=\"noopener noreferrer\">platinn<\/a><\/strong> finden Sie, wen Sie suchen. Fri Up unterst\u00fctzt Jungunternehmen bei der konkreten Ausgestaltung ihrer Projekte und hilft ihnen, dynamische Gesch\u00e4ftsideen umzusetzen und ihre Wettbewerbsf\u00e4higkeit zu verbessern. Bis heute haben sich aus 95% der von \u00a0Fri Up unterst\u00fctzten Projekte marktf\u00e4hige Unternehmen entwickelt. Die interdisziplin\u00e4ren Fachteams von platinn bieten gezielte Unterst\u00fctzung f\u00fcr KMU. Sie arbeiten in folgenden Bereichen:<\/p>\n<ul>\n<li>Innovation von Produkten und Dienstleistungen<\/li>\n<li>Innovation auf organisatorischer Ebene<\/li>\n<li>Vertriebsentwicklung<\/li>\n<li>Erschliessung neuer M\u00e4rkte<\/li>\n<\/ul>\n<p>[\/vc_column_text][vc_text_separator title=&#8220;Kontakt&#8220; title_align=&#8220;separator_align_left&#8220; css=&#8220;.vc_custom_1517562378458{margin-top: 20px !important;}&#8220;][vc_row_inner content_width=&#8220;grid&#8220; css=&#8220;.vc_custom_1517561607231{padding-right: 15px !important;padding-left: 15px !important;}&#8220;][vc_column_inner width=&#8220;1\/3&#8243; css=&#8220;.vc_custom_1517563233673{margin-bottom: 20px !important;padding-top: 20px !important;padding-right: 20px !important;padding-bottom: 20px !important;padding-left: 20px !important;background-color: rgba(234,234,234,0.01) !important;*background-color: rgb(234,234,234) !important;}&#8220;][vc_column_text]<strong>Fri Up<\/strong><\/p>\n<p><strong>Yann Steulet<br \/>\n<\/strong>Direktor<br \/>\nPassage du Cardinal 11<br \/>\n1700 Freiburg<\/p>\n<p>T +41 26 425 45 00<br \/>\n<a title=\"&#x6f;&#x66;&#x66;&#105;ce&#64;&#x66;&#x72;&#x69;&#x75;&#112;.ch\" href=\"m&#97;&#x69;&#x6c;to&#x3a;&#x6f;ff&#105;&#x63;&#x65;&#64;&#102;&#x72;&#x69;up&#x2e;&#x63;h\" target=\"_blank\" rel=\"noopener noreferrer\">&#x6f;f&#x66;&#105;c&#x65;&#64;&#x66;&#x72;i&#x75;&#112;.&#x63;h<\/a><br \/>\n<a title=\"www.friup.ch\" href=\"https:\/\/www.friup.ch\/de\/\" target=\"_blank\" rel=\"noopener noreferrer\">www.friup.ch<\/a>[\/vc_column_text][\/vc_column_inner][vc_column_inner width=&#8220;1\/3&#8243;][vc_column_text]<\/p>\n<p><strong>platinn<br \/>\n<\/strong>Rue de Romont 33<br \/>\n1701 Freiburg<\/p>\n<p>T +41 26 347 48 48<br \/>\n<a title=\"i&#x6e;&#x66;o&#64;&#x70;la&#x74;&#x69;n&#110;&#x2e;ch\" href=\"&#x6d;&#x61;&#x69;&#x6c;&#x74;&#x6f;&#x3a;&#x69;&#x6e;&#x66;&#x6f;&#64;&#112;&#108;&#97;tinn.ch\" target=\"_blank\" rel=\"noopener noreferrer\">&#x69;&#x6e;&#x66;&#x6f;&#64;&#112;latin&#x6e;&#x2e;&#x63;&#x68;<\/a><br \/>\n<a title=\"www.platinn.ch\" href=\"https:\/\/platinn.ch\/?lang=de\" target=\"_blank\" rel=\"noopener noreferrer\">www.platinn.ch<\/a><\/p>\n<p>[\/vc_column_text][\/vc_column_inner][vc_column_inner width=&#8220;1\/3&#8243;][\/vc_column_inner][\/vc_row_inner]<\/div>\n<div class=\"mkd-tab-container\"  id=\"tab-technologische-innovation-249\" data-icon-pack=\"font_awesome\" data-icon-html=\"&lt;i class=&quot;mkd-icon-font-awesome fa  &quot; &gt;&lt;\/i&gt;\">\n\t[vc_column_text]<\/p>\n<h4>Einfacherer Zugang zu Forschungsinstituten<\/h4>\n<p>Die Technologie- und Innovationsplattform <a href=\"https:\/\/www.innosquare.com\/de\/\" target=\"_blank\" rel=\"noopener noreferrer\"><b>INNOSQUARE<\/b><\/a>st\u00e4rkt die Innovationsf\u00e4higkeit von Unternehmen, indem sie ihnen Zugang zu Forschungskompetenzen, innovativer Ausr\u00fcstung und talentierten Ingenieuren verschafft. Als anerkannter Forschungs- und Innovationspartner von <a href=\"https:\/\/www.bluefactory.ch\/de\"><strong>blueFACTORY<\/strong><\/a> initiiert INNOSQUARE Interaktionen zwischen Unternehmen und Hochschulen und leistet einen Beitrag zur Innovationspolitik des Kantons Freiburg. Die Plattform ist bestrebt, die Wettbewerbsf\u00e4higkeit technologiebasierter Firmen und der Partner in den Kompetenzzentren und den Clustern zu verbessern. <a href=\"https:\/\/www.tt-fr.ch\/de\/\" target=\"_blank\" rel=\"noopener noreferrer\"><b>TechTransfer Fribourg<\/b><\/a>\u00a0ist das B\u00fcro f\u00fcr Technologie-Transfer der Universit\u00e4t Freiburg, des <a href=\"https:\/\/www.ami.swiss\/en\/\"><strong>Adolphe-Merkle-Instituts<\/strong><\/a> und der <a href=\"https:\/\/www.heia-fr.ch\/de\/\"><strong>Hochschule f\u00fcr Technik und Architektur Freiburg<\/strong><\/a>. Diese Plattform ist eine optimale Anlaufstelle f\u00fcr Unternehmen, die Kontakte zu Forschungsinstituten suchen. Hier finden Sie auch Antworten auf Fragen zu Urheberrechten und geistigem Eigentum. <a href=\"http:\/\/www.alliance-tt.ch\/en\/accueil\" target=\"_blank\" rel=\"noopener noreferrer\"><b>Alliance<\/b><\/a>, das Konsortium f\u00fcr den Technologietransfer in der Westschweiz, hat eine vergleichbare, allerdings breiter angelegte Funktion: F\u00fcr Unternehmen ist Alliance die Kontaktstelle zu 6000 Forschern an Hochschulen und Universit\u00e4tsspit\u00e4lern.<\/p>\n<p>[\/vc_column_text][vc_text_separator title=&#8220;Kontakt&#8220; title_align=&#8220;separator_align_left&#8220; css=&#8220;.vc_custom_1517562378458{margin-top: 20px !important;}&#8220;][vc_row_inner content_width=&#8220;grid&#8220; css=&#8220;.vc_custom_1517561607231{padding-right: 15px !important;padding-left: 15px !important;}&#8220;][vc_column_inner width=&#8220;1\/3&#8243; css=&#8220;.vc_custom_1517562289089{margin-bottom: 20px !important;padding-top: 20px !important;padding-right: 20px !important;padding-bottom: 20px !important;padding-left: 20px !important;background-color: rgba(234,234,234,0.01) !important;*background-color: rgb(234,234,234) !important;}&#8220;][vc_column_text css=&#8220;&#8220;]<strong>INNOSQUARE<\/strong><\/p>\n<p><strong>Nicolas Huet<br \/>\n<\/strong>Passage du Cardinal 1<br \/>\nB\u00e2timent A<br \/>\n1700 Fribourg<\/p>\n<p>T +41 26 429 66 40<\/p>\n<p><a title=\"&#x70;a&#x73;&#x63;a&#x6c;&#46;b&#x6f;&#118;e&#x74;&#64;h&#x65;&#102;r&#x2e;c&#x68;\" href=\"&#109;&#x61;&#105;&#x6c;t&#x6f;:&#x6e;i&#x63;o&#x6c;a&#x73;.&#104;&#x75;&#101;&#x74;&#64;&#x68;e&#x66;r&#x2e;c&#x68;\" target=\"_blank\" rel=\"noopener noreferrer\">n&#x69;&#x63;o&#108;&#x61;&#x73;.&#104;&#x75;et&#x40;&#x68;e&#102;&#x72;.c&#x68;<\/a><\/p>\n<p><a title=\"www.innosquare.com\" href=\"https:\/\/www.innosquare.com\/de\/\" target=\"_blank\" rel=\"noopener noreferrer\">www.innosquare.com<\/a>[\/vc_column_text][vc_column_text]<\/p>\n<p><strong>Alliance<\/strong> <b>EPFL<\/b><\/p>\n<p>Quartier de l\u2019innovation<br \/>\nB\u00e2timent J<br \/>\n1015 Lausanne<\/p>\n<p>T +41 21 693 35 75<br \/>\n<a title=\"&#97;l&#x6c;i&#x61;n&#x63;e&#x40;a&#x6c;l&#x69;a&#x6e;c&#x65;-&#x74;&#116;&#x2e;&#99;&#x68;\" href=\"m&#x61;&#x69;l&#116;&#x6f;:&#97;&#x6c;l&#105;&#x61;nc&#x65;&#x40;a&#x6c;&#x6c;i&#97;&#x6e;c&#101;&#x2d;tt&#x2e;&#x63;h\" target=\"_blank\" rel=\"noopener noreferrer\">&#x61;&#x6c;&#x6c;&#x69;&#97;&#110;ce&#64;al&#x6c;&#x69;&#x61;&#x6e;&#x63;&#101;-tt.c&#x68;<\/a><br \/>\n<a title=\"www.alliance-tt.ch\" href=\"http:\/\/www.alliance-tt.ch\/en\/accueil\" target=\"_blank\" rel=\"noopener noreferrer\">www.alliance-tt.ch<\/a><\/p>\n<p>[\/vc_column_text][\/vc_column_inner][vc_column_inner width=&#8220;1\/3&#8243;][vc_column_text]<\/p>\n<p><strong>TechTransfer Fribourg<\/strong><\/p>\n<p><strong>Jean-Philippe Bacher<br \/>\n<\/strong>Haute \u00e9cole d\u2019ing\u00e9nierie et d\u2019architecture Fribourg<br \/>\nBd de P\u00e9rolles 80<br \/>\n1700 Fribourg<\/p>\n<p>T +41 26 429 67 55<br \/>\n<a title=\"jea&#110;&#45;&#x70;&#x68;&#x69;&#x6c;&#x69;ppe&#46;&#98;&#x61;&#x63;&#x68;&#x65;&#x72;&#64;he&#102;&#114;&#x2e;&#x63;&#x68;\" href=\"&#109;a&#x69;l&#x74;o&#x3a;j&#x65;&#97;&#x6e;&#45;p&#x68;i&#x6c;i&#x70;p&#x65;.&#x62;&#97;&#x63;&#104;e&#x72;&#64;&#x68;e&#x66;r&#x2e;c&#x68;\" target=\"_blank\" rel=\"noopener noreferrer\">j&#x65;a&#110;&#x2d;p&#104;&#x69;l&#105;&#x70;p&#101;&#x2e;b&#x61;&#x63;h&#x65;&#x72;&#64;&#x68;e&#102;&#x72;.&#99;&#x68;<\/a><br \/>\n<a title=\"www.tt-fr.ch\" href=\"https:\/\/www.tt-fr.ch\/de\/\" target=\"_blank\" rel=\"noopener noreferrer\">www.tt-fr.ch<\/a><\/p>\n<p>[\/vc_column_text][\/vc_column_inner][vc_column_inner width=&#8220;1\/3&#8243;][\/vc_column_inner][\/vc_row_inner][vc_column_text][\/vc_column_text]<\/div>\n<div class=\"mkd-tab-container\"  id=\"tab-iff-preis-346\" data-icon-pack=\"font_awesome\" data-icon-html=\"&lt;i class=&quot;mkd-icon-font-awesome fa  &quot; &gt;&lt;\/i&gt;\">\n\t[vc_column_text css=&#8220;&#8220;]<\/p>\n<h4>Zeigen Sie Ihre Innovationskraft<\/h4>\n<p>Ihr Unternehmen schafft Neues? Sie m\u00f6chten Ihre T\u00e4tigkeit einer breiten \u00d6ffentlichkeit vorstellen? Dann sind Sie ein Kandidat f\u00fcr den IFF-Preis (Innovation Fribourg Freiburg) des Kantons Freiburg. Diesen Preis vergibt die Wirtschaftsf\u00f6rderung Kanton Freiburg alle zwei Jahre.<\/p>\n<p><a href=\"https:\/\/prixiff.ch\/de\/\" target=\"_blank\" rel=\"noopener noreferrer\">www.iffpreis.ch<\/a>[\/vc_column_text][vc_column_text][\/vc_column_text]<\/div>\n<\/div>\n\n[\/vc_column][\/vc_row][vc_row][vc_column][vc_column_text] [\/vc_column_text][\/vc_column][\/vc_row][vc_row][vc_column][vc_column_text]<\/p>\n<p>[\/vc_column_text][\/vc_column][\/vc_row][vc_row css=&#8220;.vc_custom_1517561720347{padding-left: 25px !important;}&#8220;][vc_column][\/vc_column][\/vc_row]<\/p>\n<\/div>","protected":false},"excerpt":{"rendered":"<p>[vc_row row_type=&#8220;parallax&#8220; full_screen_section_height=&#8220;no&#8220; css=&#8220;.vc_custom_1500456852303{margin-top: 0px !important;margin-right: 0px !important;margin-bottom: 0px !important;margin-left: 0px !important;padding-top: 0px !important;padding-right: 0px !important;padding-bottom: 0px !important;padding-left: 0px !important;background-color: #002c77 !important;}&#8220;][vc_column css=&#8220;.vc_custom_1500387896779{padding-top: 0px !important;padding-right: 0px !important;padding-bottom: 0px !important;padding-left: 0px !important;}&#8220;][vc_row_inner content_width=&#8220;grid&#8220; css=&#8220;.vc_custom_1500457336512{padding-top: 0px !important;padding-right: 0px !important;padding-bottom: 0px !important;padding-left: 0px !important;}&#8220; el_class=&#8220;bannerservices&#8220;][vc_column_inner width=&#8220;1\/2&#8243;][vc_empty_space height=&#8220;30px&#8220;][vc_column_text][\/vc_column_text][vc_empty_space height=&#8220;30px&#8220;][\/vc_column_inner][vc_column_inner&#8230;<\/p>\n","protected":false},"author":2,"featured_media":0,"parent":11142,"menu_order":0,"comment_status":"closed","ping_status":"closed","template":"full-width.php","meta":{"footnotes":""},"tags":[],"class_list":["post-11190","page","type-page","status-publish","hentry"],"yoast_head":"<!-- This site is optimized with the Yoast SEO plugin v26.9 - https:\/\/yoast.com\/product\/yoast-seo-wordpress\/ -->\n<title>Innovation - Wirtschaftsf\u00f6rderung WIF<\/title>\n<meta name=\"robots\" content=\"index, follow, max-snippet:-1, max-image-preview:large, max-video-preview:-1\" \/>\n<link rel=\"canonical\" href=\"https:\/\/www.promfr.ch\/de\/grunden\/innovation\/\" \/>\n<meta property=\"og:locale\" content=\"de_DE\" \/>\n<meta property=\"og:type\" content=\"article\" \/>\n<meta property=\"og:title\" content=\"Innovation - Wirtschaftsf\u00f6rderung WIF\" \/>\n<meta property=\"og:description\" content=\"[vc_row row_type=&#8220;parallax&#8220; full_screen_section_height=&#8220;no&#8220; css=&#8220;.vc_custom_1500456852303{margin-top: 0px !important;margin-right: 0px !important;margin-bottom: 0px !important;margin-left: 0px !important;padding-top: 0px !important;padding-right: 0px !important;padding-bottom: 0px !important;padding-left: 0px !important;background-color: #002c77 !important;}&#8220;][vc_column css=&#8220;.vc_custom_1500387896779{padding-top: 0px !important;padding-right: 0px !important;padding-bottom: 0px !important;padding-left: 0px !important;}&#8220;][vc_row_inner content_width=&#8220;grid&#8220; css=&#8220;.vc_custom_1500457336512{padding-top: 0px !important;padding-right: 0px !important;padding-bottom: 0px !important;padding-left: 0px !important;}&#8220; el_class=&#8220;bannerservices&#8220;][vc_column_inner width=&#8220;1\/2&#8243;][vc_empty_space height=&#8220;30px&#8220;][vc_column_text][\/vc_column_text][vc_empty_space height=&#8220;30px&#8220;][\/vc_column_inner][vc_column_inner...\" \/>\n<meta property=\"og:url\" content=\"https:\/\/www.promfr.ch\/de\/grunden\/innovation\/\" \/>\n<meta property=\"og:site_name\" content=\"Wirtschaftsf\u00f6rderung WIF\" \/>\n<meta property=\"article:modified_time\" content=\"2025-11-20T12:17:42+00:00\" \/>\n<meta name=\"twitter:card\" content=\"summary_large_image\" \/>\n<meta name=\"twitter:site\" content=\"@promfr\" \/>\n<script type=\"application\/ld+json\" class=\"yoast-schema-graph\">{\"@context\":\"https:\/\/schema.org\",\"@graph\":[{\"@type\":\"WebPage\",\"@id\":\"https:\/\/www.promfr.ch\/de\/grunden\/innovation\/\",\"url\":\"https:\/\/www.promfr.ch\/de\/grunden\/innovation\/\",\"name\":\"Innovation - Wirtschaftsf\u00f6rderung WIF\",\"isPartOf\":{\"@id\":\"https:\/\/www.promfr.ch\/#website\"},\"datePublished\":\"2018-09-20T14:11:18+00:00\",\"dateModified\":\"2025-11-20T12:17:42+00:00\",\"breadcrumb\":{\"@id\":\"https:\/\/www.promfr.ch\/de\/grunden\/innovation\/#breadcrumb\"},\"inLanguage\":\"de\",\"potentialAction\":[{\"@type\":\"ReadAction\",\"target\":[\"https:\/\/www.promfr.ch\/de\/grunden\/innovation\/\"]}]},{\"@type\":\"BreadcrumbList\",\"@id\":\"https:\/\/www.promfr.ch\/de\/grunden\/innovation\/#breadcrumb\",\"itemListElement\":[{\"@type\":\"ListItem\",\"position\":1,\"name\":\"Accueil\",\"item\":\"https:\/\/www.promfr.ch\/de\/\"},{\"@type\":\"ListItem\",\"position\":2,\"name\":\"Gr\u00fcnden\",\"item\":\"https:\/\/www.promfr.ch\/de\/grunden\/\"},{\"@type\":\"ListItem\",\"position\":3,\"name\":\"Innovation\"}]},{\"@type\":\"WebSite\",\"@id\":\"https:\/\/www.promfr.ch\/#website\",\"url\":\"https:\/\/www.promfr.ch\/\",\"name\":\"Promotion \u00e9conomique du canton de Fribourg (PromFR)\",\"description\":\"FRIBOURG, THE PLACE TO GROW!\",\"publisher\":{\"@id\":\"https:\/\/www.promfr.ch\/#organization\"},\"alternateName\":\"Wirtschaftsf\u00f6rderung Kanton Freiburg (WIF)\",\"potentialAction\":[{\"@type\":\"SearchAction\",\"target\":{\"@type\":\"EntryPoint\",\"urlTemplate\":\"https:\/\/www.promfr.ch\/?s={search_term_string}\"},\"query-input\":{\"@type\":\"PropertyValueSpecification\",\"valueRequired\":true,\"valueName\":\"search_term_string\"}}],\"inLanguage\":\"de\"},{\"@type\":\"Organization\",\"@id\":\"https:\/\/www.promfr.ch\/#organization\",\"name\":\"Promotion \u00e9conomique du canton de Fribourg (PromFR)\",\"alternateName\":\"Wirtschaftsf\u00f6rderung Kanton Freiburg (WIF)\",\"url\":\"https:\/\/www.promfr.ch\/\",\"logo\":{\"@type\":\"ImageObject\",\"inLanguage\":\"de\",\"@id\":\"https:\/\/www.promfr.ch\/#\/schema\/logo\/image\/\",\"url\":\"https:\/\/www.promfr.ch\/wp-content\/uploads\/2017\/07\/promotion-economique-fribourg-logo.png\",\"contentUrl\":\"https:\/\/www.promfr.ch\/wp-content\/uploads\/2017\/07\/promotion-economique-fribourg-logo.png\",\"width\":515,\"height\":156,\"caption\":\"Promotion \u00e9conomique du canton de Fribourg (PromFR)\"},\"image\":{\"@id\":\"https:\/\/www.promfr.ch\/#\/schema\/logo\/image\/\"},\"sameAs\":[\"https:\/\/x.com\/promfr\",\"https:\/\/www.linkedin.com\/company\/promfr\",\"https:\/\/www.youtube.com\/user\/promfr\"]}]}<\/script>\n<!-- \/ Yoast SEO plugin. -->","yoast_head_json":{"title":"Innovation - Wirtschaftsf\u00f6rderung WIF","robots":{"index":"index","follow":"follow","max-snippet":"max-snippet:-1","max-image-preview":"max-image-preview:large","max-video-preview":"max-video-preview:-1"},"canonical":"https:\/\/www.promfr.ch\/de\/grunden\/innovation\/","og_locale":"de_DE","og_type":"article","og_title":"Innovation - Wirtschaftsf\u00f6rderung WIF","og_description":"[vc_row row_type=&#8220;parallax&#8220; full_screen_section_height=&#8220;no&#8220; css=&#8220;.vc_custom_1500456852303{margin-top: 0px !important;margin-right: 0px !important;margin-bottom: 0px !important;margin-left: 0px !important;padding-top: 0px !important;padding-right: 0px !important;padding-bottom: 0px !important;padding-left: 0px !important;background-color: #002c77 !important;}&#8220;][vc_column css=&#8220;.vc_custom_1500387896779{padding-top: 0px !important;padding-right: 0px !important;padding-bottom: 0px !important;padding-left: 0px !important;}&#8220;][vc_row_inner content_width=&#8220;grid&#8220; css=&#8220;.vc_custom_1500457336512{padding-top: 0px !important;padding-right: 0px !important;padding-bottom: 0px !important;padding-left: 0px !important;}&#8220; el_class=&#8220;bannerservices&#8220;][vc_column_inner width=&#8220;1\/2&#8243;][vc_empty_space height=&#8220;30px&#8220;][vc_column_text][\/vc_column_text][vc_empty_space height=&#8220;30px&#8220;][\/vc_column_inner][vc_column_inner...","og_url":"https:\/\/www.promfr.ch\/de\/grunden\/innovation\/","og_site_name":"Wirtschaftsf\u00f6rderung WIF","article_modified_time":"2025-11-20T12:17:42+00:00","twitter_card":"summary_large_image","twitter_site":"@promfr","schema":{"@context":"https:\/\/schema.org","@graph":[{"@type":"WebPage","@id":"https:\/\/www.promfr.ch\/de\/grunden\/innovation\/","url":"https:\/\/www.promfr.ch\/de\/grunden\/innovation\/","name":"Innovation - Wirtschaftsf\u00f6rderung WIF","isPartOf":{"@id":"https:\/\/www.promfr.ch\/#website"},"datePublished":"2018-09-20T14:11:18+00:00","dateModified":"2025-11-20T12:17:42+00:00","breadcrumb":{"@id":"https:\/\/www.promfr.ch\/de\/grunden\/innovation\/#breadcrumb"},"inLanguage":"de","potentialAction":[{"@type":"ReadAction","target":["https:\/\/www.promfr.ch\/de\/grunden\/innovation\/"]}]},{"@type":"BreadcrumbList","@id":"https:\/\/www.promfr.ch\/de\/grunden\/innovation\/#breadcrumb","itemListElement":[{"@type":"ListItem","position":1,"name":"Accueil","item":"https:\/\/www.promfr.ch\/de\/"},{"@type":"ListItem","position":2,"name":"Gr\u00fcnden","item":"https:\/\/www.promfr.ch\/de\/grunden\/"},{"@type":"ListItem","position":3,"name":"Innovation"}]},{"@type":"WebSite","@id":"https:\/\/www.promfr.ch\/#website","url":"https:\/\/www.promfr.ch\/","name":"Promotion \u00e9conomique du canton de Fribourg (PromFR)","description":"FRIBOURG, THE PLACE TO GROW!","publisher":{"@id":"https:\/\/www.promfr.ch\/#organization"},"alternateName":"Wirtschaftsf\u00f6rderung Kanton Freiburg (WIF)","potentialAction":[{"@type":"SearchAction","target":{"@type":"EntryPoint","urlTemplate":"https:\/\/www.promfr.ch\/?s={search_term_string}"},"query-input":{"@type":"PropertyValueSpecification","valueRequired":true,"valueName":"search_term_string"}}],"inLanguage":"de"},{"@type":"Organization","@id":"https:\/\/www.promfr.ch\/#organization","name":"Promotion \u00e9conomique du canton de Fribourg (PromFR)","alternateName":"Wirtschaftsf\u00f6rderung Kanton Freiburg (WIF)","url":"https:\/\/www.promfr.ch\/","logo":{"@type":"ImageObject","inLanguage":"de","@id":"https:\/\/www.promfr.ch\/#\/schema\/logo\/image\/","url":"https:\/\/www.promfr.ch\/wp-content\/uploads\/2017\/07\/promotion-economique-fribourg-logo.png","contentUrl":"https:\/\/www.promfr.ch\/wp-content\/uploads\/2017\/07\/promotion-economique-fribourg-logo.png","width":515,"height":156,"caption":"Promotion \u00e9conomique du canton de Fribourg (PromFR)"},"image":{"@id":"https:\/\/www.promfr.ch\/#\/schema\/logo\/image\/"},"sameAs":["https:\/\/x.com\/promfr","https:\/\/www.linkedin.com\/company\/promfr","https:\/\/www.youtube.com\/user\/promfr"]}]}},"_links":{"self":[{"href":"https:\/\/www.promfr.ch\/de\/wp-json\/wp\/v2\/pages\/11190","targetHints":{"allow":["GET"]}}],"collection":[{"href":"https:\/\/www.promfr.ch\/de\/wp-json\/wp\/v2\/pages"}],"about":[{"href":"https:\/\/www.promfr.ch\/de\/wp-json\/wp\/v2\/types\/page"}],"author":[{"embeddable":true,"href":"https:\/\/www.promfr.ch\/de\/wp-json\/wp\/v2\/users\/2"}],"replies":[{"embeddable":true,"href":"https:\/\/www.promfr.ch\/de\/wp-json\/wp\/v2\/comments?post=11190"}],"version-history":[{"count":23,"href":"https:\/\/www.promfr.ch\/de\/wp-json\/wp\/v2\/pages\/11190\/revisions"}],"predecessor-version":[{"id":21687,"href":"https:\/\/www.promfr.ch\/de\/wp-json\/wp\/v2\/pages\/11190\/revisions\/21687"}],"up":[{"embeddable":true,"href":"https:\/\/www.promfr.ch\/de\/wp-json\/wp\/v2\/pages\/11142"}],"wp:attachment":[{"href":"https:\/\/www.promfr.ch\/de\/wp-json\/wp\/v2\/media?parent=11190"}],"wp:term":[{"taxonomy":"post_tag","embeddable":true,"href":"https:\/\/www.promfr.ch\/de\/wp-json\/wp\/v2\/tags?post=11190"}],"curies":[{"name":"wp","href":"https:\/\/api.w.org\/{rel}","templated":true}]}}