{"id":11201,"date":"2018-09-20T17:26:41","date_gmt":"2018-09-20T15:26:41","guid":{"rendered":"http:\/\/www.promfr.ch\/grunden\/coaching\/"},"modified":"2023-01-30T08:43:31","modified_gmt":"2023-01-30T07:43:31","slug":"coaching","status":"publish","type":"page","link":"https:\/\/www.promfr.ch\/de\/grunden\/coaching\/","title":{"rendered":"Coaching"},"content":{"rendered":"<div class=\"wpb-content-wrapper\"><p>[vc_row row_type=&#8220;parallax&#8220; full_screen_section_height=&#8220;no&#8220; css=&#8220;.vc_custom_1500456852303{margin-top: 0px !important;margin-right: 0px !important;margin-bottom: 0px !important;margin-left: 0px !important;padding-top: 0px !important;padding-right: 0px !important;padding-bottom: 0px !important;padding-left: 0px !important;background-color: #002c77 !important;}&#8220;][vc_column css=&#8220;.vc_custom_1500387896779{padding-top: 0px !important;padding-right: 0px !important;padding-bottom: 0px !important;padding-left: 0px !important;}&#8220;][vc_row_inner content_width=&#8220;grid&#8220; css=&#8220;.vc_custom_1500457336512{padding-top: 0px !important;padding-right: 0px !important;padding-bottom: 0px !important;padding-left: 0px !important;}&#8220; el_class=&#8220;bannerservices&#8220;][vc_column_inner width=&#8220;1\/2&#8243;][vc_empty_space height=&#8220;30px&#8220;]<div class=\"mkd-iwt clearfix mkd-iwt-icon-left mkd-iwt-icon-tiny\">\n\t<div class=\"mkd-iwt-icon-holder\">\n\t\t\t\t\t\n\t<span class=\"mkd-icon-shortcode normal mkd-icon-tiny\"  data-hover-color=\"#ffffff\" data-color=\"#ffffff\">\n        \n\t\t\t<i class=\"mkd-icon-dripicons dripicon dripicon-user mkd-icon-element\" style=\"color: #ffffff\" ><\/i>\n\t\t\t    <\/span>\n\n\t\t\t\t<\/div>\n\t<div class=\"mkd-iwt-content-holder\" style=\"padding-left: 40px\">\n\t\t<div class=\"mkd-iwt-title-holder\">\n\t\t\t<h4 style=\"color: #ffffff;text-transform: none;font-weight: 700\">Coaching<\/h4>\n\t<\/div>\n\t<div class=\"mkd-iwt-text-holder\">\n\t\t<p ><\/p>\n\n\t\t\t<\/div>\n<\/div>\n<\/div>[vc_column_text][\/vc_column_text][vc_empty_space height=&#8220;30px&#8220;][\/vc_column_inner][vc_column_inner width=&#8220;1\/2&#8243;][\/vc_column_inner][\/vc_row_inner][\/vc_column][\/vc_row][vc_row][vc_column][vc_column_text]<\/p>\n<p>[\/vc_column_text][\/vc_column][\/vc_row][vc_row content_width=&#8220;grid&#8220; css=&#8220;.vc_custom_1500464021534{padding-top: 20px !important;padding-bottom: 50px !important;}&#8220;][vc_column][vc_column_text] Die Gr\u00fcndung eines Unternehmens und die Entwicklung von neuen Produkten setzen Kenntnisse der technologischen, organisatorischen, strategischen, rechtlichen und vertrieblichen Aspekte voraus. Die Fachleute von\u00a0<strong><a href=\"https:\/\/www.friup.ch\/de\/\">Fri Up<\/a><\/strong>,\u00a0<strong><a href=\"https:\/\/www.innosuisse.ch\/inno\/de\/home\/start-and-grow-your-business\/start-up-coaching.html\">Innosuisse <\/a><\/strong>und\u00a0<a href=\"https:\/\/platinn.ch\/?lang=de\"><strong>platinn<\/strong><\/a>\u00a0<a href=\"https:\/\/www.innosuisse.ch\/inno\/de\/home\/start-and-grow-your-business\/start-up-coaching.html\">\u00a0<\/a>bringen dieses Wissen in Jungunternehmen ein. [\/vc_column_text][vc_empty_space height=&#8220;30px&#8220;]<div class=\"mkd-tabs mkd-vertical mkd-tab-text clearfix\">\n\t<ul class=\"mkd-tabs-nav\">\n\t\t\t\t\t<li>\n\t\t\t\t<a href=\"#tab-fri-up\" class=\"active-tab-style-1\">\n\t\t\t\t\t<span class=\"mkd-tab-title-subtitle\">\n\t\t\t\t\t\t<span class=\"mkd-tab-title\">\n\t\t\t\t\t\t\tFri Up\t\t\t\t\t\t<\/span>\n\t\t\t\t\t\t<span class=\"mkd-tab-subtitle\">\n\t\t\t\t\t\t\t\t\t\t\t\t\t<\/span>\n\t\t\t\t\t<\/span>\n\t\t\t\t<\/a>\n\t\t\t<\/li>\n\t\t\t\t\t<li>\n\t\t\t\t<a href=\"#tab-innosuisse\" class=\"active-tab-style-1\">\n\t\t\t\t\t<span class=\"mkd-tab-title-subtitle\">\n\t\t\t\t\t\t<span class=\"mkd-tab-title\">\n\t\t\t\t\t\t\tInnosuisse\t\t\t\t\t\t<\/span>\n\t\t\t\t\t\t<span class=\"mkd-tab-subtitle\">\n\t\t\t\t\t\t\t\t\t\t\t\t\t<\/span>\n\t\t\t\t\t<\/span>\n\t\t\t\t<\/a>\n\t\t\t<\/li>\n\t\t\t\t\t<li>\n\t\t\t\t<a href=\"#tab-platinn\" class=\"active-tab-style-1\">\n\t\t\t\t\t<span class=\"mkd-tab-title-subtitle\">\n\t\t\t\t\t\t<span class=\"mkd-tab-title\">\n\t\t\t\t\t\t\tplatinn\t\t\t\t\t\t<\/span>\n\t\t\t\t\t\t<span class=\"mkd-tab-subtitle\">\n\t\t\t\t\t\t\t\t\t\t\t\t\t<\/span>\n\t\t\t\t\t<\/span>\n\t\t\t\t<\/a>\n\t\t\t<\/li>\n\t\t\t\t<li class=\"mkd-tab-line\"><span class=\"mkd-tab-line-inner \"><\/span><\/li>\n\t<\/ul>\n\t<div class=\"mkd-tab-container\"  id=\"tab-fri-up-275\" data-icon-pack=\"font_awesome\" data-icon-html=\"&lt;i class=&quot;mkd-icon-font-awesome fa  &quot; &gt;&lt;\/i&gt;\">\n\t[vc_column_text]<\/p>\n<h4>Kostenlose Begeleitung<\/h4>\n<p><a href=\"https:\/\/www.friup.ch\/de\/\"><strong>Fri Up<\/strong><\/a> begleitet und unterst\u00fctzt Jungunternehmen kostenlos mit folgenden Leistungen:<\/p>\n<ul>\n<li>Analyse der geplanten Unternehmensgr\u00fcndung, Beratung und Unterst\u00fctzung bei der Konkretisierung<\/li>\n<li>Spezifische Aus- und Weiterbildungen<\/li>\n<li>Paten- und Partnernetzwerk<\/li>\n<li>Erleichterter Zugang zu Finanzierungsquellen, Beratern, Aus- und Weiterbildung sowie Kommunikationsfachleuten.<\/li>\n<\/ul>\n<p>Die eingereichten Projekte werden durch den Vorstand von Fri Up selektioniert. Fri Up stellt Jungunternehmen auf Wunsch auch R\u00e4umlichkeiten zur Verf\u00fcgung. [\/vc_column_text][vc_column_text][\/vc_column_text][vc_text_separator title=&#8220;Kontakt&#8220; title_align=&#8220;separator_align_left&#8220; align=&#8220;align_right&#8220; css=&#8220;.vc_custom_1517563722403{margin-top: 20px !important;}&#8220;][vc_row_inner content_width=&#8220;grid&#8220; css=&#8220;.vc_custom_1517561607231{padding-right: 15px !important;padding-left: 15px !important;}&#8220;][vc_column_inner width=&#8220;1\/3&#8243; css=&#8220;.vc_custom_1517563564915{margin-bottom: 20px !important;padding-top: 20px !important;padding-right: 20px !important;padding-bottom: 20px !important;padding-left: 20px !important;background-color: rgba(234,234,234,0.01) !important;*background-color: rgb(234,234,234) !important;}&#8220;][vc_column_text]<strong>Fri Up<\/strong><\/p>\n<p><strong>Yann Steulet<br \/>\n<\/strong>Direktor<br \/>\nPassage du Cardinal 11<br \/>\n1700 Freiburg<\/p>\n<p>T +41 26 425 45 00<br \/>\n<a title=\"o&#x66;&#x66;i&#x63;&#x65;&#64;&#x66;&#x72;i&#x75;&#x70;.&#x63;&#x68;\" href=\"&#109;a&#x69;l&#x74;o&#x3a;o&#x66;&#102;&#x69;&#99;e&#x40;f&#x72;i&#x75;p&#x2e;c&#x68;\" target=\"_blank\" rel=\"noopener noreferrer\">&#x6f;&#x66;&#102;ic&#x65;&#x40;&#102;ri&#x75;&#x70;&#46;ch<\/a><br \/>\n<a title=\"www.friup.ch\" href=\"https:\/\/www.friup.ch\/de\/\" target=\"_blank\" rel=\"noopener noreferrer\">www.friup.ch<\/a>[\/vc_column_text][\/vc_column_inner][vc_column_inner width=&#8220;1\/3&#8243;][\/vc_column_inner][vc_column_inner width=&#8220;1\/3&#8243;][\/vc_column_inner][\/vc_row_inner]<\/div>\n<div class=\"mkd-tab-container\"  id=\"tab-innosuisse-554\" data-icon-pack=\"font_awesome\" data-icon-html=\"&lt;i class=&quot;mkd-icon-font-awesome fa  &quot; &gt;&lt;\/i&gt;\">\n\t[vc_column_text]<\/p>\n<h4>Ein massgeschneidertes Coaching<\/h4>\n<p><a href=\"https:\/\/www.innosuisse.ch\/inno\/de\/home\/start-and-grow-your-business\/start-up-coaching.html\"><strong>Innosuisse<\/strong> <\/a>bietet Start-ups und Gr\u00fcndungsinteressierten ein Coaching an. Das Coaching-Programm ist in drei Stufen unterteilt:<\/p>\n<ul>\n<li>Initial Coaching: Machbarkeit Ihres Projekts und Weiterentwicklung<\/li>\n<li>Core Coaching: Wirtschaftlichkeit Ihres Projekts, Strategie, Rechts- und Steuerberatung<\/li>\n<li>Scale up Coaching: Wachstumsstrategie, Finanzierungs- und Internationalisierungsaktivit\u00e4ten<\/li>\n<\/ul>\n<p>Um sich f\u00fcr das Coaching anzumelden, muss sich der Sitz Ihres Unternehmens in der Schweiz befinden und die Gr\u00fcndung Ihres Start-ups nicht l\u00e4nger als f\u00fcnf Jahre zur\u00fcckliegen. Das Coaching ist auch m\u00f6glich f\u00fcr Personen, die ein Start-up mit Sitz in der Schweiz gr\u00fcnden wollen. [\/vc_column_text][vc_column_text][\/vc_column_text][vc_text_separator title=&#8220;Kontakt&#8220; title_align=&#8220;separator_align_left&#8220; align=&#8220;align_right&#8220; css=&#8220;.vc_custom_1517563722403{margin-top: 20px !important;}&#8220;][vc_row_inner content_width=&#8220;grid&#8220; css=&#8220;.vc_custom_1517561607231{padding-right: 15px !important;padding-left: 15px !important;}&#8220;][vc_column_inner width=&#8220;1\/3&#8243; css=&#8220;.vc_custom_1517563564915{margin-bottom: 20px !important;padding-top: 20px !important;padding-right: 20px !important;padding-bottom: 20px !important;padding-left: 20px !important;background-color: rgba(234,234,234,0.01) !important;*background-color: rgb(234,234,234) !important;}&#8220;][vc_column_text]<strong>Innosuisse<\/strong><\/p>\n<p>Start-up Coaching Support<br \/>\nEinsteinstrasse 2<br \/>\n3005 Bern<\/p>\n<p>T +41 58 483 96 73<br \/>\n<a title=\"&#x6f;&#x66;&#x66;&#x69;&#99;&#101;&#64;fr&#x69;&#x75;&#x70;&#x2e;&#x63;&#104;\" href=\"&#109;&#x61;i&#x6c;t&#111;&#x3a;o&#x66;f&#105;&#x63;e&#x40;f&#x72;&#x69;u&#x70;.&#x63;h\" target=\"_blank\" rel=\"noopener noreferrer\">&#115;&#x74;&#97;&#x72;&#116;&#x75;&#112;&#x40;&#105;&#x6e;n&#x6f;s&#x75;i&#x73;s&#x65;.&#x63;h<\/a><br \/>\n<a title=\"www.friup.ch\" href=\"https:\/\/www.innosuisse.ch\/inno\/de\/home.html\" target=\"_blank\" rel=\"noopener noreferrer\">www.innosuisse.ch<\/a>[\/vc_column_text][\/vc_column_inner][vc_column_inner width=&#8220;1\/3&#8243;][\/vc_column_inner][vc_column_inner width=&#8220;1\/3&#8243;][\/vc_column_inner][\/vc_row_inner]<\/div>\n<div class=\"mkd-tab-container\"  id=\"tab-platinn-814\" data-icon-pack=\"font_awesome\" data-icon-html=\"&lt;i class=&quot;mkd-icon-font-awesome fa  &quot; &gt;&lt;\/i&gt;\">\n\t[vc_column_text]<\/p>\n<h4>Coachings f\u00f6rdern Ihre Wettbewerbsf\u00e4higkeit<\/h4>\n<p><strong><a title=\"platinn\" href=\"https:\/\/platinn.ch\/?lang=de\" target=\"_blank\" rel=\"noopener noreferrer\">platinn <\/a><\/strong>bietet Coaching-Dienstleistungen f\u00fcr Start-ups und KMUs in der Westschweiz an. Das Coaching-Programm f\u00f6rdert durch sein Angebot die Innovations- und Wettbewerbsf\u00e4higkeit der Unternehmen. Um diese bei ihren unternehmerischen Innovationsprojekten zu begleiten, st\u00fctzt sich das Netzwerk auf die Expertise von rund sechzig akkreditierten Coaches in den folgenden Dienstleistungsbereichen:<\/p>\n<ul>\n<li>Gesch\u00e4ftsentwicklung &#8211; wirtschaftliche und kommerzielle Entwicklung<\/li>\n<li>Kooperation &#8211; Suche von Partnerschaften<\/li>\n<li>Organisation &#8211; Prozessoptimierung und Ressourcenentwicklung<\/li>\n<li>Finanzen \u2013 Finanzierungsstrategien f\u00fcr Unternehmen<\/li>\n<\/ul>\n<p>Die Coaches besitzen ebenso die M\u00f6glichkeit, Spezialisten zu involvieren, wenn es um Fragen in spezifischen Bereichen, wie z.B. geistiges Eigentum oder Rechtsfragen geht.<\/p>\n<p><iframe loading=\"lazy\"  id=\"_ytid_48452\"  width=\"1060\" height=\"596\"  data-origwidth=\"1060\" data-origheight=\"596\" src=\"https:\/\/www.youtube.com\/embed\/18XInnTDvg8?enablejsapi=1&autoplay=0&cc_load_policy=0&cc_lang_pref=&iv_load_policy=1&loop=0&rel=1&fs=1&playsinline=0&autohide=2&theme=dark&color=red&controls=1&disablekb=0&\" class=\"__youtube_prefs__  no-lazyload\" title=\"YouTube player\"  allow=\"fullscreen; accelerometer; autoplay; clipboard-write; encrypted-media; gyroscope; picture-in-picture; web-share\" referrerpolicy=\"strict-origin-when-cross-origin\" allowfullscreen data-no-lazy=\"1\" data-skipgform_ajax_framebjll=\"\"><\/iframe>[\/vc_column_text][vc_text_separator title=&#8220;Kontakt&#8220; title_align=&#8220;separator_align_left&#8220; align=&#8220;align_right&#8220; css=&#8220;.vc_custom_1517563713716{margin-top: 20px !important;}&#8220;][vc_row_inner content_width=&#8220;grid&#8220; css=&#8220;.vc_custom_1517561607231{padding-right: 15px !important;padding-left: 15px !important;}&#8220;][vc_column_inner width=&#8220;1\/3&#8243; css=&#8220;.vc_custom_1517563564915{margin-bottom: 20px !important;padding-top: 20px !important;padding-right: 20px !important;padding-bottom: 20px !important;padding-left: 20px !important;background-color: rgba(234,234,234,0.01) !important;*background-color: rgb(234,234,234) !important;}&#8220;][vc_column_text]<strong>platinn<\/strong><\/p>\n<p><strong>Patrick Albert<br \/>\n<\/strong>Direktor<br \/>\nRue de Romont 33<br \/>\nPostfach 1205<br \/>\n1701 Freiburg<\/p>\n<p>T +41 26 347 48 48<br \/>\n<a title=\"i&#110;&#x66;&#x6f;&#64;p&#x6c;&#x61;ti&#110;&#x6e;&#x2e;c&#104;\" href=\"m&#x61;i&#108;&#x74;o&#x3a;i&#110;&#x66;o&#x40;&#x70;l&#x61;t&#105;&#x6e;n&#x2e;&#x63;h\" target=\"_blank\" rel=\"noopener noreferrer\">&#105;n&#x66;o&#x40;p&#x6c;a&#x74;&#105;&#x6e;&#110;.&#x63;h<\/a><br \/>\n<a title=\"www.platinn.ch\" href=\"https:\/\/platinn.ch\/?lang=de\" target=\"_blank\" rel=\"noopener noreferrer\">www.platinn.ch<\/a>[\/vc_column_text][\/vc_column_inner][vc_column_inner width=&#8220;1\/3&#8243;][\/vc_column_inner][vc_column_inner width=&#8220;1\/3&#8243;][\/vc_column_inner][\/vc_row_inner]<\/div>\n<\/div>\n\n[\/vc_column][\/vc_row]<\/p>\n<\/div>","protected":false},"excerpt":{"rendered":"<p>[vc_row row_type=&#8220;parallax&#8220; full_screen_section_height=&#8220;no&#8220; css=&#8220;.vc_custom_1500456852303{margin-top: 0px !important;margin-right: 0px !important;margin-bottom: 0px !important;margin-left: 0px !important;padding-top: 0px !important;padding-right: 0px !important;padding-bottom: 0px !important;padding-left: 0px !important;background-color: #002c77 !important;}&#8220;][vc_column css=&#8220;.vc_custom_1500387896779{padding-top: 0px !important;padding-right: 0px !important;padding-bottom: 0px !important;padding-left: 0px !important;}&#8220;][vc_row_inner content_width=&#8220;grid&#8220; css=&#8220;.vc_custom_1500457336512{padding-top: 0px !important;padding-right: 0px !important;padding-bottom: 0px !important;padding-left: 0px !important;}&#8220; el_class=&#8220;bannerservices&#8220;][vc_column_inner width=&#8220;1\/2&#8243;][vc_empty_space height=&#8220;30px&#8220;][vc_column_text][\/vc_column_text][vc_empty_space height=&#8220;30px&#8220;][\/vc_column_inner][vc_column_inner&#8230;<\/p>\n","protected":false},"author":2,"featured_media":0,"parent":11142,"menu_order":0,"comment_status":"closed","ping_status":"closed","template":"full-width.php","meta":{"footnotes":""},"tags":[],"class_list":["post-11201","page","type-page","status-publish","hentry"],"yoast_head":"<!-- This site is optimized with the Yoast SEO plugin v26.9 - https:\/\/yoast.com\/product\/yoast-seo-wordpress\/ -->\n<title>Coaching - Wirtschaftsf\u00f6rderung WIF<\/title>\n<meta name=\"robots\" content=\"index, follow, max-snippet:-1, max-image-preview:large, max-video-preview:-1\" \/>\n<link rel=\"canonical\" href=\"https:\/\/www.promfr.ch\/de\/grunden\/coaching\/\" \/>\n<meta property=\"og:locale\" content=\"de_DE\" \/>\n<meta property=\"og:type\" content=\"article\" \/>\n<meta property=\"og:title\" content=\"Coaching - Wirtschaftsf\u00f6rderung WIF\" \/>\n<meta property=\"og:description\" content=\"[vc_row row_type=&#8220;parallax&#8220; full_screen_section_height=&#8220;no&#8220; css=&#8220;.vc_custom_1500456852303{margin-top: 0px !important;margin-right: 0px !important;margin-bottom: 0px !important;margin-left: 0px !important;padding-top: 0px !important;padding-right: 0px !important;padding-bottom: 0px !important;padding-left: 0px !important;background-color: #002c77 !important;}&#8220;][vc_column css=&#8220;.vc_custom_1500387896779{padding-top: 0px !important;padding-right: 0px !important;padding-bottom: 0px !important;padding-left: 0px !important;}&#8220;][vc_row_inner content_width=&#8220;grid&#8220; css=&#8220;.vc_custom_1500457336512{padding-top: 0px !important;padding-right: 0px !important;padding-bottom: 0px !important;padding-left: 0px !important;}&#8220; el_class=&#8220;bannerservices&#8220;][vc_column_inner width=&#8220;1\/2&#8243;][vc_empty_space height=&#8220;30px&#8220;][vc_column_text][\/vc_column_text][vc_empty_space height=&#8220;30px&#8220;][\/vc_column_inner][vc_column_inner...\" \/>\n<meta property=\"og:url\" content=\"https:\/\/www.promfr.ch\/de\/grunden\/coaching\/\" \/>\n<meta property=\"og:site_name\" content=\"Wirtschaftsf\u00f6rderung WIF\" \/>\n<meta property=\"article:modified_time\" content=\"2023-01-30T07:43:31+00:00\" \/>\n<meta name=\"twitter:card\" content=\"summary_large_image\" \/>\n<meta name=\"twitter:site\" content=\"@promfr\" \/>\n<script type=\"application\/ld+json\" class=\"yoast-schema-graph\">{\"@context\":\"https:\/\/schema.org\",\"@graph\":[{\"@type\":\"WebPage\",\"@id\":\"https:\/\/www.promfr.ch\/de\/grunden\/coaching\/\",\"url\":\"https:\/\/www.promfr.ch\/de\/grunden\/coaching\/\",\"name\":\"Coaching - Wirtschaftsf\u00f6rderung WIF\",\"isPartOf\":{\"@id\":\"https:\/\/www.promfr.ch\/#website\"},\"datePublished\":\"2018-09-20T15:26:41+00:00\",\"dateModified\":\"2023-01-30T07:43:31+00:00\",\"breadcrumb\":{\"@id\":\"https:\/\/www.promfr.ch\/de\/grunden\/coaching\/#breadcrumb\"},\"inLanguage\":\"de\",\"potentialAction\":[{\"@type\":\"ReadAction\",\"target\":[\"https:\/\/www.promfr.ch\/de\/grunden\/coaching\/\"]}]},{\"@type\":\"BreadcrumbList\",\"@id\":\"https:\/\/www.promfr.ch\/de\/grunden\/coaching\/#breadcrumb\",\"itemListElement\":[{\"@type\":\"ListItem\",\"position\":1,\"name\":\"Accueil\",\"item\":\"https:\/\/www.promfr.ch\/de\/\"},{\"@type\":\"ListItem\",\"position\":2,\"name\":\"Gr\u00fcnden\",\"item\":\"https:\/\/www.promfr.ch\/de\/grunden\/\"},{\"@type\":\"ListItem\",\"position\":3,\"name\":\"Coaching\"}]},{\"@type\":\"WebSite\",\"@id\":\"https:\/\/www.promfr.ch\/#website\",\"url\":\"https:\/\/www.promfr.ch\/\",\"name\":\"Promotion \u00e9conomique du canton de Fribourg (PromFR)\",\"description\":\"FRIBOURG, THE PLACE TO GROW!\",\"publisher\":{\"@id\":\"https:\/\/www.promfr.ch\/#organization\"},\"alternateName\":\"Wirtschaftsf\u00f6rderung Kanton Freiburg (WIF)\",\"potentialAction\":[{\"@type\":\"SearchAction\",\"target\":{\"@type\":\"EntryPoint\",\"urlTemplate\":\"https:\/\/www.promfr.ch\/?s={search_term_string}\"},\"query-input\":{\"@type\":\"PropertyValueSpecification\",\"valueRequired\":true,\"valueName\":\"search_term_string\"}}],\"inLanguage\":\"de\"},{\"@type\":\"Organization\",\"@id\":\"https:\/\/www.promfr.ch\/#organization\",\"name\":\"Promotion \u00e9conomique du canton de Fribourg (PromFR)\",\"alternateName\":\"Wirtschaftsf\u00f6rderung Kanton Freiburg (WIF)\",\"url\":\"https:\/\/www.promfr.ch\/\",\"logo\":{\"@type\":\"ImageObject\",\"inLanguage\":\"de\",\"@id\":\"https:\/\/www.promfr.ch\/#\/schema\/logo\/image\/\",\"url\":\"https:\/\/www.promfr.ch\/wp-content\/uploads\/2017\/07\/promotion-economique-fribourg-logo.png\",\"contentUrl\":\"https:\/\/www.promfr.ch\/wp-content\/uploads\/2017\/07\/promotion-economique-fribourg-logo.png\",\"width\":515,\"height\":156,\"caption\":\"Promotion \u00e9conomique du canton de Fribourg (PromFR)\"},\"image\":{\"@id\":\"https:\/\/www.promfr.ch\/#\/schema\/logo\/image\/\"},\"sameAs\":[\"https:\/\/x.com\/promfr\",\"https:\/\/www.linkedin.com\/company\/promfr\",\"https:\/\/www.youtube.com\/user\/promfr\"]}]}<\/script>\n<!-- \/ Yoast SEO plugin. -->","yoast_head_json":{"title":"Coaching - Wirtschaftsf\u00f6rderung WIF","robots":{"index":"index","follow":"follow","max-snippet":"max-snippet:-1","max-image-preview":"max-image-preview:large","max-video-preview":"max-video-preview:-1"},"canonical":"https:\/\/www.promfr.ch\/de\/grunden\/coaching\/","og_locale":"de_DE","og_type":"article","og_title":"Coaching - Wirtschaftsf\u00f6rderung WIF","og_description":"[vc_row row_type=&#8220;parallax&#8220; full_screen_section_height=&#8220;no&#8220; css=&#8220;.vc_custom_1500456852303{margin-top: 0px !important;margin-right: 0px !important;margin-bottom: 0px !important;margin-left: 0px !important;padding-top: 0px !important;padding-right: 0px !important;padding-bottom: 0px !important;padding-left: 0px !important;background-color: #002c77 !important;}&#8220;][vc_column css=&#8220;.vc_custom_1500387896779{padding-top: 0px !important;padding-right: 0px !important;padding-bottom: 0px !important;padding-left: 0px !important;}&#8220;][vc_row_inner content_width=&#8220;grid&#8220; css=&#8220;.vc_custom_1500457336512{padding-top: 0px !important;padding-right: 0px !important;padding-bottom: 0px !important;padding-left: 0px !important;}&#8220; el_class=&#8220;bannerservices&#8220;][vc_column_inner width=&#8220;1\/2&#8243;][vc_empty_space height=&#8220;30px&#8220;][vc_column_text][\/vc_column_text][vc_empty_space height=&#8220;30px&#8220;][\/vc_column_inner][vc_column_inner...","og_url":"https:\/\/www.promfr.ch\/de\/grunden\/coaching\/","og_site_name":"Wirtschaftsf\u00f6rderung WIF","article_modified_time":"2023-01-30T07:43:31+00:00","twitter_card":"summary_large_image","twitter_site":"@promfr","schema":{"@context":"https:\/\/schema.org","@graph":[{"@type":"WebPage","@id":"https:\/\/www.promfr.ch\/de\/grunden\/coaching\/","url":"https:\/\/www.promfr.ch\/de\/grunden\/coaching\/","name":"Coaching - Wirtschaftsf\u00f6rderung WIF","isPartOf":{"@id":"https:\/\/www.promfr.ch\/#website"},"datePublished":"2018-09-20T15:26:41+00:00","dateModified":"2023-01-30T07:43:31+00:00","breadcrumb":{"@id":"https:\/\/www.promfr.ch\/de\/grunden\/coaching\/#breadcrumb"},"inLanguage":"de","potentialAction":[{"@type":"ReadAction","target":["https:\/\/www.promfr.ch\/de\/grunden\/coaching\/"]}]},{"@type":"BreadcrumbList","@id":"https:\/\/www.promfr.ch\/de\/grunden\/coaching\/#breadcrumb","itemListElement":[{"@type":"ListItem","position":1,"name":"Accueil","item":"https:\/\/www.promfr.ch\/de\/"},{"@type":"ListItem","position":2,"name":"Gr\u00fcnden","item":"https:\/\/www.promfr.ch\/de\/grunden\/"},{"@type":"ListItem","position":3,"name":"Coaching"}]},{"@type":"WebSite","@id":"https:\/\/www.promfr.ch\/#website","url":"https:\/\/www.promfr.ch\/","name":"Promotion \u00e9conomique du canton de Fribourg (PromFR)","description":"FRIBOURG, THE PLACE TO GROW!","publisher":{"@id":"https:\/\/www.promfr.ch\/#organization"},"alternateName":"Wirtschaftsf\u00f6rderung Kanton Freiburg (WIF)","potentialAction":[{"@type":"SearchAction","target":{"@type":"EntryPoint","urlTemplate":"https:\/\/www.promfr.ch\/?s={search_term_string}"},"query-input":{"@type":"PropertyValueSpecification","valueRequired":true,"valueName":"search_term_string"}}],"inLanguage":"de"},{"@type":"Organization","@id":"https:\/\/www.promfr.ch\/#organization","name":"Promotion \u00e9conomique du canton de Fribourg (PromFR)","alternateName":"Wirtschaftsf\u00f6rderung Kanton Freiburg (WIF)","url":"https:\/\/www.promfr.ch\/","logo":{"@type":"ImageObject","inLanguage":"de","@id":"https:\/\/www.promfr.ch\/#\/schema\/logo\/image\/","url":"https:\/\/www.promfr.ch\/wp-content\/uploads\/2017\/07\/promotion-economique-fribourg-logo.png","contentUrl":"https:\/\/www.promfr.ch\/wp-content\/uploads\/2017\/07\/promotion-economique-fribourg-logo.png","width":515,"height":156,"caption":"Promotion \u00e9conomique du canton de Fribourg (PromFR)"},"image":{"@id":"https:\/\/www.promfr.ch\/#\/schema\/logo\/image\/"},"sameAs":["https:\/\/x.com\/promfr","https:\/\/www.linkedin.com\/company\/promfr","https:\/\/www.youtube.com\/user\/promfr"]}]}},"_links":{"self":[{"href":"https:\/\/www.promfr.ch\/de\/wp-json\/wp\/v2\/pages\/11201","targetHints":{"allow":["GET"]}}],"collection":[{"href":"https:\/\/www.promfr.ch\/de\/wp-json\/wp\/v2\/pages"}],"about":[{"href":"https:\/\/www.promfr.ch\/de\/wp-json\/wp\/v2\/types\/page"}],"author":[{"embeddable":true,"href":"https:\/\/www.promfr.ch\/de\/wp-json\/wp\/v2\/users\/2"}],"replies":[{"embeddable":true,"href":"https:\/\/www.promfr.ch\/de\/wp-json\/wp\/v2\/comments?post=11201"}],"version-history":[{"count":19,"href":"https:\/\/www.promfr.ch\/de\/wp-json\/wp\/v2\/pages\/11201\/revisions"}],"predecessor-version":[{"id":19619,"href":"https:\/\/www.promfr.ch\/de\/wp-json\/wp\/v2\/pages\/11201\/revisions\/19619"}],"up":[{"embeddable":true,"href":"https:\/\/www.promfr.ch\/de\/wp-json\/wp\/v2\/pages\/11142"}],"wp:attachment":[{"href":"https:\/\/www.promfr.ch\/de\/wp-json\/wp\/v2\/media?parent=11201"}],"wp:term":[{"taxonomy":"post_tag","embeddable":true,"href":"https:\/\/www.promfr.ch\/de\/wp-json\/wp\/v2\/tags?post=11201"}],"curies":[{"name":"wp","href":"https:\/\/api.w.org\/{rel}","templated":true}]}}