{"id":11234,"date":"2018-09-20T18:43:50","date_gmt":"2018-09-20T16:43:50","guid":{"rendered":"http:\/\/www.promfr.ch\/grunden\/finanzierung\/"},"modified":"2025-11-20T13:35:56","modified_gmt":"2025-11-20T12:35:56","slug":"finanzierung","status":"publish","type":"page","link":"https:\/\/www.promfr.ch\/de\/grunden\/finanzierung\/","title":{"rendered":"Finanzierung"},"content":{"rendered":"<div class=\"wpb-content-wrapper\"><p>[vc_row row_type=&#8220;parallax&#8220; full_screen_section_height=&#8220;no&#8220; css=&#8220;.vc_custom_1500456852303{margin-top: 0px !important;margin-right: 0px !important;margin-bottom: 0px !important;margin-left: 0px !important;padding-top: 0px !important;padding-right: 0px !important;padding-bottom: 0px !important;padding-left: 0px !important;background-color: #002c77 !important;}&#8220;][vc_column css=&#8220;.vc_custom_1500387896779{padding-top: 0px !important;padding-right: 0px !important;padding-bottom: 0px !important;padding-left: 0px !important;}&#8220;][vc_row_inner content_width=&#8220;grid&#8220; css=&#8220;.vc_custom_1500457336512{padding-top: 0px !important;padding-right: 0px !important;padding-bottom: 0px !important;padding-left: 0px !important;}&#8220; el_class=&#8220;bannerservices&#8220;][vc_column_inner width=&#8220;1\/2&#8243;][vc_empty_space height=&#8220;30px&#8220;]<div class=\"mkd-iwt clearfix mkd-iwt-icon-left mkd-iwt-icon-tiny\">\n\t<div class=\"mkd-iwt-icon-holder\">\n\t\t\t\t\t\n\t<span class=\"mkd-icon-shortcode normal mkd-icon-tiny\"  data-hover-color=\"#ffffff\" data-color=\"#ffffff\">\n        \n\t\t\t<i class=\"mkd-icon-dripicons dripicon dripicon-graph-line mkd-icon-element\" style=\"color: #ffffff\" ><\/i>\n\t\t\t    <\/span>\n\n\t\t\t\t<\/div>\n\t<div class=\"mkd-iwt-content-holder\" style=\"padding-left: 40px\">\n\t\t<div class=\"mkd-iwt-title-holder\">\n\t\t\t<h4 style=\"color: #ffffff;text-transform: none;font-weight: 700\">Finanzierung<\/h4>\n\t<\/div>\n\t<div class=\"mkd-iwt-text-holder\">\n\t\t<p ><\/p>\n\n\t\t\t<\/div>\n<\/div>\n<\/div>[vc_column_text][\/vc_column_text][vc_empty_space height=&#8220;30px&#8220;][\/vc_column_inner][vc_column_inner width=&#8220;1\/2&#8243;][\/vc_column_inner][\/vc_row_inner][\/vc_column][\/vc_row][vc_row][vc_column][vc_column_text]<\/p>\n<p>[\/vc_column_text][\/vc_column][\/vc_row][vc_row content_width=&#8220;grid&#8220; css=&#8220;.vc_custom_1500464021534{padding-top: 20px !important;padding-bottom: 50px !important;}&#8220;][vc_column][vc_column_text] Der Kanton Freiburg unterst\u00fctzt die Unternehmensgr\u00fcndung \u00fcber verschiedene Institutionen und Fonds, die in den verschiedenen Entwicklungsschritten f\u00fcr die Finanzierung in Frage kommen. Die Stiftung\u00a0<strong><a title=\"Seed Capital Fribourg\" href=\"https:\/\/www.seedcapital-fr.ch\/?lang=de\">Seed Capital Freiburg<\/a><\/strong>,\u00a0die <strong><a title=\"Capital Risque Fribourg\" href=\"https:\/\/capitalrisque-fr.ch\/startseite.html\">Risiko Kapital Freiburg AG<\/a>\u00a0<\/strong>und die <strong><a href=\"https:\/\/www.cautionnementromand.ch\/de\/\">B\u00fcrgschaft Westschweiz<\/a><\/strong> bieten den Unternehmern eine geeignete Finanzierung an. Jungunternehmen, die sich im Kanton Freiburg ansiedeln wollen, erhalten zudem aktive Unterst\u00fctzung durch die Wirtschaftsf\u00f6rderung, um auf dem Schweizer Markt an potenzielle Kapitalgeber zu gelangen. [\/vc_column_text][vc_empty_space height=&#8220;30px&#8220;]<div class=\"mkd-tabs mkd-vertical mkd-tab-text clearfix\">\n\t<ul class=\"mkd-tabs-nav\">\n\t\t\t\t\t<li>\n\t\t\t\t<a href=\"#tab-seed-capital-freiburg\" class=\"active-tab-style-1\">\n\t\t\t\t\t<span class=\"mkd-tab-title-subtitle\">\n\t\t\t\t\t\t<span class=\"mkd-tab-title\">\n\t\t\t\t\t\t\tSeed Capital Freiburg\t\t\t\t\t\t<\/span>\n\t\t\t\t\t\t<span class=\"mkd-tab-subtitle\">\n\t\t\t\t\t\t\t\t\t\t\t\t\t<\/span>\n\t\t\t\t\t<\/span>\n\t\t\t\t<\/a>\n\t\t\t<\/li>\n\t\t\t\t\t<li>\n\t\t\t\t<a href=\"#tab-risiko-kapital-freiburg\" class=\"active-tab-style-1\">\n\t\t\t\t\t<span class=\"mkd-tab-title-subtitle\">\n\t\t\t\t\t\t<span class=\"mkd-tab-title\">\n\t\t\t\t\t\t\tRisiko Kapital Freiburg\t\t\t\t\t\t<\/span>\n\t\t\t\t\t\t<span class=\"mkd-tab-subtitle\">\n\t\t\t\t\t\t\t\t\t\t\t\t\t<\/span>\n\t\t\t\t\t<\/span>\n\t\t\t\t<\/a>\n\t\t\t<\/li>\n\t\t\t\t\t<li>\n\t\t\t\t<a href=\"#tab-buergschaft-westschweiz\" class=\"active-tab-style-1\">\n\t\t\t\t\t<span class=\"mkd-tab-title-subtitle\">\n\t\t\t\t\t\t<span class=\"mkd-tab-title\">\n\t\t\t\t\t\t\tB\u00fcrgschaft Westschweiz\t\t\t\t\t\t<\/span>\n\t\t\t\t\t\t<span class=\"mkd-tab-subtitle\">\n\t\t\t\t\t\t\t\t\t\t\t\t\t<\/span>\n\t\t\t\t\t<\/span>\n\t\t\t\t<\/a>\n\t\t\t<\/li>\n\t\t\t\t\t<li>\n\t\t\t\t<a href=\"#tab-innosuisse\" class=\"active-tab-style-1\">\n\t\t\t\t\t<span class=\"mkd-tab-title-subtitle\">\n\t\t\t\t\t\t<span class=\"mkd-tab-title\">\n\t\t\t\t\t\t\tInnosuisse\t\t\t\t\t\t<\/span>\n\t\t\t\t\t\t<span class=\"mkd-tab-subtitle\">\n\t\t\t\t\t\t\t\t\t\t\t\t\t<\/span>\n\t\t\t\t\t<\/span>\n\t\t\t\t<\/a>\n\t\t\t<\/li>\n\t\t\t\t\t<li>\n\t\t\t\t<a href=\"#tab-effort-fribourg\" class=\"active-tab-style-1\">\n\t\t\t\t\t<span class=\"mkd-tab-title-subtitle\">\n\t\t\t\t\t\t<span class=\"mkd-tab-title\">\n\t\t\t\t\t\t\tEffort Fribourg\t\t\t\t\t\t<\/span>\n\t\t\t\t\t\t<span class=\"mkd-tab-subtitle\">\n\t\t\t\t\t\t\t\t\t\t\t\t\t<\/span>\n\t\t\t\t\t<\/span>\n\t\t\t\t<\/a>\n\t\t\t<\/li>\n\t\t\t\t<li class=\"mkd-tab-line\"><span class=\"mkd-tab-line-inner \"><\/span><\/li>\n\t<\/ul>\n\t<div class=\"mkd-tab-container\"  id=\"tab-seed-capital-freiburg-488\" data-icon-pack=\"font_awesome\" data-icon-html=\"&lt;i class=&quot;mkd-icon-font-awesome fa  &quot; &gt;&lt;\/i&gt;\">\n\t[vc_column_text]<\/p>\n<h4>Mittel zur Pr\u00fcfung der Tragbarkeit Ihres Projekts<\/h4>\n<p>Die Stiftung\u00a0<strong><a title=\"Seed Capital Fribourg\" href=\"http:\/\/www.seedcapital-fr.ch\/\" target=\"_blank\" rel=\"noopener noreferrer\">Seed Capital Fribourg<\/a><\/strong> gew\u00e4hrt sogenannte \u00abSeed-Darlehen\u00bb oder \u00abStartdarlehen\u00bb f\u00fcr Projekte, die hinsichtlich ihrer technischen und kaufm\u00e4nnischen Durchf\u00fchrbarkeit gepr\u00fcft werden. Das Darlehen erm\u00f6glicht es beispielsweise den Projekttr\u00e4gern, die Marktbed\u00fcrfnisse besser zu kennen, indem sie potenzielle Firmenkunden treffen, die Spezifikationen des Produkts zu bestimmen und einen ersten Prototyp zu entwickeln, der zeigen soll, dass die Idee tats\u00e4chlich Marktpotenzial hat. [\/vc_column_text][vc_text_separator title=&#8220;Kontakt&#8220; title_align=&#8220;separator_align_left&#8220; css=&#8220;.vc_custom_1517564083596{margin-top: 20px !important;}&#8220;][vc_column_text]<\/p>\n<p><strong>Stiftung Seed Capital Freiburg<br \/>\n<\/strong>c\/o Fri Up<br \/>\nPassage du Cardinal 11<br \/>\n1700 Freiburg<\/p>\n<p>T +41 26 425 45 00<br \/>\n<a title=\"in&#102;&#x6f;&#x40;&#x73;eed&#99;&#x61;&#x70;&#x69;ta&#108;&#45;&#x66;&#x72;&#x2e;ch\" href=\"&#x6d;&#x61;il&#x74;&#x6f;&#58;in&#x66;&#x6f;&#64;se&#x65;&#x64;&#99;ap&#x69;&#x74;al&#x2d;&#x66;&#114;.c&#x68;\" target=\"_blank\" rel=\"noopener noreferrer\">&#x69;n&#x66;&#x6f;&#64;&#x73;&#101;e&#x64;&#99;a&#x70;&#105;t&#x61;&#108;-&#x66;r&#x2e;&#x63;h<\/a><br \/>\n<a title=\"www.seedcapital-fr.ch\" href=\"https:\/\/www.seedcapital-fr.ch\/?lang=de\" target=\"_blank\" rel=\"noopener noreferrer\">www.seedcapital-fr.ch<\/a><\/p>\n<p>[\/vc_column_text]<\/div>\n<div class=\"mkd-tab-container\"  id=\"tab-risiko-kapital-freiburg-313\" data-icon-pack=\"font_awesome\" data-icon-html=\"&lt;i class=&quot;mkd-icon-font-awesome fa  &quot; &gt;&lt;\/i&gt;\">\n\t[vc_column_text]<\/p>\n<h4>Finanzierung der ersten Schritte am Markt<\/h4>\n<p>Die <strong><a href=\"https:\/\/capitalrisque-fr.ch\/startseite.html\" target=\"_blank\" rel=\"noopener noreferrer\">Risiko Kapital Freiburg AG<\/a><\/strong>\u00a0richtet sich an innovative Unternehmen, die im Kanton Freiburg Arbeitspl\u00e4tze schaffen und Produkte mit hohem Wachstumspotenzial entwickeln. Sie unterst\u00fctzt die Unternehmen in erster Linie in der Phase, in der sich ihre Entwicklung beschleunigt, wenn die Machbarkeit des Projekts erwiesen ist und die ersten Verk\u00e4ufe erfolgt sind. Risikokapital Freiburg verf\u00fcgt \u00fcber ein Kapital von CHF 12&#8217;000&#8217;000 und beteiligt sich in Form von zeitlich befristeten Minderheitsbeteiligungen, bis zu einem maximalen Betrag von CHF 750&#8217;000 pro Unternehmen. Diese Finanzierung erfolgt zusammen mit anderen Investoren im Rahmen von Finanzierungsrunden in der H\u00f6he von CHF 1 bis 3 Millionen. [\/vc_column_text][vc_text_separator title=&#8220;Kontakt&#8220; title_align=&#8220;separator_align_left&#8220; css=&#8220;.vc_custom_1517564083596{margin-top: 20px !important;}&#8220;][vc_column_text css=&#8220;&#8220;]<strong>Risiko Kapital Freiburg AG<\/strong> <strong>Fran\u00e7oise Cudr\u00e9-Mauroux<br \/>\n<\/strong>c\/o Wirtschaftsf\u00f6rderung Kanton Freiburg<br \/>\nP\u00e9rolles 25<br \/>\nPostfach<br \/>\n1701 Freiburg<\/p>\n<p>T +41 26 304 14 00<br \/>\n<a title=\"i&#x6e;f&#111;&#x40;c&#x61;&#x70;i&#x74;a&#108;&#x72;i&#115;&#x71;u&#x65;-&#102;&#x72;.&#99;&#x68;\" href=\"m&#x61;&#x69;l&#x74;&#x6f;:&#x69;&#x6e;f&#x6f;&#x40;c&#x61;&#x70;i&#x74;&#x61;l&#x72;&#x69;s&#x71;&#x75;e&#x2d;&#x66;r&#x2e;&#x63;h\" target=\"_blank\" rel=\"noopener noreferrer\">&#105;n&#x66;o&#x40;c&#x61;p&#x69;t&#x61;l&#x72;i&#x73;q&#x75;e&#x2d;&#102;&#x72;&#46;&#x63;&#104;<\/a><br \/>\n<a title=\" www.capitalrisque-fr.ch\" href=\"https:\/\/capitalrisque-fr.ch\/startseite.html\" target=\"_blank\" rel=\"noopener noreferrer\">www.capitalrisque-fr.ch<\/a>[\/vc_column_text][vc_column_text][\/vc_column_text]<\/div>\n<div class=\"mkd-tab-container\"  id=\"tab-buergschaft-westschweiz-33\" data-icon-pack=\"font_awesome\" data-icon-html=\"&lt;i class=&quot;mkd-icon-font-awesome fa  &quot; &gt;&lt;\/i&gt;\">\n\t[vc_column_text]<\/p>\n<h4>Eine B\u00fcrgschaft ebnet den Weg zu Bankkrediten<\/h4>\n<p><strong><a title=\"Cautionnement romand\" href=\"https:\/\/www.cautionnementromand.ch\/de\/\" target=\"_blank\" rel=\"noopener noreferrer\">B\u00fcrgschaft Westschweiz<\/a><\/strong>\u00a0f\u00f6rdert den Zugang zu Betriebs- oder Investitionskrediten von Banken. Dies f\u00fcr Selbstst\u00e4ndige und KMU (mit Ausnahme des Landwirtschaftssektors), die nicht \u00fcber die notwendigen Eigenmittel oder ausreichende Sicherheiten verf\u00fcgen, um ihr Projekt zu realisieren. Die Genossenschaft f\u00f6rdert die wirtschaftliche Entwicklung und die Schaffung von Arbeitspl\u00e4tzen in den Kantonen Freiburg, Genf, Neuenburg, Wallis und Waadt. Sie \u00fcbernimmt B\u00fcrgschaften f\u00fcr Kredite bis zu CHF 1&#8217;000\u2019000.\u2013 und deckt verschiedene Kreditbed\u00fcrfnisse ab (Gr\u00fcndung, \u00dcbernahme oder Ausbau eines Unternehmens). [\/vc_column_text][vc_text_separator title=&#8220;Kontakt&#8220; title_align=&#8220;separator_align_left&#8220; css=&#8220;.vc_custom_1517564083596{margin-top: 20px !important;}&#8220;][vc_column_text css=&#8220;&#8220;]<strong>B\u00fcrgschaft Freiburg<br \/>\n<\/strong>P\u00e9rolles 25<br \/>\nPostfach<br \/>\n1701 Freiburg<\/p>\n<p>T +41 26 323 10 20<br \/>\n<a title=\"&#x66;&#114;ib&#x6f;&#x75;rg&#x40;&#x63;au&#x74;&#x69;&#111;n&#x6e;&#x65;&#109;e&#x6e;&#x74;&#114;o&#x6d;&#x61;&#110;d.&#x63;&#x68;\" href=\"&#x6d;&#x61;&#x69;&#x6c;&#x74;&#x6f;&#x3a;&#x66;&#x72;&#x69;&#x62;&#x6f;&#x75;&#x72;&#x67;&#x40;&#x63;&#x61;&#x75;&#x74;&#x69;&#x6f;&#110;&#110;&#101;&#109;&#101;&#110;&#116;&#114;omand.ch\" target=\"_blank\" rel=\"noopener noreferrer\">fribourg&#64;caut&#105;&#111;&#110;&#110;&#101;&#x6d;&#x65;&#x6e;&#x74;&#x72;&#x6f;&#x6d;&#x61;&#x6e;&#x64;&#x2e;&#x63;&#x68;<\/a><br \/>\n<a title=\"www.cautionnementromand.ch\" href=\"https:\/\/www.cautionnementromand.ch\/de\/\" target=\"_blank\" rel=\"noopener noreferrer\">www.cautionnementromand.ch<\/a>[\/vc_column_text]<\/div>\n<div class=\"mkd-tab-container\"  id=\"tab-innosuisse-211\" data-icon-pack=\"font_awesome\" data-icon-html=\"&lt;i class=&quot;mkd-icon-font-awesome fa  &quot; &gt;&lt;\/i&gt;\">\n\t[vc_column_text]<\/p>\n<h4>Schweizerische Agentur f\u00fcr Innovationsf\u00f6rderung<\/h4>\n<p class=\"wpcolumn wpcolumn-1 wpcolumn-first\">Finanzieren Sie Ihre angewandte Forschung &amp; Entwicklung <strong><a href=\"http:\/\/www.innosuisse.ch\/\">Innosuisse<\/a><\/strong><span style=\"font-weight: 400;\"> ist eine \u00f6ffentlich-rechtliche Anstalt des Bundes. Sie f\u00f6rdert Innovationsprojekte, die Unternehmen und Hochschulen gemeinsam durchf\u00fchren, unterst\u00fctzt Start-ups und vernetzt KMU mit Forschungsinstitutionen. Innosuisse f\u00f6rdert nach dem Prinzip der Subsidiarit\u00e4t: Sie unterst\u00fctzt Projekte nur dann, wenn Innovationen ohne Finanzierung nicht zu Stande k\u00e4men oder Marktpotentiale ungenutzt blieben. Innosuisse hilft auch Jungunternehmen mit dem Start-up Training Programm, das sind massgeschneiderte Ausbildungsmodule.<\/span><\/p>\n<p>[\/vc_column_text][vc_text_separator title=&#8220;Kontakt&#8220; title_align=&#8220;separator_align_left&#8220; css=&#8220;.vc_custom_1517564083596{margin-top: 20px !important;}&#8220;][vc_column_text css=&#8220;&#8220;]<strong>Innosuisse<\/strong> <strong>Schweizerische Agentur f\u00fcr Innovationsf\u00f6rderung<br \/>\n<\/strong>Einsteinstrasse 2<br \/>\n3003 Bern<\/p>\n<p>T +41 58 461 61 61<br \/>\n<a title=\"&#x69;n&#x66;&#x6f;&#64;&#x6b;&#x74;i&#x2e;&#x61;d&#x6d;&#x69;n&#x2e;&#x63;h\" href=\"ma&#105;&#x6c;&#x74;o:i&#110;&#x66;&#x6f;&#64;in&#110;&#x6f;&#x73;ui&#115;&#x73;&#x65;&#x2e;ch\" target=\"_blank\" rel=\"noopener noreferrer\">i&#x6e;&#x66;o&#64;&#x69;n&#110;&#x6f;&#x73;u&#x69;&#x73;s&#101;&#x2e;c&#104;<\/a><br \/>\n<a title=\"www.kti.admin.ch\" href=\"http:\/\/www.innosuisse.ch\" target=\"_blank\" rel=\"noopener noreferrer\">www.innosuisse.ch<\/a>[\/vc_column_text][vc_column_text][\/vc_column_text]<\/div>\n<div class=\"mkd-tab-container\"  id=\"tab-effort-fribourg-511\" data-icon-pack=\"font_awesome\" data-icon-html=\"&lt;i class=&quot;mkd-icon-font-awesome fa  &quot; &gt;&lt;\/i&gt;\">\n\t[vc_column_text]<\/p>\n<h4>Unterst\u00fctzt die Gr\u00fcndung und Entwicklung von Unternehmen<\/h4>\n<p class=\"wpcolumn wpcolumn-1 wpcolumn-first\"><a href=\"https:\/\/effort-fribourg.ch\/de\/\"><strong>Effort Fribourg <\/strong><\/a>gew\u00e4hrt Darlehen in Form von Mikrokrediten bis zu CHF 30\u2019000, die dazu bestimmt sind, die Lancierung oder die Entwicklung von Gesch\u00e4fts-, Gewerbe- oder Dienstleistungsprojekten zu unterst\u00fctzen. Diese Darlehen sollen die Lancierung von Aktivit\u00e4ten erm\u00f6glichen, f\u00fcr die es im Allgemeinen schwierig ist, einen Bankkredit zu erhalten. Sie dienen der Entwicklung von neuen Gesch\u00e4ftsmodellen, von neuen Verfahren oder innovativen Produkten, dies auch in bereits aktiven Unternehmen. Effort Fribourg unterst\u00fctzt auch die Entwicklung von neuen Projekten, sie bietet eine Expertenberatung und eine Begleitung w\u00e4hrend der ganzen Laufzeit des Darlehens. F\u00fcr jedes Projekt kommen Sie in den Genuss unseres lokalen und beruflichen Netzwerks, um Sie zum Erfolg zu f\u00fchren.<\/p>\n<p>[\/vc_column_text][vc_text_separator title=&#8220;Kontakt&#8220; title_align=&#8220;separator_align_left&#8220; css=&#8220;.vc_custom_1517564083596{margin-top: 20px !important;}&#8220;][vc_column_text]<\/p>\n<p><strong>Effort Fribourg AG<br \/>\n<\/strong>Spitalgasse 2<br \/>\n1700 Freiburg<\/p>\n<p>T +41 26 351 72 13<br \/>\n<a href=\"https:\/\/effort-fribourg.ch\/de\/\" target=\"_blank\" rel=\"noopener noreferrer\">www.effort-fribourg.ch<\/a><\/p>\n<p>[\/vc_column_text][vc_column_text][\/vc_column_text]<\/div>\n<\/div>\n\n[\/vc_column][\/vc_row]<\/p>\n<\/div>","protected":false},"excerpt":{"rendered":"<p>[vc_row row_type=&#8220;parallax&#8220; full_screen_section_height=&#8220;no&#8220; css=&#8220;.vc_custom_1500456852303{margin-top: 0px !important;margin-right: 0px !important;margin-bottom: 0px !important;margin-left: 0px !important;padding-top: 0px !important;padding-right: 0px !important;padding-bottom: 0px !important;padding-left: 0px !important;background-color: #002c77 !important;}&#8220;][vc_column css=&#8220;.vc_custom_1500387896779{padding-top: 0px !important;padding-right: 0px !important;padding-bottom: 0px !important;padding-left: 0px !important;}&#8220;][vc_row_inner content_width=&#8220;grid&#8220; css=&#8220;.vc_custom_1500457336512{padding-top: 0px !important;padding-right: 0px !important;padding-bottom: 0px !important;padding-left: 0px !important;}&#8220; el_class=&#8220;bannerservices&#8220;][vc_column_inner width=&#8220;1\/2&#8243;][vc_empty_space height=&#8220;30px&#8220;][vc_column_text][\/vc_column_text][vc_empty_space height=&#8220;30px&#8220;][\/vc_column_inner][vc_column_inner&#8230;<\/p>\n","protected":false},"author":2,"featured_media":0,"parent":11142,"menu_order":0,"comment_status":"closed","ping_status":"closed","template":"full-width.php","meta":{"footnotes":""},"tags":[],"class_list":["post-11234","page","type-page","status-publish","hentry"],"yoast_head":"<!-- This site is optimized with the Yoast SEO plugin v26.9 - https:\/\/yoast.com\/product\/yoast-seo-wordpress\/ -->\n<title>Finanzierung - Wirtschaftsf\u00f6rderung WIF<\/title>\n<meta name=\"description\" content=\"PromFR - Financement : Le canton de Fribourg soutient la cr\u00e9ation d\u2019entreprises gr\u00e2ce \u00e0 de nombreuses institutions et fonds susceptibles de financer les \u00e9tapes du lancement.\" \/>\n<meta name=\"robots\" content=\"index, follow, max-snippet:-1, max-image-preview:large, max-video-preview:-1\" \/>\n<link rel=\"canonical\" href=\"https:\/\/www.promfr.ch\/de\/grunden\/finanzierung\/\" \/>\n<meta property=\"og:locale\" content=\"de_DE\" \/>\n<meta property=\"og:type\" content=\"article\" \/>\n<meta property=\"og:title\" content=\"Finanzierung - Wirtschaftsf\u00f6rderung WIF\" \/>\n<meta property=\"og:description\" content=\"PromFR - Financement : Le canton de Fribourg soutient la cr\u00e9ation d\u2019entreprises gr\u00e2ce \u00e0 de nombreuses institutions et fonds susceptibles de financer les \u00e9tapes du lancement.\" \/>\n<meta property=\"og:url\" content=\"https:\/\/www.promfr.ch\/de\/grunden\/finanzierung\/\" \/>\n<meta property=\"og:site_name\" content=\"Wirtschaftsf\u00f6rderung WIF\" \/>\n<meta property=\"article:modified_time\" content=\"2025-11-20T12:35:56+00:00\" \/>\n<meta name=\"twitter:card\" content=\"summary_large_image\" \/>\n<meta name=\"twitter:site\" content=\"@promfr\" \/>\n<script type=\"application\/ld+json\" class=\"yoast-schema-graph\">{\"@context\":\"https:\/\/schema.org\",\"@graph\":[{\"@type\":\"WebPage\",\"@id\":\"https:\/\/www.promfr.ch\/de\/grunden\/finanzierung\/\",\"url\":\"https:\/\/www.promfr.ch\/de\/grunden\/finanzierung\/\",\"name\":\"Finanzierung - Wirtschaftsf\u00f6rderung WIF\",\"isPartOf\":{\"@id\":\"https:\/\/www.promfr.ch\/#website\"},\"datePublished\":\"2018-09-20T16:43:50+00:00\",\"dateModified\":\"2025-11-20T12:35:56+00:00\",\"description\":\"PromFR - Financement : Le canton de Fribourg soutient la cr\u00e9ation d\u2019entreprises gr\u00e2ce \u00e0 de nombreuses institutions et fonds susceptibles de financer les \u00e9tapes du lancement.\",\"breadcrumb\":{\"@id\":\"https:\/\/www.promfr.ch\/de\/grunden\/finanzierung\/#breadcrumb\"},\"inLanguage\":\"de\",\"potentialAction\":[{\"@type\":\"ReadAction\",\"target\":[\"https:\/\/www.promfr.ch\/de\/grunden\/finanzierung\/\"]}]},{\"@type\":\"BreadcrumbList\",\"@id\":\"https:\/\/www.promfr.ch\/de\/grunden\/finanzierung\/#breadcrumb\",\"itemListElement\":[{\"@type\":\"ListItem\",\"position\":1,\"name\":\"Accueil\",\"item\":\"https:\/\/www.promfr.ch\/de\/\"},{\"@type\":\"ListItem\",\"position\":2,\"name\":\"Gr\u00fcnden\",\"item\":\"https:\/\/www.promfr.ch\/de\/grunden\/\"},{\"@type\":\"ListItem\",\"position\":3,\"name\":\"Finanzierung\"}]},{\"@type\":\"WebSite\",\"@id\":\"https:\/\/www.promfr.ch\/#website\",\"url\":\"https:\/\/www.promfr.ch\/\",\"name\":\"Promotion \u00e9conomique du canton de Fribourg (PromFR)\",\"description\":\"FRIBOURG, THE PLACE TO GROW!\",\"publisher\":{\"@id\":\"https:\/\/www.promfr.ch\/#organization\"},\"alternateName\":\"Wirtschaftsf\u00f6rderung Kanton Freiburg (WIF)\",\"potentialAction\":[{\"@type\":\"SearchAction\",\"target\":{\"@type\":\"EntryPoint\",\"urlTemplate\":\"https:\/\/www.promfr.ch\/?s={search_term_string}\"},\"query-input\":{\"@type\":\"PropertyValueSpecification\",\"valueRequired\":true,\"valueName\":\"search_term_string\"}}],\"inLanguage\":\"de\"},{\"@type\":\"Organization\",\"@id\":\"https:\/\/www.promfr.ch\/#organization\",\"name\":\"Promotion \u00e9conomique du canton de Fribourg (PromFR)\",\"alternateName\":\"Wirtschaftsf\u00f6rderung Kanton Freiburg (WIF)\",\"url\":\"https:\/\/www.promfr.ch\/\",\"logo\":{\"@type\":\"ImageObject\",\"inLanguage\":\"de\",\"@id\":\"https:\/\/www.promfr.ch\/#\/schema\/logo\/image\/\",\"url\":\"https:\/\/www.promfr.ch\/wp-content\/uploads\/2017\/07\/promotion-economique-fribourg-logo.png\",\"contentUrl\":\"https:\/\/www.promfr.ch\/wp-content\/uploads\/2017\/07\/promotion-economique-fribourg-logo.png\",\"width\":515,\"height\":156,\"caption\":\"Promotion \u00e9conomique du canton de Fribourg (PromFR)\"},\"image\":{\"@id\":\"https:\/\/www.promfr.ch\/#\/schema\/logo\/image\/\"},\"sameAs\":[\"https:\/\/x.com\/promfr\",\"https:\/\/www.linkedin.com\/company\/promfr\",\"https:\/\/www.youtube.com\/user\/promfr\"]}]}<\/script>\n<!-- \/ Yoast SEO plugin. -->","yoast_head_json":{"title":"Finanzierung - Wirtschaftsf\u00f6rderung WIF","description":"PromFR - Financement : Le canton de Fribourg soutient la cr\u00e9ation d\u2019entreprises gr\u00e2ce \u00e0 de nombreuses institutions et fonds susceptibles de financer les \u00e9tapes du lancement.","robots":{"index":"index","follow":"follow","max-snippet":"max-snippet:-1","max-image-preview":"max-image-preview:large","max-video-preview":"max-video-preview:-1"},"canonical":"https:\/\/www.promfr.ch\/de\/grunden\/finanzierung\/","og_locale":"de_DE","og_type":"article","og_title":"Finanzierung - Wirtschaftsf\u00f6rderung WIF","og_description":"PromFR - Financement : Le canton de Fribourg soutient la cr\u00e9ation d\u2019entreprises gr\u00e2ce \u00e0 de nombreuses institutions et fonds susceptibles de financer les \u00e9tapes du lancement.","og_url":"https:\/\/www.promfr.ch\/de\/grunden\/finanzierung\/","og_site_name":"Wirtschaftsf\u00f6rderung WIF","article_modified_time":"2025-11-20T12:35:56+00:00","twitter_card":"summary_large_image","twitter_site":"@promfr","schema":{"@context":"https:\/\/schema.org","@graph":[{"@type":"WebPage","@id":"https:\/\/www.promfr.ch\/de\/grunden\/finanzierung\/","url":"https:\/\/www.promfr.ch\/de\/grunden\/finanzierung\/","name":"Finanzierung - Wirtschaftsf\u00f6rderung WIF","isPartOf":{"@id":"https:\/\/www.promfr.ch\/#website"},"datePublished":"2018-09-20T16:43:50+00:00","dateModified":"2025-11-20T12:35:56+00:00","description":"PromFR - Financement : Le canton de Fribourg soutient la cr\u00e9ation d\u2019entreprises gr\u00e2ce \u00e0 de nombreuses institutions et fonds susceptibles de financer les \u00e9tapes du lancement.","breadcrumb":{"@id":"https:\/\/www.promfr.ch\/de\/grunden\/finanzierung\/#breadcrumb"},"inLanguage":"de","potentialAction":[{"@type":"ReadAction","target":["https:\/\/www.promfr.ch\/de\/grunden\/finanzierung\/"]}]},{"@type":"BreadcrumbList","@id":"https:\/\/www.promfr.ch\/de\/grunden\/finanzierung\/#breadcrumb","itemListElement":[{"@type":"ListItem","position":1,"name":"Accueil","item":"https:\/\/www.promfr.ch\/de\/"},{"@type":"ListItem","position":2,"name":"Gr\u00fcnden","item":"https:\/\/www.promfr.ch\/de\/grunden\/"},{"@type":"ListItem","position":3,"name":"Finanzierung"}]},{"@type":"WebSite","@id":"https:\/\/www.promfr.ch\/#website","url":"https:\/\/www.promfr.ch\/","name":"Promotion \u00e9conomique du canton de Fribourg (PromFR)","description":"FRIBOURG, THE PLACE TO GROW!","publisher":{"@id":"https:\/\/www.promfr.ch\/#organization"},"alternateName":"Wirtschaftsf\u00f6rderung Kanton Freiburg (WIF)","potentialAction":[{"@type":"SearchAction","target":{"@type":"EntryPoint","urlTemplate":"https:\/\/www.promfr.ch\/?s={search_term_string}"},"query-input":{"@type":"PropertyValueSpecification","valueRequired":true,"valueName":"search_term_string"}}],"inLanguage":"de"},{"@type":"Organization","@id":"https:\/\/www.promfr.ch\/#organization","name":"Promotion \u00e9conomique du canton de Fribourg (PromFR)","alternateName":"Wirtschaftsf\u00f6rderung Kanton Freiburg (WIF)","url":"https:\/\/www.promfr.ch\/","logo":{"@type":"ImageObject","inLanguage":"de","@id":"https:\/\/www.promfr.ch\/#\/schema\/logo\/image\/","url":"https:\/\/www.promfr.ch\/wp-content\/uploads\/2017\/07\/promotion-economique-fribourg-logo.png","contentUrl":"https:\/\/www.promfr.ch\/wp-content\/uploads\/2017\/07\/promotion-economique-fribourg-logo.png","width":515,"height":156,"caption":"Promotion \u00e9conomique du canton de Fribourg (PromFR)"},"image":{"@id":"https:\/\/www.promfr.ch\/#\/schema\/logo\/image\/"},"sameAs":["https:\/\/x.com\/promfr","https:\/\/www.linkedin.com\/company\/promfr","https:\/\/www.youtube.com\/user\/promfr"]}]}},"_links":{"self":[{"href":"https:\/\/www.promfr.ch\/de\/wp-json\/wp\/v2\/pages\/11234","targetHints":{"allow":["GET"]}}],"collection":[{"href":"https:\/\/www.promfr.ch\/de\/wp-json\/wp\/v2\/pages"}],"about":[{"href":"https:\/\/www.promfr.ch\/de\/wp-json\/wp\/v2\/types\/page"}],"author":[{"embeddable":true,"href":"https:\/\/www.promfr.ch\/de\/wp-json\/wp\/v2\/users\/2"}],"replies":[{"embeddable":true,"href":"https:\/\/www.promfr.ch\/de\/wp-json\/wp\/v2\/comments?post=11234"}],"version-history":[{"count":37,"href":"https:\/\/www.promfr.ch\/de\/wp-json\/wp\/v2\/pages\/11234\/revisions"}],"predecessor-version":[{"id":21699,"href":"https:\/\/www.promfr.ch\/de\/wp-json\/wp\/v2\/pages\/11234\/revisions\/21699"}],"up":[{"embeddable":true,"href":"https:\/\/www.promfr.ch\/de\/wp-json\/wp\/v2\/pages\/11142"}],"wp:attachment":[{"href":"https:\/\/www.promfr.ch\/de\/wp-json\/wp\/v2\/media?parent=11234"}],"wp:term":[{"taxonomy":"post_tag","embeddable":true,"href":"https:\/\/www.promfr.ch\/de\/wp-json\/wp\/v2\/tags?post=11234"}],"curies":[{"name":"wp","href":"https:\/\/api.w.org\/{rel}","templated":true}]}}