{"id":11242,"date":"2018-09-20T23:39:59","date_gmt":"2018-09-20T21:39:59","guid":{"rendered":"http:\/\/www.promfr.ch\/grunden\/geschaftsentwicklung-networking\/"},"modified":"2025-11-20T14:15:05","modified_gmt":"2025-11-20T13:15:05","slug":"geschaftsentwicklung-networking","status":"publish","type":"page","link":"https:\/\/www.promfr.ch\/de\/grunden\/geschaftsentwicklung-networking\/","title":{"rendered":"Gesch\u00e4ftsentwicklung \u2013 Networking"},"content":{"rendered":"<div class=\"wpb-content-wrapper\"><p>[vc_row row_type=&#8220;parallax&#8220; full_screen_section_height=&#8220;no&#8220; css=&#8220;.vc_custom_1500456852303{margin-top: 0px !important;margin-right: 0px !important;margin-bottom: 0px !important;margin-left: 0px !important;padding-top: 0px !important;padding-right: 0px !important;padding-bottom: 0px !important;padding-left: 0px !important;background-color: #002c77 !important;}&#8220;][vc_column css=&#8220;.vc_custom_1500387896779{padding-top: 0px !important;padding-right: 0px !important;padding-bottom: 0px !important;padding-left: 0px !important;}&#8220;][vc_row_inner content_width=&#8220;grid&#8220; css=&#8220;.vc_custom_1500457336512{padding-top: 0px !important;padding-right: 0px !important;padding-bottom: 0px !important;padding-left: 0px !important;}&#8220; el_class=&#8220;bannerservices&#8220;][vc_column_inner][vc_empty_space height=&#8220;30px&#8220;]<div class=\"mkd-iwt clearfix mkd-iwt-icon-left mkd-iwt-icon-tiny\">\n\t<div class=\"mkd-iwt-icon-holder\">\n\t\t\t\t\t\n\t<span class=\"mkd-icon-shortcode normal mkd-icon-tiny\"  data-hover-color=\"#ffffff\" data-color=\"#ffffff\">\n        \n\t\t\t<i class=\"mkd-icon-dripicons dripicon dripicon-conversation mkd-icon-element\" style=\"color: #ffffff\" ><\/i>\n\t\t\t    <\/span>\n\n\t\t\t\t<\/div>\n\t<div class=\"mkd-iwt-content-holder\" style=\"padding-left: 40px\">\n\t\t<div class=\"mkd-iwt-title-holder\">\n\t\t\t<h4 style=\"color: #ffffff;text-transform: none;font-weight: 700\">Gesch\u00e4ftsentwicklung \u2013 Networking<\/h4>\n\t<\/div>\n\t<div class=\"mkd-iwt-text-holder\">\n\t\t<p ><\/p>\n\n\t\t\t<\/div>\n<\/div>\n<\/div>[vc_column_text][\/vc_column_text][vc_empty_space height=&#8220;30px&#8220;][\/vc_column_inner][\/vc_row_inner][\/vc_column][\/vc_row][vc_row][vc_column][vc_column_text] [\/vc_column_text][\/vc_column][\/vc_row][vc_row][vc_column][vc_column_text]<\/p>\n<p>[\/vc_column_text][\/vc_column][\/vc_row][vc_row content_width=&#8220;grid&#8220; css=&#8220;.vc_custom_1500464021534{padding-top: 20px !important;padding-bottom: 50px !important;}&#8220;][vc_column][vc_column_text]Die Institutionen, die Hochschulen und die Unternehmen Freiburgs sind perfekt in zahlreiche Netzwerke integriert. Wenn Sie Freiburg als Standort f\u00fcr Ihr neu gegr\u00fcndetes Unternehmen w\u00e4hlen, st\u00e4rken Sie Ihr Business und Ihr Profil. Ausserdem haben Sie Zugang zu spezifischen industriellen Netzwerken in Wirtschaftssektoren, die am meisten Erfolg versprechen.[\/vc_column_text][vc_empty_space height=&#8220;30px&#8220;]<div class=\"mkd-tabs mkd-vertical mkd-tab-text clearfix\">\n\t<ul class=\"mkd-tabs-nav\">\n\t\t\t\t\t<li>\n\t\t\t\t<a href=\"#tab-technologie-und-innovationsplattform\" class=\"active-tab-style-1\">\n\t\t\t\t\t<span class=\"mkd-tab-title-subtitle\">\n\t\t\t\t\t\t<span class=\"mkd-tab-title\">\n\t\t\t\t\t\t\tTechnologie- und Innovationsplattform\t\t\t\t\t\t<\/span>\n\t\t\t\t\t\t<span class=\"mkd-tab-subtitle\">\n\t\t\t\t\t\t\t\t\t\t\t\t\t<\/span>\n\t\t\t\t\t<\/span>\n\t\t\t\t<\/a>\n\t\t\t<\/li>\n\t\t\t\t\t<li>\n\t\t\t\t<a href=\"#tab-branchenplattformen\" class=\"active-tab-style-1\">\n\t\t\t\t\t<span class=\"mkd-tab-title-subtitle\">\n\t\t\t\t\t\t<span class=\"mkd-tab-title\">\n\t\t\t\t\t\t\tBranchenplattformen\t\t\t\t\t\t<\/span>\n\t\t\t\t\t\t<span class=\"mkd-tab-subtitle\">\n\t\t\t\t\t\t\t\t\t\t\t\t\t<\/span>\n\t\t\t\t\t<\/span>\n\t\t\t\t<\/a>\n\t\t\t<\/li>\n\t\t\t\t<li class=\"mkd-tab-line\"><span class=\"mkd-tab-line-inner \"><\/span><\/li>\n\t<\/ul>\n\t<div class=\"mkd-tab-container\"  id=\"tab-technologie-und-innovationsplattform-543\" data-icon-pack=\"font_awesome\" data-icon-html=\"&lt;i class=&quot;mkd-icon-font-awesome fa  &quot; &gt;&lt;\/i&gt;\">\n\t[vc_column_text]<\/p>\n<p>Unternehmensgr\u00fcnder, die sich im Kanton Freiburg niederlassen, k\u00f6nnen die Technologie- und Innovationsplattform INNOSQUARE nutzen. <strong><a href=\"https:\/\/www.innosquare.com\/de\/\" target=\"_blank\" rel=\"noopener noreferrer\">INNOSQUARE<\/a><\/strong> ist im Innovationsquartier <strong><a href=\"https:\/\/www.bluefactory.ch\/de\" target=\"_blank\" rel=\"noopener noreferrer\">blueFACTORY<\/a><\/strong> in Freiburg in der Schweiz t\u00e4tig. Die Plattform schafft durch die Interaktionen zwischen Unternehmen und Hochschulen sowie die Entwicklung von Schl\u00fcsselkompetenzen eine Umgebung f\u00fcr Unternehmertum und Innovation. INNOSQUARE unterst\u00fctzt die Entwicklung von Kompetenzzentren und thematischen Clustern und bietet administrative Dienstleistungen sowie Prototypenentwicklung und Durchf\u00fchrung von Experimenten. Die Kompetenzzentren <strong><a href=\"https:\/\/rosas.center\/\" target=\"_blank\" rel=\"noopener noreferrer\">Robust and Safe Systems Center Freiburg<\/a><\/strong> (ROSAS), <strong><a href=\"https:\/\/iprint.center\" target=\"_blank\" rel=\"noopener noreferrer\">iPrint Center<\/a><\/strong> und <strong><a href=\"https:\/\/picc.center\" target=\"_blank\" rel=\"noopener noreferrer\">Plastics Innovation Competence Center<\/a><\/strong> (PICC) und die Cluster <strong><a href=\"https:\/\/swissplastics-cluster.ch\/de\/\" target=\"_blank\" rel=\"noopener noreferrer\">Swiss Plastics Cluster<\/a><\/strong>, <strong><a href=\"https:\/\/building-innovation.ch\/de\/startseite\/\" target=\"_blank\" rel=\"noopener noreferrer\">Building Innovation Cluster<\/a><\/strong> und <strong><a href=\"https:\/\/www.clusterfoodnutrition.ch\/de\" target=\"_blank\" rel=\"noopener noreferrer\">Food &amp; Nutrition Cluster<\/a><\/strong> werden von INNOSQUARE beherbergt.<\/p>\n<p>[\/vc_column_text][vc_text_separator title=&#8220;Kontakt&#8220; title_align=&#8220;separator_align_left&#8220; css=&#8220;.vc_custom_1517565536594{margin-top: 20px !important;}&#8220;][vc_row_inner content_width=&#8220;grid&#8220; css=&#8220;.vc_custom_1500457336512{padding-top: 0px !important;padding-right: 0px !important;padding-bottom: 0px !important;padding-left: 0px !important;}&#8220; el_class=&#8220;bannerservices&#8220;][vc_column_inner width=&#8220;1\/3&#8243;][vc_column_text css=&#8220;&#8220;]<strong>INNOSQUARE<\/strong><\/p>\n<p><strong>Nicolas Huet<br \/>\n<\/strong>Direktor<strong><br \/>\n<\/strong>Passage du Cardinal 1<br \/>\nB\u00e2timent A<br \/>\n1700 Freiburg<\/p>\n<p>T +41 26 429 66 40<br \/>\n<a title=\"&#112;&#x61;&#115;&#x63;a&#x6c;.&#x62;o&#x76;e&#x74;&#64;&#x68;e&#102;&#x72;&#46;&#x63;&#104;\" href=\"m&#97;&#x69;&#x6c;t&#111;&#x3a;&#x6e;i&#99;&#x6f;&#x6c;as&#x2e;&#x68;ue&#x74;&#x40;he&#102;&#x72;&#x2e;c&#104;\" target=\"_blank\" rel=\"noopener noreferrer\">&#x6e;i&#x63;o&#x6c;&#97;s&#x2e;h&#x75;&#101;t&#x40;h&#x65;&#102;r&#x2e;c&#x68;<\/a>[\/vc_column_text][\/vc_column_inner][vc_column_inner width=&#8220;1\/3&#8243;][vc_column_text]<\/p>\n<p><strong>INNOSQUARE<\/strong><br \/>\n<a title=\"&#105;n&#x66;o&#x40;i&#x6e;&#110;&#x6f;&#115;q&#x75;a&#x72;e&#x2e;c&#x6f;&#109;\" href=\"&#x6d;&#x61;&#105;lt&#x6f;&#x3a;&#x69;&#110;fo&#x40;&#x69;&#x6e;&#110;os&#x71;&#x75;&#x61;&#114;e.&#x63;&#x6f;&#x6d;\" target=\"_blank\" rel=\"noopener noreferrer\">i&#110;&#x66;&#x6f;&#64;&#105;&#x6e;&#x6e;o&#115;&#x71;&#x75;ar&#x65;&#x2e;co&#x6d;<\/a><br \/>\n<a title=\"www.innosquare.com\" href=\"http:\/\/www.innosquare.com\/\" target=\"_blank\" rel=\"noopener noreferrer\">www.innosquare.com<\/a><\/p>\n<p>[\/vc_column_text][\/vc_column_inner][vc_column_inner width=&#8220;1\/3&#8243;][\/vc_column_inner][\/vc_row_inner][vc_row_inner content_width=&#8220;grid&#8220; css=&#8220;.vc_custom_1500457336512{padding-top: 0px !important;padding-right: 0px !important;padding-bottom: 0px !important;padding-left: 0px !important;}&#8220; el_class=&#8220;bannerservices&#8220;][vc_column_inner width=&#8220;1\/3&#8243;][\/vc_column_inner][vc_column_inner width=&#8220;1\/3&#8243;][\/vc_column_inner][\/vc_row_inner][vc_column_inner css=&#8220;.vc_custom_1517564886466{margin-bottom: 20px !important;padding-top: 20px !important;padding-right: 20px !important;padding-bottom: 20px !important;padding-left: 20px !important;background-color: rgba(234,234,234,0.01) !important;*background-color: rgb(234,234,234) !important;}&#8220;][vc_empty_space height=&#8220;0px&#8220;][\/vc_column_inner]<\/div>\n<div class=\"mkd-tab-container\"  id=\"tab-branchenplattformen-817\" data-icon-pack=\"font_awesome\" data-icon-html=\"&lt;i class=&quot;mkd-icon-font-awesome fa  &quot; &gt;&lt;\/i&gt;\">\n\t[vc_column_text css=&#8220;&#8220;]Die Unternehmen und Hochschulen Freiburgs sind perfekt in die Plattformen eingebettet, die im Rahmen der Branchenf\u00f6rderungsmassnahmen der Volkswirtschaftsdirektorenkonferenz der Westschweiz (<strong><a href=\"http:\/\/cdep-so.ch\/de\" target=\"_blank\" rel=\"noopener noreferrer\">CDEP-SO<\/a><\/strong>) lanciert worden sind.<\/p>\n<ul>\n<li><a href=\"https:\/\/www.bioalps.org\/\" target=\"_blank\" rel=\"noopener noreferrer\">BioAlps<\/a> richtet sich an Life Science Unternehmen<\/li>\n<li><a href=\"http:\/\/www.micronarc.ch\/\" target=\"_blank\" rel=\"noopener noreferrer\">Micronarc<\/a> ist ein Kompetenzzentrum f\u00fcr Mikro- und Nanotechnologie<\/li>\n<li>Der Cluster <a href=\"http:\/\/www.alpict.com\/\" target=\"_blank\" rel=\"noopener noreferrer\">Alp ICT<\/a> sorgt f\u00fcr Synergien zwischen Unternehmen in IT und Kommunikation<\/li>\n<li>Und <a href=\"http:\/\/www.cleantech-alps.com\/\" target=\"_blank\" rel=\"noopener noreferrer\">CleantechAlps<\/a> vernetzt die Cleantech-Unternehmen<\/li>\n<\/ul>\n<p>Unternehmensgr\u00fcnder, die sich in Freiburg ansiedeln, profitieren von diesen vier Netzwerken.[\/vc_column_text][vc_text_separator title=&#8220;Kontakt&#8220; title_align=&#8220;separator_align_left&#8220; css=&#8220;.vc_custom_1517565536594{margin-top: 20px !important;}&#8220;][vc_row_inner content_width=&#8220;grid&#8220; css=&#8220;.vc_custom_1500457336512{padding-top: 0px !important;padding-right: 0px !important;padding-bottom: 0px !important;padding-left: 0px !important;}&#8220; el_class=&#8220;bannerservices&#8220;][vc_column_inner width=&#8220;1\/3&#8243;][vc_column_text]<\/p>\n<p><strong>Wirtschaftsf\u00f6rderung Kanton Freiburg<\/strong><br \/>\nBoulevard de P\u00e9rolles 25<br \/>\nPostfach 1350<br \/>\n1701 Freiburg<\/p>\n<p>T +41 26 304 14 00<br \/>\n<a title=\"pr&#111;&#x6d;&#x66;r&#64;&#102;&#x72;&#x2e;&#x63;h\" href=\"mailto:promfr&#64;&#102;&#114;&#46;&#99;&#x68;\" target=\"_blank\" rel=\"noopener noreferrer\">&#112;&#x72;o&#x6d;f&#x72;&#64;&#x66;r&#x2e;c&#104;<\/a><\/p>\n<p>[\/vc_column_text][\/vc_column_inner][vc_column_inner width=&#8220;1\/3&#8243;][\/vc_column_inner][\/vc_row_inner][vc_column_text][\/vc_column_text]<\/div>\n<\/div>\n\n[\/vc_column][\/vc_row]<\/p>\n<\/div>","protected":false},"excerpt":{"rendered":"<p>[vc_row row_type=&#8220;parallax&#8220; full_screen_section_height=&#8220;no&#8220; css=&#8220;.vc_custom_1500456852303{margin-top: 0px !important;margin-right: 0px !important;margin-bottom: 0px !important;margin-left: 0px !important;padding-top: 0px !important;padding-right: 0px !important;padding-bottom: 0px !important;padding-left: 0px !important;background-color: #002c77 !important;}&#8220;][vc_column css=&#8220;.vc_custom_1500387896779{padding-top: 0px !important;padding-right: 0px !important;padding-bottom: 0px !important;padding-left: 0px !important;}&#8220;][vc_row_inner content_width=&#8220;grid&#8220; css=&#8220;.vc_custom_1500457336512{padding-top: 0px !important;padding-right: 0px !important;padding-bottom: 0px !important;padding-left: 0px !important;}&#8220; el_class=&#8220;bannerservices&#8220;][vc_column_inner][vc_empty_space height=&#8220;30px&#8220;][vc_column_text][\/vc_column_text][vc_empty_space height=&#8220;30px&#8220;][\/vc_column_inner][\/vc_row_inner][\/vc_column][\/vc_row][vc_row][vc_column][vc_column_text] [\/vc_column_text][\/vc_column][\/vc_row][vc_row][vc_column][vc_column_text]&#8230;<\/p>\n","protected":false},"author":2,"featured_media":0,"parent":11142,"menu_order":0,"comment_status":"closed","ping_status":"closed","template":"full-width.php","meta":{"footnotes":""},"tags":[],"class_list":["post-11242","page","type-page","status-publish","hentry"],"yoast_head":"<!-- This site is optimized with the Yoast SEO plugin v26.9 - https:\/\/yoast.com\/product\/yoast-seo-wordpress\/ -->\n<title>Gesch\u00e4ftsentwicklung \u2013 Networking - Wirtschaftsf\u00f6rderung WIF<\/title>\n<meta name=\"robots\" content=\"index, follow, max-snippet:-1, max-image-preview:large, max-video-preview:-1\" \/>\n<link rel=\"canonical\" href=\"https:\/\/www.promfr.ch\/de\/grunden\/geschaftsentwicklung-networking\/\" \/>\n<meta property=\"og:locale\" content=\"de_DE\" \/>\n<meta property=\"og:type\" content=\"article\" \/>\n<meta property=\"og:title\" content=\"Gesch\u00e4ftsentwicklung \u2013 Networking - Wirtschaftsf\u00f6rderung WIF\" \/>\n<meta property=\"og:description\" content=\"[vc_row row_type=&#8220;parallax&#8220; full_screen_section_height=&#8220;no&#8220; css=&#8220;.vc_custom_1500456852303{margin-top: 0px !important;margin-right: 0px !important;margin-bottom: 0px !important;margin-left: 0px !important;padding-top: 0px !important;padding-right: 0px !important;padding-bottom: 0px !important;padding-left: 0px !important;background-color: #002c77 !important;}&#8220;][vc_column css=&#8220;.vc_custom_1500387896779{padding-top: 0px !important;padding-right: 0px !important;padding-bottom: 0px !important;padding-left: 0px !important;}&#8220;][vc_row_inner content_width=&#8220;grid&#8220; css=&#8220;.vc_custom_1500457336512{padding-top: 0px !important;padding-right: 0px !important;padding-bottom: 0px !important;padding-left: 0px !important;}&#8220; el_class=&#8220;bannerservices&#8220;][vc_column_inner][vc_empty_space height=&#8220;30px&#8220;][vc_column_text][\/vc_column_text][vc_empty_space height=&#8220;30px&#8220;][\/vc_column_inner][\/vc_row_inner][\/vc_column][\/vc_row][vc_row][vc_column][vc_column_text] [\/vc_column_text][\/vc_column][\/vc_row][vc_row][vc_column][vc_column_text]...\" \/>\n<meta property=\"og:url\" content=\"https:\/\/www.promfr.ch\/de\/grunden\/geschaftsentwicklung-networking\/\" \/>\n<meta property=\"og:site_name\" content=\"Wirtschaftsf\u00f6rderung WIF\" \/>\n<meta property=\"article:modified_time\" content=\"2025-11-20T13:15:05+00:00\" \/>\n<meta name=\"twitter:card\" content=\"summary_large_image\" \/>\n<meta name=\"twitter:site\" content=\"@promfr\" \/>\n<script type=\"application\/ld+json\" class=\"yoast-schema-graph\">{\"@context\":\"https:\/\/schema.org\",\"@graph\":[{\"@type\":\"WebPage\",\"@id\":\"https:\/\/www.promfr.ch\/de\/grunden\/geschaftsentwicklung-networking\/\",\"url\":\"https:\/\/www.promfr.ch\/de\/grunden\/geschaftsentwicklung-networking\/\",\"name\":\"Gesch\u00e4ftsentwicklung \u2013 Networking - Wirtschaftsf\u00f6rderung WIF\",\"isPartOf\":{\"@id\":\"https:\/\/www.promfr.ch\/#website\"},\"datePublished\":\"2018-09-20T21:39:59+00:00\",\"dateModified\":\"2025-11-20T13:15:05+00:00\",\"breadcrumb\":{\"@id\":\"https:\/\/www.promfr.ch\/de\/grunden\/geschaftsentwicklung-networking\/#breadcrumb\"},\"inLanguage\":\"de\",\"potentialAction\":[{\"@type\":\"ReadAction\",\"target\":[\"https:\/\/www.promfr.ch\/de\/grunden\/geschaftsentwicklung-networking\/\"]}]},{\"@type\":\"BreadcrumbList\",\"@id\":\"https:\/\/www.promfr.ch\/de\/grunden\/geschaftsentwicklung-networking\/#breadcrumb\",\"itemListElement\":[{\"@type\":\"ListItem\",\"position\":1,\"name\":\"Accueil\",\"item\":\"https:\/\/www.promfr.ch\/de\/\"},{\"@type\":\"ListItem\",\"position\":2,\"name\":\"Gr\u00fcnden\",\"item\":\"https:\/\/www.promfr.ch\/de\/grunden\/\"},{\"@type\":\"ListItem\",\"position\":3,\"name\":\"Gesch\u00e4ftsentwicklung \u2013 Networking\"}]},{\"@type\":\"WebSite\",\"@id\":\"https:\/\/www.promfr.ch\/#website\",\"url\":\"https:\/\/www.promfr.ch\/\",\"name\":\"Promotion \u00e9conomique du canton de Fribourg (PromFR)\",\"description\":\"FRIBOURG, THE PLACE TO GROW!\",\"publisher\":{\"@id\":\"https:\/\/www.promfr.ch\/#organization\"},\"alternateName\":\"Wirtschaftsf\u00f6rderung Kanton Freiburg (WIF)\",\"potentialAction\":[{\"@type\":\"SearchAction\",\"target\":{\"@type\":\"EntryPoint\",\"urlTemplate\":\"https:\/\/www.promfr.ch\/?s={search_term_string}\"},\"query-input\":{\"@type\":\"PropertyValueSpecification\",\"valueRequired\":true,\"valueName\":\"search_term_string\"}}],\"inLanguage\":\"de\"},{\"@type\":\"Organization\",\"@id\":\"https:\/\/www.promfr.ch\/#organization\",\"name\":\"Promotion \u00e9conomique du canton de Fribourg (PromFR)\",\"alternateName\":\"Wirtschaftsf\u00f6rderung Kanton Freiburg (WIF)\",\"url\":\"https:\/\/www.promfr.ch\/\",\"logo\":{\"@type\":\"ImageObject\",\"inLanguage\":\"de\",\"@id\":\"https:\/\/www.promfr.ch\/#\/schema\/logo\/image\/\",\"url\":\"https:\/\/www.promfr.ch\/wp-content\/uploads\/2017\/07\/promotion-economique-fribourg-logo.png\",\"contentUrl\":\"https:\/\/www.promfr.ch\/wp-content\/uploads\/2017\/07\/promotion-economique-fribourg-logo.png\",\"width\":515,\"height\":156,\"caption\":\"Promotion \u00e9conomique du canton de Fribourg (PromFR)\"},\"image\":{\"@id\":\"https:\/\/www.promfr.ch\/#\/schema\/logo\/image\/\"},\"sameAs\":[\"https:\/\/x.com\/promfr\",\"https:\/\/www.linkedin.com\/company\/promfr\",\"https:\/\/www.youtube.com\/user\/promfr\"]}]}<\/script>\n<!-- \/ Yoast SEO plugin. -->","yoast_head_json":{"title":"Gesch\u00e4ftsentwicklung \u2013 Networking - Wirtschaftsf\u00f6rderung WIF","robots":{"index":"index","follow":"follow","max-snippet":"max-snippet:-1","max-image-preview":"max-image-preview:large","max-video-preview":"max-video-preview:-1"},"canonical":"https:\/\/www.promfr.ch\/de\/grunden\/geschaftsentwicklung-networking\/","og_locale":"de_DE","og_type":"article","og_title":"Gesch\u00e4ftsentwicklung \u2013 Networking - Wirtschaftsf\u00f6rderung WIF","og_description":"[vc_row row_type=&#8220;parallax&#8220; full_screen_section_height=&#8220;no&#8220; css=&#8220;.vc_custom_1500456852303{margin-top: 0px !important;margin-right: 0px !important;margin-bottom: 0px !important;margin-left: 0px !important;padding-top: 0px !important;padding-right: 0px !important;padding-bottom: 0px !important;padding-left: 0px !important;background-color: #002c77 !important;}&#8220;][vc_column css=&#8220;.vc_custom_1500387896779{padding-top: 0px !important;padding-right: 0px !important;padding-bottom: 0px !important;padding-left: 0px !important;}&#8220;][vc_row_inner content_width=&#8220;grid&#8220; css=&#8220;.vc_custom_1500457336512{padding-top: 0px !important;padding-right: 0px !important;padding-bottom: 0px !important;padding-left: 0px !important;}&#8220; el_class=&#8220;bannerservices&#8220;][vc_column_inner][vc_empty_space height=&#8220;30px&#8220;][vc_column_text][\/vc_column_text][vc_empty_space height=&#8220;30px&#8220;][\/vc_column_inner][\/vc_row_inner][\/vc_column][\/vc_row][vc_row][vc_column][vc_column_text] [\/vc_column_text][\/vc_column][\/vc_row][vc_row][vc_column][vc_column_text]...","og_url":"https:\/\/www.promfr.ch\/de\/grunden\/geschaftsentwicklung-networking\/","og_site_name":"Wirtschaftsf\u00f6rderung WIF","article_modified_time":"2025-11-20T13:15:05+00:00","twitter_card":"summary_large_image","twitter_site":"@promfr","schema":{"@context":"https:\/\/schema.org","@graph":[{"@type":"WebPage","@id":"https:\/\/www.promfr.ch\/de\/grunden\/geschaftsentwicklung-networking\/","url":"https:\/\/www.promfr.ch\/de\/grunden\/geschaftsentwicklung-networking\/","name":"Gesch\u00e4ftsentwicklung \u2013 Networking - Wirtschaftsf\u00f6rderung WIF","isPartOf":{"@id":"https:\/\/www.promfr.ch\/#website"},"datePublished":"2018-09-20T21:39:59+00:00","dateModified":"2025-11-20T13:15:05+00:00","breadcrumb":{"@id":"https:\/\/www.promfr.ch\/de\/grunden\/geschaftsentwicklung-networking\/#breadcrumb"},"inLanguage":"de","potentialAction":[{"@type":"ReadAction","target":["https:\/\/www.promfr.ch\/de\/grunden\/geschaftsentwicklung-networking\/"]}]},{"@type":"BreadcrumbList","@id":"https:\/\/www.promfr.ch\/de\/grunden\/geschaftsentwicklung-networking\/#breadcrumb","itemListElement":[{"@type":"ListItem","position":1,"name":"Accueil","item":"https:\/\/www.promfr.ch\/de\/"},{"@type":"ListItem","position":2,"name":"Gr\u00fcnden","item":"https:\/\/www.promfr.ch\/de\/grunden\/"},{"@type":"ListItem","position":3,"name":"Gesch\u00e4ftsentwicklung \u2013 Networking"}]},{"@type":"WebSite","@id":"https:\/\/www.promfr.ch\/#website","url":"https:\/\/www.promfr.ch\/","name":"Promotion \u00e9conomique du canton de Fribourg (PromFR)","description":"FRIBOURG, THE PLACE TO GROW!","publisher":{"@id":"https:\/\/www.promfr.ch\/#organization"},"alternateName":"Wirtschaftsf\u00f6rderung Kanton Freiburg (WIF)","potentialAction":[{"@type":"SearchAction","target":{"@type":"EntryPoint","urlTemplate":"https:\/\/www.promfr.ch\/?s={search_term_string}"},"query-input":{"@type":"PropertyValueSpecification","valueRequired":true,"valueName":"search_term_string"}}],"inLanguage":"de"},{"@type":"Organization","@id":"https:\/\/www.promfr.ch\/#organization","name":"Promotion \u00e9conomique du canton de Fribourg (PromFR)","alternateName":"Wirtschaftsf\u00f6rderung Kanton Freiburg (WIF)","url":"https:\/\/www.promfr.ch\/","logo":{"@type":"ImageObject","inLanguage":"de","@id":"https:\/\/www.promfr.ch\/#\/schema\/logo\/image\/","url":"https:\/\/www.promfr.ch\/wp-content\/uploads\/2017\/07\/promotion-economique-fribourg-logo.png","contentUrl":"https:\/\/www.promfr.ch\/wp-content\/uploads\/2017\/07\/promotion-economique-fribourg-logo.png","width":515,"height":156,"caption":"Promotion \u00e9conomique du canton de Fribourg (PromFR)"},"image":{"@id":"https:\/\/www.promfr.ch\/#\/schema\/logo\/image\/"},"sameAs":["https:\/\/x.com\/promfr","https:\/\/www.linkedin.com\/company\/promfr","https:\/\/www.youtube.com\/user\/promfr"]}]}},"_links":{"self":[{"href":"https:\/\/www.promfr.ch\/de\/wp-json\/wp\/v2\/pages\/11242","targetHints":{"allow":["GET"]}}],"collection":[{"href":"https:\/\/www.promfr.ch\/de\/wp-json\/wp\/v2\/pages"}],"about":[{"href":"https:\/\/www.promfr.ch\/de\/wp-json\/wp\/v2\/types\/page"}],"author":[{"embeddable":true,"href":"https:\/\/www.promfr.ch\/de\/wp-json\/wp\/v2\/users\/2"}],"replies":[{"embeddable":true,"href":"https:\/\/www.promfr.ch\/de\/wp-json\/wp\/v2\/comments?post=11242"}],"version-history":[{"count":16,"href":"https:\/\/www.promfr.ch\/de\/wp-json\/wp\/v2\/pages\/11242\/revisions"}],"predecessor-version":[{"id":21712,"href":"https:\/\/www.promfr.ch\/de\/wp-json\/wp\/v2\/pages\/11242\/revisions\/21712"}],"up":[{"embeddable":true,"href":"https:\/\/www.promfr.ch\/de\/wp-json\/wp\/v2\/pages\/11142"}],"wp:attachment":[{"href":"https:\/\/www.promfr.ch\/de\/wp-json\/wp\/v2\/media?parent=11242"}],"wp:term":[{"taxonomy":"post_tag","embeddable":true,"href":"https:\/\/www.promfr.ch\/de\/wp-json\/wp\/v2\/tags?post=11242"}],"curies":[{"name":"wp","href":"https:\/\/api.w.org\/{rel}","templated":true}]}}