{"id":11298,"date":"2018-09-21T08:49:18","date_gmt":"2018-09-21T06:49:18","guid":{"rendered":"http:\/\/www.promfr.ch\/ansiedeln\/"},"modified":"2023-04-12T11:17:31","modified_gmt":"2023-04-12T09:17:31","slug":"ansiedeln","status":"publish","type":"page","link":"https:\/\/www.promfr.ch\/de\/ansiedeln\/","title":{"rendered":"Ansiedeln"},"content":{"rendered":"<div class=\"wpb-content-wrapper\"><p>[vc_row row_type=&#8220;parallax&#8220; full_screen_section_height=&#8220;no&#8220; css=&#8220;.vc_custom_1504259827092{margin-top: 0px !important;margin-right: 0px !important;margin-bottom: 0px !important;margin-left: 0px !important;padding-top: 0px !important;padding-right: 0px !important;padding-bottom: 0px !important;padding-left: 0px !important;background-image: url(https:\/\/www.promfr.ch\/wp-content\/uploads\/2017\/09\/banner_implanter.png?id=10457) !important;}&#8220;][vc_column css=&#8220;.vc_custom_1500387896779{padding-top: 0px !important;padding-right: 0px !important;padding-bottom: 0px !important;padding-left: 0px !important;}&#8220;][vc_row_inner content_width=&#8220;grid&#8220; css=&#8220;.vc_custom_1500387877346{padding-top: 0px !important;padding-right: 0px !important;padding-bottom: 0px !important;padding-left: 0px !important;}&#8220;][vc_column_inner width=&#8220;1\/2&#8243;][vc_empty_space height=&#8220;100px&#8220;]<div class=\"mkd-section-title-holder\">\n\t<h2 class=\"mkd-section-title mkd-section-title-large\" style=\"color: #ffffff\">\n\tAnsiedeln\t<\/h2>\n<\/div>[vc_column_text][\/vc_column_text][vc_empty_space height=&#8220;100px&#8220;][\/vc_column_inner][vc_column_inner width=&#8220;1\/2&#8243;][\/vc_column_inner][\/vc_row_inner][\/vc_column][\/vc_row][vc_row content_width=&#8220;grid&#8220; css=&#8220;.vc_custom_1500388028091{padding-top: 50px !important;padding-bottom: 50px !important;}&#8220;][vc_column][vc_row_inner][vc_column_inner width=&#8220;1\/4&#8243;]<div class=\"mkd-iwt clearfix mkd-iwt-icon-top mkd-iwt-icon-tiny\">\n\t<div class=\"mkd-iwt-icon-holder\">\n\t\t\t\t\t\n\t<span class=\"mkd-icon-shortcode normal mkd-icon-tiny\"  >\n        \n\t\t\t<i class=\"mkd-icon-dripicons dripicon dripicon-heart mkd-icon-element\" style=\"\" ><\/i>\n\t\t\t    <\/span>\n\n\t\t\t\t<\/div>\n\t<div class=\"mkd-iwt-content-holder\" >\n\t\t<div class=\"mkd-iwt-title-holder\">\n\t\t\t<h4 >Was spricht f\u00fcr Freiburg?<\/h4>\n\t<\/div>\n\t<div class=\"mkd-iwt-text-holder\">\n\t\t<p >Der Kanton Freiburg zieht immer mehr Unternehmen an, die sich im Herzen der Schweiz und somit im Herzen Europas ansiedeln wollen.<\/p>\n\n\t\t\t\t\t<a class=\"mkd-iwt-link\" href=\"\/de\/ansiedeln\/was-spricht-fur-freiburg\/\" target=\"_self\">Mehr Infos<\/a>\n\t\t\t<\/div>\n<\/div>\n<\/div>[vc_empty_space height=&#8220;20px&#8220;][\/vc_column_inner][vc_column_inner width=&#8220;1\/4&#8243;]<div class=\"mkd-iwt clearfix mkd-iwt-icon-top mkd-iwt-icon-tiny\">\n\t<div class=\"mkd-iwt-icon-holder\">\n\t\t\t\t\t\n\t<span class=\"mkd-icon-shortcode normal mkd-icon-tiny\"  >\n        \n\t\t\t<i class=\"mkd-icon-font-awesome fa fa-globe mkd-icon-element\" style=\"\" ><\/i>\n\t\t\t    <\/span>\n\n\t\t\t\t<\/div>\n\t<div class=\"mkd-iwt-content-holder\" >\n\t\t<div class=\"mkd-iwt-title-holder\">\n\t\t\t<h4 >Strategischer Standort<\/h4>\n\t<\/div>\n\t<div class=\"mkd-iwt-text-holder\">\n\t\t<p >Zwei Autobahnen durchqueren den Kanton Freiburg, die wichtigsten Strassen- und Eisenbahnverbindungen der Schweiz und Europas f\u00fchren durch ihn.<\/p>\n\n\t\t\t\t\t<a class=\"mkd-iwt-link\" href=\"\/de\/ansiedeln\/strategischer-standort\/\" target=\"_self\">Mehr Infos<\/a>\n\t\t\t<\/div>\n<\/div>\n<\/div>[vc_empty_space height=&#8220;20px&#8220;][\/vc_column_inner][vc_column_inner width=&#8220;1\/4&#8243;]<div class=\"mkd-iwt clearfix mkd-iwt-icon-top mkd-iwt-icon-tiny\">\n\t<div class=\"mkd-iwt-icon-holder\">\n\t\t\t\t\t\n\t<span class=\"mkd-icon-shortcode normal mkd-icon-tiny\"  >\n        \n\t\t\t<i class=\"mkd-icon-dripicons dripicon dripicon-star mkd-icon-element\" style=\"\" ><\/i>\n\t\t\t    <\/span>\n\n\t\t\t\t<\/div>\n\t<div class=\"mkd-iwt-content-holder\" >\n\t\t<div class=\"mkd-iwt-title-holder\">\n\t\t\t<h4 >Erfahrungsberichte<\/h4>\n\t<\/div>\n\t<div class=\"mkd-iwt-text-holder\">\n\t\t<p >Entdecken Sie die Erfahrungsberichte der Direktoren und CEOs zum Kanton Freiburg.<\/p>\n\n\t\t\t\t\t<a class=\"mkd-iwt-link\" href=\"\/de\/ansiedeln\/erfahrungsberichte\/\" target=\"_self\">Mehr Infos<\/a>\n\t\t\t<\/div>\n<\/div>\n<\/div>[vc_empty_space height=&#8220;20px&#8220;][\/vc_column_inner][vc_column_inner width=&#8220;1\/4&#8243;]<div class=\"mkd-iwt clearfix mkd-iwt-icon-top mkd-iwt-icon-tiny\">\n\t<div class=\"mkd-iwt-icon-holder\">\n\t\t\t\t\t\n\t<span class=\"mkd-icon-shortcode normal mkd-icon-tiny\"  >\n        \n\t\t\t<i class=\"mkd-icon-dripicons dripicon dripicon-location mkd-icon-element\" style=\"\" ><\/i>\n\t\t\t    <\/span>\n\n\t\t\t\t<\/div>\n\t<div class=\"mkd-iwt-content-holder\" >\n\t\t<div class=\"mkd-iwt-title-holder\">\n\t\t\t<h4 >Standorte<\/h4>\n\t<\/div>\n\t<div class=\"mkd-iwt-text-holder\">\n\t\t<p >Im Gegensatz zu anderen Schweizer Regionen verf\u00fcgt der Kanton Freiburg f\u00fcr Unternehmen, die sich niederlassen m\u00f6chten, auf seinem gesamten Gebiet \u00fcber zahlreiche Grundst\u00fccke und Geb\u00e4ude.<\/p>\n\n\t\t\t\t\t<a class=\"mkd-iwt-link\" href=\"\/de\/ansiedeln\/standorte\/\" target=\"_self\">Mehr Infos<\/a>\n\t\t\t<\/div>\n<\/div>\n<\/div>[vc_empty_space height=&#8220;20px&#8220;][\/vc_column_inner][\/vc_row_inner][vc_zigzag][vc_empty_space height=&#8220;20px&#8220;][vc_row_inner][vc_column_inner width=&#8220;1\/4&#8243;]<div class=\"mkd-iwt clearfix mkd-iwt-icon-top mkd-iwt-icon-tiny\">\n\t<div class=\"mkd-iwt-icon-holder\">\n\t\t\t\t\t\t\t\t<span class=\"mkd-iwt-custom-icon\" ><img loading=\"lazy\" decoding=\"async\" width=\"48\" height=\"48\" src=\"https:\/\/www.promfr.ch\/wp-content\/uploads\/2017\/09\/flaot-icon.png\" class=\"attachment-full size-full\" alt=\"\" \/><\/span>\n\t\t\t\t\t\t<\/div>\n\t<div class=\"mkd-iwt-content-holder\" >\n\t\t<div class=\"mkd-iwt-title-holder\">\n\t\t\t<h4 >Unterst\u00fctzung<\/h4>\n\t<\/div>\n\t<div class=\"mkd-iwt-text-holder\">\n\t\t<p >Der Kanton Freiburg kann innovative Unternehmensprojekte finanziell unterst\u00fctzen, wenn ihr Absatzmarkt nicht innerhalb des Kantons liegt.<\/p>\n\n\t\t\t\t\t<a class=\"mkd-iwt-link\" href=\"\/de\/ansiedeln\/unterstutzung\/\" target=\"_self\">Mehr Infos<\/a>\n\t\t\t<\/div>\n<\/div>\n<\/div>[vc_empty_space height=&#8220;20px&#8220;][\/vc_column_inner][vc_column_inner width=&#8220;1\/4&#8243;]<div class=\"mkd-iwt clearfix mkd-iwt-icon-top mkd-iwt-icon-tiny\">\n\t<div class=\"mkd-iwt-icon-holder\">\n\t\t\t\t\t\n\t<span class=\"mkd-icon-shortcode normal mkd-icon-tiny\"  >\n        \n\t\t\t<i class=\"mkd-icon-dripicons dripicon dripicon-graph-line mkd-icon-element\" style=\"\" ><\/i>\n\t\t\t    <\/span>\n\n\t\t\t\t<\/div>\n\t<div class=\"mkd-iwt-content-holder\" >\n\t\t<div class=\"mkd-iwt-title-holder\">\n\t\t\t<h4 >Gesch\u00e4ftsentwicklung<\/h4>\n\t<\/div>\n\t<div class=\"mkd-iwt-text-holder\">\n\t\t<p >Unternehmen, die sich im Kanton Freiburg ansiedeln, k\u00f6nnen die Technologie- und Innovationsplattform nutzen.<\/p>\n\n\t\t\t\t\t<a class=\"mkd-iwt-link\" href=\"\/de\/ansiedeln\/geschaftsentwicklung\/\" target=\"_self\">Mehr Infos<\/a>\n\t\t\t<\/div>\n<\/div>\n<\/div>[vc_empty_space height=&#8220;20px&#8220;][\/vc_column_inner][vc_column_inner width=&#8220;1\/4&#8243;]<div class=\"mkd-iwt clearfix mkd-iwt-icon-top mkd-iwt-icon-tiny\">\n\t<div class=\"mkd-iwt-icon-holder\">\n\t\t\t\t\t\n\t<span class=\"mkd-icon-shortcode normal mkd-icon-tiny\"  >\n        \n\t\t\t<i class=\"mkd-icon-dripicons dripicon dripicon-thumbs-up mkd-icon-element\" style=\"\" ><\/i>\n\t\t\t    <\/span>\n\n\t\t\t\t<\/div>\n\t<div class=\"mkd-iwt-content-holder\" >\n\t\t<div class=\"mkd-iwt-title-holder\">\n\t\t\t<h4 >Referenzen<\/h4>\n\t<\/div>\n\t<div class=\"mkd-iwt-text-holder\">\n\t\t<p >Entdecken Sie die Unternehmen, die auf dem Weltmarkt aktiv sind und den Kanton Freiburg als Standort gew\u00e4hlt haben.<\/p>\n\n\t\t\t\t\t<a class=\"mkd-iwt-link\" href=\"\/de\/ansiedeln\/referenzen\/\" target=\"_self\">Mehr Infos<\/a>\n\t\t\t<\/div>\n<\/div>\n<\/div>[vc_empty_space height=&#8220;20px&#8220;][\/vc_column_inner][\/vc_row_inner][vc_zigzag][vc_empty_space height=&#8220;20px&#8220;][vc_row_inner][vc_column_inner width=&#8220;1\/4&#8243;]<div class=\"mkd-iwt clearfix mkd-iwt-icon-top mkd-iwt-icon-tiny\">\n\t<div class=\"mkd-iwt-icon-holder\">\n\t\t\t\t\t\t\t\t<span class=\"mkd-iwt-custom-icon\" ><img loading=\"lazy\" decoding=\"async\" width=\"56\" height=\"44\" src=\"https:\/\/www.promfr.ch\/wp-content\/uploads\/2017\/09\/handshake-icon.png\" class=\"attachment-full size-full\" alt=\"\" \/><\/span>\n\t\t\t\t\t\t<\/div>\n\t<div class=\"mkd-iwt-content-holder\" >\n\t\t<div class=\"mkd-iwt-title-holder\">\n\t\t\t<h4 >Partnerschaften<\/h4>\n\t<\/div>\n\t<div class=\"mkd-iwt-text-holder\">\n\t\t<p >Der Kanton Freiburg hat internationale, nationale und \u00fcberkantonale Partnerschaften abgeschlossen.<\/p>\n\n\t\t\t\t\t<a class=\"mkd-iwt-link\" href=\"\/de\/ansiedeln\/partnerschaften\/\" target=\"_self\">Mehr Infos<\/a>\n\t\t\t<\/div>\n<\/div>\n<\/div>[vc_empty_space height=&#8220;20px&#8220;][\/vc_column_inner][vc_column_inner width=&#8220;1\/4&#8243;]<div class=\"mkd-iwt clearfix mkd-iwt-icon-top mkd-iwt-icon-tiny\">\n\t<div class=\"mkd-iwt-icon-holder\">\n\t\t\t\t\t\n\t<span class=\"mkd-icon-shortcode normal mkd-icon-tiny\"  >\n        \n\t\t\t<i class=\"mkd-icon-font-awesome fa fa-compass mkd-icon-element\" style=\"\" ><\/i>\n\t\t\t    <\/span>\n\n\t\t\t\t<\/div>\n\t<div class=\"mkd-iwt-content-holder\" >\n\t\t<div class=\"mkd-iwt-title-holder\">\n\t\t\t<h4 >Anlaufstelle WIF<\/h4>\n\t<\/div>\n\t<div class=\"mkd-iwt-text-holder\">\n\t\t<p >Die Wirtschaftsf\u00f6rderung ber\u00e4t Sie und erl\u00e4utert die zahlreichen F\u00f6rdermassnahmen des Kantons Freiburg.<\/p>\n\n\t\t\t\t\t<a class=\"mkd-iwt-link\" href=\"\/de\/anlaufstelle-wif\/\" target=\"_self\">Mehr Infos<\/a>\n\t\t\t<\/div>\n<\/div>\n<\/div>[\/vc_column_inner][vc_column_inner width=&#8220;1\/4&#8243;][\/vc_column_inner][vc_column_inner width=&#8220;1\/4&#8243;][\/vc_column_inner][\/vc_row_inner][\/vc_column][\/vc_row]<\/p>\n<\/div>","protected":false},"excerpt":{"rendered":"<p>[vc_row row_type=&#8220;parallax&#8220; full_screen_section_height=&#8220;no&#8220; css=&#8220;.vc_custom_1504259827092{margin-top: 0px !important;margin-right: 0px !important;margin-bottom: 0px !important;margin-left: 0px !important;padding-top: 0px !important;padding-right: 0px !important;padding-bottom: 0px !important;padding-left: 0px !important;background-image: url(https:\/\/www.promfr.ch\/wp-content\/uploads\/2017\/09\/banner_implanter.png?id=10457) !important;}&#8220;][vc_column css=&#8220;.vc_custom_1500387896779{padding-top: 0px !important;padding-right: 0px !important;padding-bottom: 0px !important;padding-left: 0px !important;}&#8220;][vc_row_inner content_width=&#8220;grid&#8220; css=&#8220;.vc_custom_1500387877346{padding-top: 0px !important;padding-right: 0px !important;padding-bottom: 0px !important;padding-left: 0px !important;}&#8220;][vc_column_inner width=&#8220;1\/2&#8243;][vc_empty_space height=&#8220;100px&#8220;][vc_column_text][\/vc_column_text][vc_empty_space height=&#8220;100px&#8220;][\/vc_column_inner][vc_column_inner width=&#8220;1\/2&#8243;][\/vc_column_inner][\/vc_row_inner][\/vc_column][\/vc_row][vc_row&#8230;<\/p>\n","protected":false},"author":2,"featured_media":0,"parent":0,"menu_order":0,"comment_status":"closed","ping_status":"closed","template":"full-width.php","meta":{"footnotes":""},"tags":[],"class_list":["post-11298","page","type-page","status-publish","hentry"],"yoast_head":"<!-- This site is optimized with the Yoast SEO plugin v26.9 - https:\/\/yoast.com\/product\/yoast-seo-wordpress\/ -->\n<title>Ansiedeln - Wirtschaftsf\u00f6rderung WIF<\/title>\n<meta name=\"robots\" content=\"index, follow, max-snippet:-1, max-image-preview:large, max-video-preview:-1\" \/>\n<link rel=\"canonical\" href=\"https:\/\/www.promfr.ch\/de\/ansiedeln\/\" \/>\n<meta property=\"og:locale\" content=\"de_DE\" \/>\n<meta property=\"og:type\" content=\"article\" \/>\n<meta property=\"og:title\" content=\"Ansiedeln - Wirtschaftsf\u00f6rderung WIF\" \/>\n<meta property=\"og:description\" content=\"[vc_row row_type=&#8220;parallax&#8220; full_screen_section_height=&#8220;no&#8220; css=&#8220;.vc_custom_1504259827092{margin-top: 0px !important;margin-right: 0px !important;margin-bottom: 0px !important;margin-left: 0px !important;padding-top: 0px !important;padding-right: 0px !important;padding-bottom: 0px !important;padding-left: 0px !important;background-image: url(https:\/\/www.promfr.ch\/wp-content\/uploads\/2017\/09\/banner_implanter.png?id=10457) !important;}&#8220;][vc_column css=&#8220;.vc_custom_1500387896779{padding-top: 0px !important;padding-right: 0px !important;padding-bottom: 0px !important;padding-left: 0px !important;}&#8220;][vc_row_inner content_width=&#8220;grid&#8220; css=&#8220;.vc_custom_1500387877346{padding-top: 0px !important;padding-right: 0px !important;padding-bottom: 0px !important;padding-left: 0px !important;}&#8220;][vc_column_inner width=&#8220;1\/2&#8243;][vc_empty_space height=&#8220;100px&#8220;][vc_column_text][\/vc_column_text][vc_empty_space height=&#8220;100px&#8220;][\/vc_column_inner][vc_column_inner width=&#8220;1\/2&#8243;][\/vc_column_inner][\/vc_row_inner][\/vc_column][\/vc_row][vc_row...\" \/>\n<meta property=\"og:url\" content=\"https:\/\/www.promfr.ch\/de\/ansiedeln\/\" \/>\n<meta property=\"og:site_name\" content=\"Wirtschaftsf\u00f6rderung WIF\" \/>\n<meta property=\"article:modified_time\" content=\"2023-04-12T09:17:31+00:00\" \/>\n<meta name=\"twitter:card\" content=\"summary_large_image\" \/>\n<meta name=\"twitter:site\" content=\"@promfr\" \/>\n<script type=\"application\/ld+json\" class=\"yoast-schema-graph\">{\"@context\":\"https:\/\/schema.org\",\"@graph\":[{\"@type\":\"WebPage\",\"@id\":\"https:\/\/www.promfr.ch\/de\/ansiedeln\/\",\"url\":\"https:\/\/www.promfr.ch\/de\/ansiedeln\/\",\"name\":\"Ansiedeln - Wirtschaftsf\u00f6rderung WIF\",\"isPartOf\":{\"@id\":\"https:\/\/www.promfr.ch\/#website\"},\"datePublished\":\"2018-09-21T06:49:18+00:00\",\"dateModified\":\"2023-04-12T09:17:31+00:00\",\"breadcrumb\":{\"@id\":\"https:\/\/www.promfr.ch\/de\/ansiedeln\/#breadcrumb\"},\"inLanguage\":\"de\",\"potentialAction\":[{\"@type\":\"ReadAction\",\"target\":[\"https:\/\/www.promfr.ch\/de\/ansiedeln\/\"]}]},{\"@type\":\"BreadcrumbList\",\"@id\":\"https:\/\/www.promfr.ch\/de\/ansiedeln\/#breadcrumb\",\"itemListElement\":[{\"@type\":\"ListItem\",\"position\":1,\"name\":\"Accueil\",\"item\":\"https:\/\/www.promfr.ch\/de\/\"},{\"@type\":\"ListItem\",\"position\":2,\"name\":\"Ansiedeln\"}]},{\"@type\":\"WebSite\",\"@id\":\"https:\/\/www.promfr.ch\/#website\",\"url\":\"https:\/\/www.promfr.ch\/\",\"name\":\"Promotion \u00e9conomique du canton de Fribourg (PromFR)\",\"description\":\"FRIBOURG, THE PLACE TO GROW!\",\"publisher\":{\"@id\":\"https:\/\/www.promfr.ch\/#organization\"},\"alternateName\":\"Wirtschaftsf\u00f6rderung Kanton Freiburg (WIF)\",\"potentialAction\":[{\"@type\":\"SearchAction\",\"target\":{\"@type\":\"EntryPoint\",\"urlTemplate\":\"https:\/\/www.promfr.ch\/?s={search_term_string}\"},\"query-input\":{\"@type\":\"PropertyValueSpecification\",\"valueRequired\":true,\"valueName\":\"search_term_string\"}}],\"inLanguage\":\"de\"},{\"@type\":\"Organization\",\"@id\":\"https:\/\/www.promfr.ch\/#organization\",\"name\":\"Promotion \u00e9conomique du canton de Fribourg (PromFR)\",\"alternateName\":\"Wirtschaftsf\u00f6rderung Kanton Freiburg (WIF)\",\"url\":\"https:\/\/www.promfr.ch\/\",\"logo\":{\"@type\":\"ImageObject\",\"inLanguage\":\"de\",\"@id\":\"https:\/\/www.promfr.ch\/#\/schema\/logo\/image\/\",\"url\":\"https:\/\/www.promfr.ch\/wp-content\/uploads\/2017\/07\/promotion-economique-fribourg-logo.png\",\"contentUrl\":\"https:\/\/www.promfr.ch\/wp-content\/uploads\/2017\/07\/promotion-economique-fribourg-logo.png\",\"width\":515,\"height\":156,\"caption\":\"Promotion \u00e9conomique du canton de Fribourg (PromFR)\"},\"image\":{\"@id\":\"https:\/\/www.promfr.ch\/#\/schema\/logo\/image\/\"},\"sameAs\":[\"https:\/\/x.com\/promfr\",\"https:\/\/www.linkedin.com\/company\/promfr\",\"https:\/\/www.youtube.com\/user\/promfr\"]}]}<\/script>\n<!-- \/ Yoast SEO plugin. -->","yoast_head_json":{"title":"Ansiedeln - Wirtschaftsf\u00f6rderung WIF","robots":{"index":"index","follow":"follow","max-snippet":"max-snippet:-1","max-image-preview":"max-image-preview:large","max-video-preview":"max-video-preview:-1"},"canonical":"https:\/\/www.promfr.ch\/de\/ansiedeln\/","og_locale":"de_DE","og_type":"article","og_title":"Ansiedeln - Wirtschaftsf\u00f6rderung WIF","og_description":"[vc_row row_type=&#8220;parallax&#8220; full_screen_section_height=&#8220;no&#8220; css=&#8220;.vc_custom_1504259827092{margin-top: 0px !important;margin-right: 0px !important;margin-bottom: 0px !important;margin-left: 0px !important;padding-top: 0px !important;padding-right: 0px !important;padding-bottom: 0px !important;padding-left: 0px !important;background-image: url(https:\/\/www.promfr.ch\/wp-content\/uploads\/2017\/09\/banner_implanter.png?id=10457) !important;}&#8220;][vc_column css=&#8220;.vc_custom_1500387896779{padding-top: 0px !important;padding-right: 0px !important;padding-bottom: 0px !important;padding-left: 0px !important;}&#8220;][vc_row_inner content_width=&#8220;grid&#8220; css=&#8220;.vc_custom_1500387877346{padding-top: 0px !important;padding-right: 0px !important;padding-bottom: 0px !important;padding-left: 0px !important;}&#8220;][vc_column_inner width=&#8220;1\/2&#8243;][vc_empty_space height=&#8220;100px&#8220;][vc_column_text][\/vc_column_text][vc_empty_space height=&#8220;100px&#8220;][\/vc_column_inner][vc_column_inner width=&#8220;1\/2&#8243;][\/vc_column_inner][\/vc_row_inner][\/vc_column][\/vc_row][vc_row...","og_url":"https:\/\/www.promfr.ch\/de\/ansiedeln\/","og_site_name":"Wirtschaftsf\u00f6rderung WIF","article_modified_time":"2023-04-12T09:17:31+00:00","twitter_card":"summary_large_image","twitter_site":"@promfr","schema":{"@context":"https:\/\/schema.org","@graph":[{"@type":"WebPage","@id":"https:\/\/www.promfr.ch\/de\/ansiedeln\/","url":"https:\/\/www.promfr.ch\/de\/ansiedeln\/","name":"Ansiedeln - Wirtschaftsf\u00f6rderung WIF","isPartOf":{"@id":"https:\/\/www.promfr.ch\/#website"},"datePublished":"2018-09-21T06:49:18+00:00","dateModified":"2023-04-12T09:17:31+00:00","breadcrumb":{"@id":"https:\/\/www.promfr.ch\/de\/ansiedeln\/#breadcrumb"},"inLanguage":"de","potentialAction":[{"@type":"ReadAction","target":["https:\/\/www.promfr.ch\/de\/ansiedeln\/"]}]},{"@type":"BreadcrumbList","@id":"https:\/\/www.promfr.ch\/de\/ansiedeln\/#breadcrumb","itemListElement":[{"@type":"ListItem","position":1,"name":"Accueil","item":"https:\/\/www.promfr.ch\/de\/"},{"@type":"ListItem","position":2,"name":"Ansiedeln"}]},{"@type":"WebSite","@id":"https:\/\/www.promfr.ch\/#website","url":"https:\/\/www.promfr.ch\/","name":"Promotion \u00e9conomique du canton de Fribourg (PromFR)","description":"FRIBOURG, THE PLACE TO GROW!","publisher":{"@id":"https:\/\/www.promfr.ch\/#organization"},"alternateName":"Wirtschaftsf\u00f6rderung Kanton Freiburg (WIF)","potentialAction":[{"@type":"SearchAction","target":{"@type":"EntryPoint","urlTemplate":"https:\/\/www.promfr.ch\/?s={search_term_string}"},"query-input":{"@type":"PropertyValueSpecification","valueRequired":true,"valueName":"search_term_string"}}],"inLanguage":"de"},{"@type":"Organization","@id":"https:\/\/www.promfr.ch\/#organization","name":"Promotion \u00e9conomique du canton de Fribourg (PromFR)","alternateName":"Wirtschaftsf\u00f6rderung Kanton Freiburg (WIF)","url":"https:\/\/www.promfr.ch\/","logo":{"@type":"ImageObject","inLanguage":"de","@id":"https:\/\/www.promfr.ch\/#\/schema\/logo\/image\/","url":"https:\/\/www.promfr.ch\/wp-content\/uploads\/2017\/07\/promotion-economique-fribourg-logo.png","contentUrl":"https:\/\/www.promfr.ch\/wp-content\/uploads\/2017\/07\/promotion-economique-fribourg-logo.png","width":515,"height":156,"caption":"Promotion \u00e9conomique du canton de Fribourg (PromFR)"},"image":{"@id":"https:\/\/www.promfr.ch\/#\/schema\/logo\/image\/"},"sameAs":["https:\/\/x.com\/promfr","https:\/\/www.linkedin.com\/company\/promfr","https:\/\/www.youtube.com\/user\/promfr"]}]}},"_links":{"self":[{"href":"https:\/\/www.promfr.ch\/de\/wp-json\/wp\/v2\/pages\/11298","targetHints":{"allow":["GET"]}}],"collection":[{"href":"https:\/\/www.promfr.ch\/de\/wp-json\/wp\/v2\/pages"}],"about":[{"href":"https:\/\/www.promfr.ch\/de\/wp-json\/wp\/v2\/types\/page"}],"author":[{"embeddable":true,"href":"https:\/\/www.promfr.ch\/de\/wp-json\/wp\/v2\/users\/2"}],"replies":[{"embeddable":true,"href":"https:\/\/www.promfr.ch\/de\/wp-json\/wp\/v2\/comments?post=11298"}],"version-history":[{"count":15,"href":"https:\/\/www.promfr.ch\/de\/wp-json\/wp\/v2\/pages\/11298\/revisions"}],"predecessor-version":[{"id":19753,"href":"https:\/\/www.promfr.ch\/de\/wp-json\/wp\/v2\/pages\/11298\/revisions\/19753"}],"wp:attachment":[{"href":"https:\/\/www.promfr.ch\/de\/wp-json\/wp\/v2\/media?parent=11298"}],"wp:term":[{"taxonomy":"post_tag","embeddable":true,"href":"https:\/\/www.promfr.ch\/de\/wp-json\/wp\/v2\/tags?post=11298"}],"curies":[{"name":"wp","href":"https:\/\/api.w.org\/{rel}","templated":true}]}}