{"id":11374,"date":"2018-09-21T13:09:03","date_gmt":"2018-09-21T11:09:03","guid":{"rendered":"http:\/\/www.promfr.ch\/ansiedeln\/standorte\/"},"modified":"2025-04-28T08:58:30","modified_gmt":"2025-04-28T06:58:30","slug":"standorte","status":"publish","type":"page","link":"https:\/\/www.promfr.ch\/de\/ansiedeln\/standorte\/","title":{"rendered":"Standorte"},"content":{"rendered":"<div class=\"wpb-content-wrapper\"><p>[vc_row row_type=&#8220;parallax&#8220; full_screen_section_height=&#8220;no&#8220; css=&#8220;.vc_custom_1500456852303{margin-top: 0px !important;margin-right: 0px !important;margin-bottom: 0px !important;margin-left: 0px !important;padding-top: 0px !important;padding-right: 0px !important;padding-bottom: 0px !important;padding-left: 0px !important;background-color: #002c77 !important;}&#8220;][vc_column css=&#8220;.vc_custom_1500387896779{padding-top: 0px !important;padding-right: 0px !important;padding-bottom: 0px !important;padding-left: 0px !important;}&#8220;][vc_row_inner content_width=&#8220;grid&#8220; css=&#8220;.vc_custom_1500457336512{padding-top: 0px !important;padding-right: 0px !important;padding-bottom: 0px !important;padding-left: 0px !important;}&#8220; el_class=&#8220;bannerservices&#8220;][vc_column_inner width=&#8220;1\/2&#8243;][vc_empty_space height=&#8220;30px&#8220;]<div class=\"mkd-iwt clearfix mkd-iwt-icon-left mkd-iwt-icon-tiny\">\n\t<div class=\"mkd-iwt-icon-holder\">\n\t\t\t\t\t\n\t<span class=\"mkd-icon-shortcode normal mkd-icon-tiny\"  data-hover-color=\"#ffffff\" data-color=\"#ffffff\">\n        \n\t\t\t<i class=\"mkd-icon-dripicons dripicon dripicon-home mkd-icon-element\" style=\"color: #ffffff\" ><\/i>\n\t\t\t    <\/span>\n\n\t\t\t\t<\/div>\n\t<div class=\"mkd-iwt-content-holder\" style=\"padding-left: 40px\">\n\t\t<div class=\"mkd-iwt-title-holder\">\n\t\t\t<h4 style=\"color: #ffffff;text-transform: none;font-weight: 700\">Standorte<\/h4>\n\t<\/div>\n\t<div class=\"mkd-iwt-text-holder\">\n\t\t<p ><\/p>\n\n\t\t\t<\/div>\n<\/div>\n<\/div>[vc_column_text][\/vc_column_text][vc_empty_space height=&#8220;30px&#8220;][\/vc_column_inner][vc_column_inner width=&#8220;1\/2&#8243;][\/vc_column_inner][\/vc_row_inner][\/vc_column][\/vc_row][vc_row content_width=&#8220;grid&#8220; css=&#8220;.vc_custom_1509087434040{padding-top: 30px !important;}&#8220;][vc_column][vc_single_image image=&#8220;11375&#8243; img_size=&#8220;full&#8220;][\/vc_column][\/vc_row][vc_row content_width=&#8220;grid&#8220; css=&#8220;.vc_custom_1509011842825{padding-top: 20px !important;padding-bottom: 30px !important;}&#8220;][vc_column][vc_column_text]Unternehmen, die sich im Kanton Freiburg niederlassen wollen, kann der Kanton Freiburg \u2013 im Gegensatz zu anderen Schweizer Regionen \u2013 zahlreiche Grundst\u00fccke und Geb\u00e4ude anbieten. Ausserdem sind die Immobilienpreise hier g\u00fcnstiger als in den grossen st\u00e4dtischen Zentren der Schweiz. Mehrere Innovationsquartiere im Kanton Freiburg bereichern dieses Angebot.[\/vc_column_text][\/vc_column][\/vc_row][vc_row][vc_column][vc_column_text] [\/vc_column_text][\/vc_column][\/vc_row][vc_row][vc_column][vc_column_text]<\/p>\n<p>[\/vc_column_text][\/vc_column][\/vc_row][vc_row content_width=&#8220;grid&#8220; css=&#8220;.vc_custom_1508943630448{padding-bottom: 60px !important;}&#8220;][vc_column]<div class=\"mkd-tabs mkd-vertical mkd-tab-text clearfix\">\n\t<ul class=\"mkd-tabs-nav\">\n\t\t\t\t\t<li>\n\t\t\t\t<a href=\"#tab-raeumlichkeiten\" class=\"active-tab-style-1\">\n\t\t\t\t\t<span class=\"mkd-tab-title-subtitle\">\n\t\t\t\t\t\t<span class=\"mkd-tab-title\">\n\t\t\t\t\t\t\tR\u00e4umlichkeiten\t\t\t\t\t\t<\/span>\n\t\t\t\t\t\t<span class=\"mkd-tab-subtitle\">\n\t\t\t\t\t\t\t\t\t\t\t\t\t<\/span>\n\t\t\t\t\t<\/span>\n\t\t\t\t<\/a>\n\t\t\t<\/li>\n\t\t\t\t\t<li>\n\t\t\t\t<a href=\"#tab-industriegrundstuecke\" class=\"active-tab-style-1\">\n\t\t\t\t\t<span class=\"mkd-tab-title-subtitle\">\n\t\t\t\t\t\t<span class=\"mkd-tab-title\">\n\t\t\t\t\t\t\tIndustriegrundst\u00fccke\t\t\t\t\t\t<\/span>\n\t\t\t\t\t\t<span class=\"mkd-tab-subtitle\">\n\t\t\t\t\t\t\t\t\t\t\t\t\t<\/span>\n\t\t\t\t\t<\/span>\n\t\t\t\t<\/a>\n\t\t\t<\/li>\n\t\t\t\t\t<li>\n\t\t\t\t<a href=\"#tab-technologieparks\" class=\"active-tab-style-1\">\n\t\t\t\t\t<span class=\"mkd-tab-title-subtitle\">\n\t\t\t\t\t\t<span class=\"mkd-tab-title\">\n\t\t\t\t\t\t\tTechnologieparks\t\t\t\t\t\t<\/span>\n\t\t\t\t\t\t<span class=\"mkd-tab-subtitle\">\n\t\t\t\t\t\t\t\t\t\t\t\t\t<\/span>\n\t\t\t\t\t<\/span>\n\t\t\t\t<\/a>\n\t\t\t<\/li>\n\t\t\t\t<li class=\"mkd-tab-line\"><span class=\"mkd-tab-line-inner \"><\/span><\/li>\n\t<\/ul>\n\t<div class=\"mkd-tab-container\"  id=\"tab-raeumlichkeiten-901\" data-icon-pack=\"font_awesome\" data-icon-html=\"&lt;i class=&quot;mkd-icon-font-awesome fa  &quot; &gt;&lt;\/i&gt;\">\n\t[vc_column_text]<\/p>\n<h4>Ein reiches Angebot<\/h4>\n<p>Die Wirtschaftsf\u00f6rderung des Kantons unterst\u00fctzt Sie bei der Suche nach den idealen R\u00e4umlichkeiten: Kauf oder Miete, Nutzung von bestehenden Geb\u00e4uden oder Neubau, Stadt oder Land. Teilen Sie den Liegenschaftsspezialisten der Wirtschaftsf\u00f6rderung Ihr Anforderungsprofil mit \u2013 sie finden f\u00fcr Sie die geeigneten Gesch\u00e4fts- und Betriebsr\u00e4ume. Die Jahresmiete f\u00fcr ein Industriegeb\u00e4ude liegt derzeit zwischen CHF 80.\u2013\/m2 und CHF 250.\u2013\/m2. Bei einem B\u00fcro in der Stadt betragen die Mietkosten zwischen CHF 150.\u2013\/m2 und CHF 350.\u2013\/m2.[\/vc_column_text]<\/div>\n<div class=\"mkd-tab-container\"  id=\"tab-industriegrundstuecke-760\" data-icon-pack=\"font_awesome\" data-icon-html=\"&lt;i class=&quot;mkd-icon-font-awesome fa  &quot; &gt;&lt;\/i&gt;\">\n\t[vc_column_text css=&#8220;&#8220;]<\/p>\n<h4>\u00c4usserst g\u00fcnstige Preise<\/h4>\n<p>Die Preise f\u00fcr Industriegel\u00e4nde sind durchaus bescheiden \u2013 in der Schweiz heutzutage eine Seltenheit. Ein erschlossenes Grundst\u00fcck als Bauland kostet ab CHF 250.\u2013\/m2. Zudem besteht f\u00fcr die Finanzierung spezifischer Bauten die M\u00f6glichkeit, mit Investoren, Banken und Generalunternehmern zusammenzuarbeiten. Ausl\u00e4ndische Unternehmen d\u00fcrfen in der Schweiz Gesch\u00e4ftsliegenschaften f\u00fcr den eigenen Gebrauch erwerben, gewerbsm\u00e4ssige Liegenschaftsgesch\u00e4fte sind jedoch untersagt.[\/vc_column_text]<\/div>\n<div class=\"mkd-tab-container\"  id=\"tab-technologieparks-805\" data-icon-pack=\"font_awesome\" data-icon-html=\"&lt;i class=&quot;mkd-icon-font-awesome fa  &quot; &gt;&lt;\/i&gt;\">\n\t[vc_column_text]<\/p>\n<h4>Infrastruktur f\u00fcr Technologiefirmen<\/h4>\n<p>Gleich vier Technologie- und Industrieparks stellen im Kanton Freiburg zweckm\u00e4ssige Infrastrukturen und Dienstleistungen f\u00fcr innovative Start-ups und technologieorientierte Industrieunternehmen zur Verf\u00fcgung.<\/p>\n<ul>\n<li style=\"list-style-type: none;\">\n<ul>\n<li><a href=\"https:\/\/www.bluefactory.ch\/de\" target=\"_blank\" rel=\"noopener noreferrer\">blueFACTORY<\/a>\u00a0ist ein CO2-neutrales Innovationsquartier. Es befindet sich im Zentrum der Stadt Freiburg auf dem ehemaligen Gel\u00e4nde der Cardinal-Brauerei, das insgesamt 53\u2018000 m2 umfasst.<\/li>\n<li><a href=\"https:\/\/www.vivier.ch\/fr\/\" target=\"_blank\" rel=\"noopener noreferrer\">Le Vivier<\/a>\u00a0in Villaz-St-Pierre ist ein industrieller Campus f\u00fcr Start-ups und etablierte Technologiefirmen, mit einer Fl\u00e4che von \u00fcber 20\u2018000 m2.<\/li>\n<li>Das <a href=\"https:\/\/marly-innovation-center.org\/de\/startseite\/\" target=\"_blank\" rel=\"noopener noreferrer\">Marly Innovation Center<\/a> (MIC) ist einer der gr\u00f6ssten Technologieparks der Schweiz und umfasst rund 370\u2019000 m2, mit 7\u2019000 m2 Labors. Er beherbergt derzeit mehr als 150 Unternehmen und steht sowohl jungen als auch etablierten Unternehmen offen.<\/li>\n<li>Der <a href=\"http:\/\/www.agrico.swiss\/de\" target=\"_blank\" rel=\"noopener noreferrer\">AgriCo<\/a> Campus in St. Aubin besteht aus bebaubaren Fl\u00e4chen sowie aus Geb\u00e4uden und Labors, die gemietet werden k\u00f6nnen. Er ist umgeben von einer Landwirtschaftsfl\u00e4che von 1&#8217;000&#8217;000 m2.<\/li>\n<\/ul>\n<\/li>\n<\/ul>\n<p>[\/vc_column_text]<\/div>\n<\/div>\n\n[\/vc_column][\/vc_row]<\/p>\n<\/div>","protected":false},"excerpt":{"rendered":"<p>[vc_row row_type=&#8220;parallax&#8220; full_screen_section_height=&#8220;no&#8220; css=&#8220;.vc_custom_1500456852303{margin-top: 0px !important;margin-right: 0px !important;margin-bottom: 0px !important;margin-left: 0px !important;padding-top: 0px !important;padding-right: 0px !important;padding-bottom: 0px !important;padding-left: 0px !important;background-color: #002c77 !important;}&#8220;][vc_column css=&#8220;.vc_custom_1500387896779{padding-top: 0px !important;padding-right: 0px !important;padding-bottom: 0px !important;padding-left: 0px !important;}&#8220;][vc_row_inner content_width=&#8220;grid&#8220; css=&#8220;.vc_custom_1500457336512{padding-top: 0px !important;padding-right: 0px !important;padding-bottom: 0px !important;padding-left: 0px !important;}&#8220; el_class=&#8220;bannerservices&#8220;][vc_column_inner width=&#8220;1\/2&#8243;][vc_empty_space height=&#8220;30px&#8220;][vc_column_text][\/vc_column_text][vc_empty_space height=&#8220;30px&#8220;][\/vc_column_inner][vc_column_inner&#8230;<\/p>\n","protected":false},"author":2,"featured_media":0,"parent":11298,"menu_order":0,"comment_status":"closed","ping_status":"closed","template":"full-width.php","meta":{"footnotes":""},"tags":[],"class_list":["post-11374","page","type-page","status-publish","hentry"],"yoast_head":"<!-- This site is optimized with the Yoast SEO plugin v26.9 - https:\/\/yoast.com\/product\/yoast-seo-wordpress\/ -->\n<title>Standorte - Wirtschaftsf\u00f6rderung WIF<\/title>\n<meta name=\"description\" content=\"Le canton de Fribourg est travers\u00e9 par deux autoroutes et situ\u00e9 sur les principaux axes routiers de Suisse et d\u2019Europe. Fribourg est accessible en moins...\" \/>\n<meta name=\"robots\" content=\"index, follow, max-snippet:-1, max-image-preview:large, max-video-preview:-1\" \/>\n<link rel=\"canonical\" href=\"https:\/\/www.promfr.ch\/de\/ansiedeln\/standorte\/\" \/>\n<meta property=\"og:locale\" content=\"de_DE\" \/>\n<meta property=\"og:type\" content=\"article\" \/>\n<meta property=\"og:title\" content=\"Standorte - Wirtschaftsf\u00f6rderung WIF\" \/>\n<meta property=\"og:description\" content=\"Le canton de Fribourg est travers\u00e9 par deux autoroutes et situ\u00e9 sur les principaux axes routiers de Suisse et d\u2019Europe. Fribourg est accessible en moins...\" \/>\n<meta property=\"og:url\" content=\"https:\/\/www.promfr.ch\/de\/ansiedeln\/standorte\/\" \/>\n<meta property=\"og:site_name\" content=\"Wirtschaftsf\u00f6rderung WIF\" \/>\n<meta property=\"article:modified_time\" content=\"2025-04-28T06:58:30+00:00\" \/>\n<meta name=\"twitter:card\" content=\"summary_large_image\" \/>\n<meta name=\"twitter:site\" content=\"@promfr\" \/>\n<script type=\"application\/ld+json\" class=\"yoast-schema-graph\">{\"@context\":\"https:\/\/schema.org\",\"@graph\":[{\"@type\":\"WebPage\",\"@id\":\"https:\/\/www.promfr.ch\/de\/ansiedeln\/standorte\/\",\"url\":\"https:\/\/www.promfr.ch\/de\/ansiedeln\/standorte\/\",\"name\":\"Standorte - Wirtschaftsf\u00f6rderung WIF\",\"isPartOf\":{\"@id\":\"https:\/\/www.promfr.ch\/#website\"},\"datePublished\":\"2018-09-21T11:09:03+00:00\",\"dateModified\":\"2025-04-28T06:58:30+00:00\",\"description\":\"Le canton de Fribourg est travers\u00e9 par deux autoroutes et situ\u00e9 sur les principaux axes routiers de Suisse et d\u2019Europe. Fribourg est accessible en moins...\",\"breadcrumb\":{\"@id\":\"https:\/\/www.promfr.ch\/de\/ansiedeln\/standorte\/#breadcrumb\"},\"inLanguage\":\"de\",\"potentialAction\":[{\"@type\":\"ReadAction\",\"target\":[\"https:\/\/www.promfr.ch\/de\/ansiedeln\/standorte\/\"]}]},{\"@type\":\"BreadcrumbList\",\"@id\":\"https:\/\/www.promfr.ch\/de\/ansiedeln\/standorte\/#breadcrumb\",\"itemListElement\":[{\"@type\":\"ListItem\",\"position\":1,\"name\":\"Accueil\",\"item\":\"https:\/\/www.promfr.ch\/de\/\"},{\"@type\":\"ListItem\",\"position\":2,\"name\":\"Ansiedeln\",\"item\":\"https:\/\/www.promfr.ch\/de\/ansiedeln\/\"},{\"@type\":\"ListItem\",\"position\":3,\"name\":\"Standorte\"}]},{\"@type\":\"WebSite\",\"@id\":\"https:\/\/www.promfr.ch\/#website\",\"url\":\"https:\/\/www.promfr.ch\/\",\"name\":\"Promotion \u00e9conomique du canton de Fribourg (PromFR)\",\"description\":\"FRIBOURG, THE PLACE TO GROW!\",\"publisher\":{\"@id\":\"https:\/\/www.promfr.ch\/#organization\"},\"alternateName\":\"Wirtschaftsf\u00f6rderung Kanton Freiburg (WIF)\",\"potentialAction\":[{\"@type\":\"SearchAction\",\"target\":{\"@type\":\"EntryPoint\",\"urlTemplate\":\"https:\/\/www.promfr.ch\/?s={search_term_string}\"},\"query-input\":{\"@type\":\"PropertyValueSpecification\",\"valueRequired\":true,\"valueName\":\"search_term_string\"}}],\"inLanguage\":\"de\"},{\"@type\":\"Organization\",\"@id\":\"https:\/\/www.promfr.ch\/#organization\",\"name\":\"Promotion \u00e9conomique du canton de Fribourg (PromFR)\",\"alternateName\":\"Wirtschaftsf\u00f6rderung Kanton Freiburg (WIF)\",\"url\":\"https:\/\/www.promfr.ch\/\",\"logo\":{\"@type\":\"ImageObject\",\"inLanguage\":\"de\",\"@id\":\"https:\/\/www.promfr.ch\/#\/schema\/logo\/image\/\",\"url\":\"https:\/\/www.promfr.ch\/wp-content\/uploads\/2017\/07\/promotion-economique-fribourg-logo.png\",\"contentUrl\":\"https:\/\/www.promfr.ch\/wp-content\/uploads\/2017\/07\/promotion-economique-fribourg-logo.png\",\"width\":515,\"height\":156,\"caption\":\"Promotion \u00e9conomique du canton de Fribourg (PromFR)\"},\"image\":{\"@id\":\"https:\/\/www.promfr.ch\/#\/schema\/logo\/image\/\"},\"sameAs\":[\"https:\/\/x.com\/promfr\",\"https:\/\/www.linkedin.com\/company\/promfr\",\"https:\/\/www.youtube.com\/user\/promfr\"]}]}<\/script>\n<!-- \/ Yoast SEO plugin. -->","yoast_head_json":{"title":"Standorte - Wirtschaftsf\u00f6rderung WIF","description":"Le canton de Fribourg est travers\u00e9 par deux autoroutes et situ\u00e9 sur les principaux axes routiers de Suisse et d\u2019Europe. Fribourg est accessible en moins...","robots":{"index":"index","follow":"follow","max-snippet":"max-snippet:-1","max-image-preview":"max-image-preview:large","max-video-preview":"max-video-preview:-1"},"canonical":"https:\/\/www.promfr.ch\/de\/ansiedeln\/standorte\/","og_locale":"de_DE","og_type":"article","og_title":"Standorte - Wirtschaftsf\u00f6rderung WIF","og_description":"Le canton de Fribourg est travers\u00e9 par deux autoroutes et situ\u00e9 sur les principaux axes routiers de Suisse et d\u2019Europe. Fribourg est accessible en moins...","og_url":"https:\/\/www.promfr.ch\/de\/ansiedeln\/standorte\/","og_site_name":"Wirtschaftsf\u00f6rderung WIF","article_modified_time":"2025-04-28T06:58:30+00:00","twitter_card":"summary_large_image","twitter_site":"@promfr","schema":{"@context":"https:\/\/schema.org","@graph":[{"@type":"WebPage","@id":"https:\/\/www.promfr.ch\/de\/ansiedeln\/standorte\/","url":"https:\/\/www.promfr.ch\/de\/ansiedeln\/standorte\/","name":"Standorte - Wirtschaftsf\u00f6rderung WIF","isPartOf":{"@id":"https:\/\/www.promfr.ch\/#website"},"datePublished":"2018-09-21T11:09:03+00:00","dateModified":"2025-04-28T06:58:30+00:00","description":"Le canton de Fribourg est travers\u00e9 par deux autoroutes et situ\u00e9 sur les principaux axes routiers de Suisse et d\u2019Europe. Fribourg est accessible en moins...","breadcrumb":{"@id":"https:\/\/www.promfr.ch\/de\/ansiedeln\/standorte\/#breadcrumb"},"inLanguage":"de","potentialAction":[{"@type":"ReadAction","target":["https:\/\/www.promfr.ch\/de\/ansiedeln\/standorte\/"]}]},{"@type":"BreadcrumbList","@id":"https:\/\/www.promfr.ch\/de\/ansiedeln\/standorte\/#breadcrumb","itemListElement":[{"@type":"ListItem","position":1,"name":"Accueil","item":"https:\/\/www.promfr.ch\/de\/"},{"@type":"ListItem","position":2,"name":"Ansiedeln","item":"https:\/\/www.promfr.ch\/de\/ansiedeln\/"},{"@type":"ListItem","position":3,"name":"Standorte"}]},{"@type":"WebSite","@id":"https:\/\/www.promfr.ch\/#website","url":"https:\/\/www.promfr.ch\/","name":"Promotion \u00e9conomique du canton de Fribourg (PromFR)","description":"FRIBOURG, THE PLACE TO GROW!","publisher":{"@id":"https:\/\/www.promfr.ch\/#organization"},"alternateName":"Wirtschaftsf\u00f6rderung Kanton Freiburg (WIF)","potentialAction":[{"@type":"SearchAction","target":{"@type":"EntryPoint","urlTemplate":"https:\/\/www.promfr.ch\/?s={search_term_string}"},"query-input":{"@type":"PropertyValueSpecification","valueRequired":true,"valueName":"search_term_string"}}],"inLanguage":"de"},{"@type":"Organization","@id":"https:\/\/www.promfr.ch\/#organization","name":"Promotion \u00e9conomique du canton de Fribourg (PromFR)","alternateName":"Wirtschaftsf\u00f6rderung Kanton Freiburg (WIF)","url":"https:\/\/www.promfr.ch\/","logo":{"@type":"ImageObject","inLanguage":"de","@id":"https:\/\/www.promfr.ch\/#\/schema\/logo\/image\/","url":"https:\/\/www.promfr.ch\/wp-content\/uploads\/2017\/07\/promotion-economique-fribourg-logo.png","contentUrl":"https:\/\/www.promfr.ch\/wp-content\/uploads\/2017\/07\/promotion-economique-fribourg-logo.png","width":515,"height":156,"caption":"Promotion \u00e9conomique du canton de Fribourg (PromFR)"},"image":{"@id":"https:\/\/www.promfr.ch\/#\/schema\/logo\/image\/"},"sameAs":["https:\/\/x.com\/promfr","https:\/\/www.linkedin.com\/company\/promfr","https:\/\/www.youtube.com\/user\/promfr"]}]}},"_links":{"self":[{"href":"https:\/\/www.promfr.ch\/de\/wp-json\/wp\/v2\/pages\/11374","targetHints":{"allow":["GET"]}}],"collection":[{"href":"https:\/\/www.promfr.ch\/de\/wp-json\/wp\/v2\/pages"}],"about":[{"href":"https:\/\/www.promfr.ch\/de\/wp-json\/wp\/v2\/types\/page"}],"author":[{"embeddable":true,"href":"https:\/\/www.promfr.ch\/de\/wp-json\/wp\/v2\/users\/2"}],"replies":[{"embeddable":true,"href":"https:\/\/www.promfr.ch\/de\/wp-json\/wp\/v2\/comments?post=11374"}],"version-history":[{"count":9,"href":"https:\/\/www.promfr.ch\/de\/wp-json\/wp\/v2\/pages\/11374\/revisions"}],"predecessor-version":[{"id":21314,"href":"https:\/\/www.promfr.ch\/de\/wp-json\/wp\/v2\/pages\/11374\/revisions\/21314"}],"up":[{"embeddable":true,"href":"https:\/\/www.promfr.ch\/de\/wp-json\/wp\/v2\/pages\/11298"}],"wp:attachment":[{"href":"https:\/\/www.promfr.ch\/de\/wp-json\/wp\/v2\/media?parent=11374"}],"wp:term":[{"taxonomy":"post_tag","embeddable":true,"href":"https:\/\/www.promfr.ch\/de\/wp-json\/wp\/v2\/tags?post=11374"}],"curies":[{"name":"wp","href":"https:\/\/api.w.org\/{rel}","templated":true}]}}