{"id":11386,"date":"2018-09-21T13:23:42","date_gmt":"2018-09-21T11:23:42","guid":{"rendered":"http:\/\/www.promfr.ch\/unterstutzung\/"},"modified":"2023-01-30T15:06:09","modified_gmt":"2023-01-30T14:06:09","slug":"unterstutzung","status":"publish","type":"page","link":"https:\/\/www.promfr.ch\/de\/expandieren\/unterstutzung\/","title":{"rendered":"Unterst\u00fctzung"},"content":{"rendered":"<div class=\"wpb-content-wrapper\"><p>[vc_row row_type=&#8220;parallax&#8220; full_screen_section_height=&#8220;no&#8220; css=&#8220;.vc_custom_1500456852303{margin-top: 0px !important;margin-right: 0px !important;margin-bottom: 0px !important;margin-left: 0px !important;padding-top: 0px !important;padding-right: 0px !important;padding-bottom: 0px !important;padding-left: 0px !important;background-color: #002c77 !important;}&#8220;][vc_column css=&#8220;.vc_custom_1500387896779{padding-top: 0px !important;padding-right: 0px !important;padding-bottom: 0px !important;padding-left: 0px !important;}&#8220;][vc_row_inner content_width=&#8220;grid&#8220; css=&#8220;.vc_custom_1500457336512{padding-top: 0px !important;padding-right: 0px !important;padding-bottom: 0px !important;padding-left: 0px !important;}&#8220; el_class=&#8220;bannerservices&#8220;][vc_column_inner width=&#8220;1\/2&#8243;][vc_empty_space height=&#8220;30px&#8220;]<div class=\"mkd-iwt clearfix mkd-iwt-icon-left mkd-iwt-icon-tiny\">\n\t<div class=\"mkd-iwt-icon-holder\">\n\t\t\t\t\t\n\t<span class=\"mkd-icon-shortcode normal mkd-icon-tiny\"  data-hover-color=\"#ffffff\" data-color=\"#ffffff\">\n        \n\t\t\t<i class=\"mkd-icon-dripicons dripicon dripicon-user mkd-icon-element\" style=\"color: #ffffff\" ><\/i>\n\t\t\t    <\/span>\n\n\t\t\t\t<\/div>\n\t<div class=\"mkd-iwt-content-holder\" style=\"padding-left: 40px\">\n\t\t<div class=\"mkd-iwt-title-holder\">\n\t\t\t<h4 style=\"color: #ffffff;text-transform: none;font-weight: 700\">Unterst\u00fctzung<\/h4>\n\t<\/div>\n\t<div class=\"mkd-iwt-text-holder\">\n\t\t<p ><\/p>\n\n\t\t\t<\/div>\n<\/div>\n<\/div>[vc_column_text][\/vc_column_text][vc_empty_space height=&#8220;30px&#8220;][\/vc_column_inner][vc_column_inner width=&#8220;1\/2&#8243;][\/vc_column_inner][\/vc_row_inner][\/vc_column][\/vc_row][vc_row content_width=&#8220;grid&#8220;][vc_column][vc_empty_space height=&#8220;30px&#8220;][\/vc_column][\/vc_row][vc_row content_width=&#8220;grid&#8220; css=&#8220;.vc_custom_1500464021534{padding-top: 20px !important;padding-bottom: 50px !important;}&#8220;][vc_column][vc_empty_space height=&#8220;30px&#8220;]<div class=\"mkd-tabs mkd-vertical mkd-tab-text clearfix\">\n\t<ul class=\"mkd-tabs-nav\">\n\t\t\t\t\t<li>\n\t\t\t\t<a href=\"#tab-finanzielle-unterstuetzung\" class=\"active-tab-style-1\">\n\t\t\t\t\t<span class=\"mkd-tab-title-subtitle\">\n\t\t\t\t\t\t<span class=\"mkd-tab-title\">\n\t\t\t\t\t\t\tFinanzielle Unterst\u00fctzung\t\t\t\t\t\t<\/span>\n\t\t\t\t\t\t<span class=\"mkd-tab-subtitle\">\n\t\t\t\t\t\t\t\t\t\t\t\t\t<\/span>\n\t\t\t\t\t<\/span>\n\t\t\t\t<\/a>\n\t\t\t<\/li>\n\t\t\t\t\t<li>\n\t\t\t\t<a href=\"#tab-steuerliche-unterstuetzung\" class=\"active-tab-style-1\">\n\t\t\t\t\t<span class=\"mkd-tab-title-subtitle\">\n\t\t\t\t\t\t<span class=\"mkd-tab-title\">\n\t\t\t\t\t\t\tSteuerliche Unterst\u00fctzung\t\t\t\t\t\t<\/span>\n\t\t\t\t\t\t<span class=\"mkd-tab-subtitle\">\n\t\t\t\t\t\t\t\t\t\t\t\t\t<\/span>\n\t\t\t\t\t<\/span>\n\t\t\t\t<\/a>\n\t\t\t<\/li>\n\t\t\t\t\t<li>\n\t\t\t\t<a href=\"#tab-coaching\" class=\"active-tab-style-1\">\n\t\t\t\t\t<span class=\"mkd-tab-title-subtitle\">\n\t\t\t\t\t\t<span class=\"mkd-tab-title\">\n\t\t\t\t\t\t\tCoaching\t\t\t\t\t\t<\/span>\n\t\t\t\t\t\t<span class=\"mkd-tab-subtitle\">\n\t\t\t\t\t\t\t\t\t\t\t\t\t<\/span>\n\t\t\t\t\t<\/span>\n\t\t\t\t<\/a>\n\t\t\t<\/li>\n\t\t\t\t<li class=\"mkd-tab-line\"><span class=\"mkd-tab-line-inner \"><\/span><\/li>\n\t<\/ul>\n\t<div class=\"mkd-tab-container\"  id=\"tab-finanzielle-unterstuetzung-290\" data-icon-pack=\"font_awesome\" data-icon-html=\"&lt;i class=&quot;mkd-icon-font-awesome fa  &quot; &gt;&lt;\/i&gt;\">\n\t[vc_column_text]Der Kanton Freiburg kann innovative Unternehmensprojekte unterst\u00fctzen, wenn ihr Absatzmarkt haupts\u00e4chlich ausserhalb des Kantons liegt. Mit der Gew\u00e4hrung von finanziellen Beitr\u00e4gen f\u00fcr Investitionen, Arbeitspl\u00e4tze, Innovationen, Mieten oder die Erschliessung neuer M\u00e4rkte. Die Gew\u00e4hrung einer B\u00fcrgschaft f\u00fcr Bankkredite ist auch m\u00f6glich. Gerne erkl\u00e4ren Ihnen unsere Mitarbeitenden diese verschiedenen Unterst\u00fctzungsm\u00f6glichkeiten.[\/vc_column_text][vc_text_separator title=&#8220;Kontakt&#8220; title_align=&#8220;separator_align_left&#8220; css=&#8220;.vc_custom_1517567233705{margin-top: 20px !important;}&#8220;][vc_column_text]<strong>Wirtschaftsf\u00f6rderung Kanton Freiburg<\/strong><\/p>\n<p>Boulevard de P\u00e9rolles 25<br \/>\nPostfach<br \/>\n1701 Freiburg<\/p>\n<p>T + 41 26 304 14 00<br \/>\n<a title=\"p&#x72;&#x6f;m&#102;&#x72;&#x40;f&#114;&#x2e;ch\" href=\"mai&#108;&#116;&#x6f;&#x3a;&#x70;&#x72;&#x6f;mfr&#64;&#102;&#x72;&#x2e;&#x63;&#x68;\" target=\"_blank\" rel=\"noopener noreferrer\">&#x70;&#x72;&#111;&#109;fr&#x40;&#x66;&#x72;&#46;ch<\/a><br \/>\n<a title=\"www.promfr.ch\" href=\"https:\/\/www.promfr.ch\/\" target=\"_blank\" rel=\"noopener noreferrer\">www.promfr.ch<\/a>[\/vc_column_text]<\/div>\n<div class=\"mkd-tab-container\"  id=\"tab-steuerliche-unterstuetzung-120\" data-icon-pack=\"font_awesome\" data-icon-html=\"&lt;i class=&quot;mkd-icon-font-awesome fa  &quot; &gt;&lt;\/i&gt;\">\n\t[vc_column_text]<\/p>\n<h4>G\u00fcnstige steuerliche Bedingungen und aussergew\u00f6hnliche Abschreibungen<\/h4>\n<p>Unter bestimmten Bedingungen k\u00f6nnen Unternehmen f\u00fcr bis zu zehn Jahre von einer teilweisen oder vollst\u00e4ndigen Steuererleichterung auf Kantons- und Gemeindeebene profitieren.<\/p>\n<h4>Aussergew\u00f6hnliche Abschreibungen<\/h4>\n<p>Die Steuerverwaltung kann Unternehmen das Recht einr\u00e4umen, aussergew\u00f6hnliche Abschreibungen zu t\u00e4tigen bzw. R\u00fcckstellungen f\u00fcr derartige Abschreibungen zu bilden.<\/p>\n<p>Den Unternehmen, die sich f\u00fcr Ausk\u00fcnfte rund um eine Steueroptimierung interessieren, steht die Wirtschaftsf\u00f6rderung Kanton Freiburg gerne zur Verf\u00fcgung.[\/vc_column_text][vc_text_separator title=&#8220;Kontakt&#8220; title_align=&#8220;separator_align_left&#8220; css=&#8220;.vc_custom_1517567233705{margin-top: 20px !important;}&#8220;][vc_column_text]<strong>Wirtschaftsf\u00f6rderung Kanton Freiburg<\/strong><\/p>\n<p>Boulevard de P\u00e9rolles 25<br \/>\nPostfach<br \/>\n1701 Freiburg<\/p>\n<p>T + 41 26 304 14 00<br \/>\n<a title=\"p&#x72;&#x6f;m&#102;&#x72;&#x40;f&#114;&#x2e;ch\" href=\"&#x6d;&#x61;&#x69;&#x6c;&#x74;&#x6f;&#x3a;&#x70;&#x72;&#x6f;&#x6d;&#102;&#114;&#64;&#102;r.ch\" target=\"_blank\" rel=\"noopener noreferrer\">&#x70;r&#x6f;m&#x66;&#114;&#64;&#x66;r&#x2e;c&#x68;<\/a><br \/>\n<a title=\"www.promfr.ch\" href=\"https:\/\/www.promfr.ch\/\" target=\"_blank\" rel=\"noopener noreferrer\">www.promfr.ch<\/a>[\/vc_column_text][vc_column_text][\/vc_column_text]<\/div>\n<div class=\"mkd-tab-container\"  id=\"tab-coaching-617\" data-icon-pack=\"font_awesome\" data-icon-html=\"&lt;i class=&quot;mkd-icon-font-awesome fa  &quot; &gt;&lt;\/i&gt;\">\n\t[vc_column_text]<\/p>\n<h4>Coachings f\u00f6rdern Ihre Wettbewerbsf\u00e4higkeit<\/h4>\n<p><strong><a title=\"platinn\" href=\"https:\/\/platinn.ch\/?lang=de\" target=\"_blank\" rel=\"noopener noreferrer\">platinn <\/a><\/strong>bietet Coaching-Dienstleistungen f\u00fcr Start-ups und KMUs in der Westschweiz an. Das Coaching-Programm f\u00f6rdert durch sein Angebot die Innovations- und Wettbewerbsf\u00e4higkeit der Unternehmen. Um diese bei ihren unternehmerischen Innovationsprojekten zu begleiten, st\u00fctzt sich das Netzwerk auf die Expertise von rund sechzig akkreditierten Coaches in den folgenden Dienstleistungsbereichen:<\/p>\n<ul>\n<li>Gesch\u00e4ftsentwicklung &#8211; wirtschaftliche und kommerzielle Entwicklung<\/li>\n<li>Kooperation &#8211; Suche von Partnerschaften<\/li>\n<li>Organisation &#8211; Prozessoptimierung und Ressourcenentwicklung<\/li>\n<li>Finanzen \u2013 Finanzierungsstrategien f\u00fcr Unternehmen<\/li>\n<\/ul>\n<p>Die Coaches besitzen ebenso die M\u00f6glichkeit, Spezialisten zu involvieren, wenn es um Fragen in spezifischen Bereichen, wie z.B. geistiges Eigentum oder Rechtsfragen geht.<\/p>\n<p><iframe loading=\"lazy\"  id=\"_ytid_24150\"  width=\"1060\" height=\"596\"  data-origwidth=\"1060\" data-origheight=\"596\" src=\"https:\/\/www.youtube.com\/embed\/18XInnTDvg8?enablejsapi=1&autoplay=0&cc_load_policy=0&cc_lang_pref=&iv_load_policy=1&loop=0&rel=1&fs=1&playsinline=0&autohide=2&theme=dark&color=red&controls=1&disablekb=0&\" class=\"__youtube_prefs__  no-lazyload\" title=\"YouTube player\"  allow=\"fullscreen; accelerometer; autoplay; clipboard-write; encrypted-media; gyroscope; picture-in-picture; web-share\" referrerpolicy=\"strict-origin-when-cross-origin\" allowfullscreen data-no-lazy=\"1\" data-skipgform_ajax_framebjll=\"\"><\/iframe>[\/vc_column_text][vc_text_separator title=&#8220;Kontakt&#8220; title_align=&#8220;separator_align_left&#8220; css=&#8220;.vc_custom_1517567233705{margin-top: 20px !important;}&#8220;][vc_column_text]<strong>platinn<\/strong><\/p>\n<p><strong>Patrick Albert<br \/>\n<\/strong>Direktor<br \/>\nRue de Romont 33<br \/>\nPostfach 1205<br \/>\n1701 Freiburg<\/p>\n<p>T +41 26 347 48 48<br \/>\n<a title=\"&#x69;&#110;f&#x6f;&#x40;pl&#x61;&#x74;in&#x6e;&#46;c&#x68;\" href=\"&#x6d;&#x61;&#x69;&#x6c;&#x74;&#x6f;&#x3a;&#105;&#110;&#102;o&#64;plat&#x69;&#x6e;&#x6e;&#x2e;&#x63;&#x68;\" target=\"_blank\" rel=\"noopener noreferrer\">&#x69;&#x6e;fo&#x40;&#x70;&#108;at&#x69;&#x6e;&#110;.c&#x68;<\/a><br \/>\n<a title=\"www.platinn.ch\" href=\"https:\/\/platinn.ch\/?lang=de\" target=\"_blank\" rel=\"noopener noreferrer\">www.platinn.ch<\/a>[\/vc_column_text][vc_column_text][\/vc_column_text]<\/div>\n<\/div>\n\n[\/vc_column][\/vc_row]<\/p>\n<\/div>","protected":false},"excerpt":{"rendered":"<p>[vc_row row_type=&#8220;parallax&#8220; full_screen_section_height=&#8220;no&#8220; css=&#8220;.vc_custom_1500456852303{margin-top: 0px !important;margin-right: 0px !important;margin-bottom: 0px !important;margin-left: 0px !important;padding-top: 0px !important;padding-right: 0px !important;padding-bottom: 0px !important;padding-left: 0px !important;background-color: #002c77 !important;}&#8220;][vc_column css=&#8220;.vc_custom_1500387896779{padding-top: 0px !important;padding-right: 0px !important;padding-bottom: 0px !important;padding-left: 0px !important;}&#8220;][vc_row_inner content_width=&#8220;grid&#8220; css=&#8220;.vc_custom_1500457336512{padding-top: 0px !important;padding-right: 0px !important;padding-bottom: 0px !important;padding-left: 0px !important;}&#8220; el_class=&#8220;bannerservices&#8220;][vc_column_inner width=&#8220;1\/2&#8243;][vc_empty_space height=&#8220;30px&#8220;][vc_column_text][\/vc_column_text][vc_empty_space height=&#8220;30px&#8220;][\/vc_column_inner][vc_column_inner&#8230;<\/p>\n","protected":false},"author":2,"featured_media":0,"parent":11495,"menu_order":0,"comment_status":"closed","ping_status":"closed","template":"full-width.php","meta":{"footnotes":""},"tags":[],"class_list":["post-11386","page","type-page","status-publish","hentry"],"yoast_head":"<!-- This site is optimized with the Yoast SEO plugin v26.9 - https:\/\/yoast.com\/product\/yoast-seo-wordpress\/ -->\n<title>Unterst\u00fctzung - Wirtschaftsf\u00f6rderung WIF<\/title>\n<meta name=\"robots\" content=\"index, follow, max-snippet:-1, max-image-preview:large, max-video-preview:-1\" \/>\n<link rel=\"canonical\" href=\"https:\/\/www.promfr.ch\/de\/expandieren\/unterstutzung\/\" \/>\n<meta property=\"og:locale\" content=\"de_DE\" \/>\n<meta property=\"og:type\" content=\"article\" \/>\n<meta property=\"og:title\" content=\"Unterst\u00fctzung - Wirtschaftsf\u00f6rderung WIF\" \/>\n<meta property=\"og:description\" content=\"[vc_row row_type=&#8220;parallax&#8220; full_screen_section_height=&#8220;no&#8220; css=&#8220;.vc_custom_1500456852303{margin-top: 0px !important;margin-right: 0px !important;margin-bottom: 0px !important;margin-left: 0px !important;padding-top: 0px !important;padding-right: 0px !important;padding-bottom: 0px !important;padding-left: 0px !important;background-color: #002c77 !important;}&#8220;][vc_column css=&#8220;.vc_custom_1500387896779{padding-top: 0px !important;padding-right: 0px !important;padding-bottom: 0px !important;padding-left: 0px !important;}&#8220;][vc_row_inner content_width=&#8220;grid&#8220; css=&#8220;.vc_custom_1500457336512{padding-top: 0px !important;padding-right: 0px !important;padding-bottom: 0px !important;padding-left: 0px !important;}&#8220; el_class=&#8220;bannerservices&#8220;][vc_column_inner width=&#8220;1\/2&#8243;][vc_empty_space height=&#8220;30px&#8220;][vc_column_text][\/vc_column_text][vc_empty_space height=&#8220;30px&#8220;][\/vc_column_inner][vc_column_inner...\" \/>\n<meta property=\"og:url\" content=\"https:\/\/www.promfr.ch\/de\/expandieren\/unterstutzung\/\" \/>\n<meta property=\"og:site_name\" content=\"Wirtschaftsf\u00f6rderung WIF\" \/>\n<meta property=\"article:modified_time\" content=\"2023-01-30T14:06:09+00:00\" \/>\n<meta name=\"twitter:card\" content=\"summary_large_image\" \/>\n<meta name=\"twitter:site\" content=\"@promfr\" \/>\n<script type=\"application\/ld+json\" class=\"yoast-schema-graph\">{\"@context\":\"https:\/\/schema.org\",\"@graph\":[{\"@type\":\"WebPage\",\"@id\":\"https:\/\/www.promfr.ch\/de\/expandieren\/unterstutzung\/\",\"url\":\"https:\/\/www.promfr.ch\/de\/expandieren\/unterstutzung\/\",\"name\":\"Unterst\u00fctzung - Wirtschaftsf\u00f6rderung WIF\",\"isPartOf\":{\"@id\":\"https:\/\/www.promfr.ch\/#website\"},\"datePublished\":\"2018-09-21T11:23:42+00:00\",\"dateModified\":\"2023-01-30T14:06:09+00:00\",\"breadcrumb\":{\"@id\":\"https:\/\/www.promfr.ch\/de\/expandieren\/unterstutzung\/#breadcrumb\"},\"inLanguage\":\"de\",\"potentialAction\":[{\"@type\":\"ReadAction\",\"target\":[\"https:\/\/www.promfr.ch\/de\/expandieren\/unterstutzung\/\"]}]},{\"@type\":\"BreadcrumbList\",\"@id\":\"https:\/\/www.promfr.ch\/de\/expandieren\/unterstutzung\/#breadcrumb\",\"itemListElement\":[{\"@type\":\"ListItem\",\"position\":1,\"name\":\"Accueil\",\"item\":\"https:\/\/www.promfr.ch\/de\/\"},{\"@type\":\"ListItem\",\"position\":2,\"name\":\"Expandieren\",\"item\":\"https:\/\/www.promfr.ch\/de\/expandieren\/\"},{\"@type\":\"ListItem\",\"position\":3,\"name\":\"Unterst\u00fctzung\"}]},{\"@type\":\"WebSite\",\"@id\":\"https:\/\/www.promfr.ch\/#website\",\"url\":\"https:\/\/www.promfr.ch\/\",\"name\":\"Promotion \u00e9conomique du canton de Fribourg (PromFR)\",\"description\":\"FRIBOURG, THE PLACE TO GROW!\",\"publisher\":{\"@id\":\"https:\/\/www.promfr.ch\/#organization\"},\"alternateName\":\"Wirtschaftsf\u00f6rderung Kanton Freiburg (WIF)\",\"potentialAction\":[{\"@type\":\"SearchAction\",\"target\":{\"@type\":\"EntryPoint\",\"urlTemplate\":\"https:\/\/www.promfr.ch\/?s={search_term_string}\"},\"query-input\":{\"@type\":\"PropertyValueSpecification\",\"valueRequired\":true,\"valueName\":\"search_term_string\"}}],\"inLanguage\":\"de\"},{\"@type\":\"Organization\",\"@id\":\"https:\/\/www.promfr.ch\/#organization\",\"name\":\"Promotion \u00e9conomique du canton de Fribourg (PromFR)\",\"alternateName\":\"Wirtschaftsf\u00f6rderung Kanton Freiburg (WIF)\",\"url\":\"https:\/\/www.promfr.ch\/\",\"logo\":{\"@type\":\"ImageObject\",\"inLanguage\":\"de\",\"@id\":\"https:\/\/www.promfr.ch\/#\/schema\/logo\/image\/\",\"url\":\"https:\/\/www.promfr.ch\/wp-content\/uploads\/2017\/07\/promotion-economique-fribourg-logo.png\",\"contentUrl\":\"https:\/\/www.promfr.ch\/wp-content\/uploads\/2017\/07\/promotion-economique-fribourg-logo.png\",\"width\":515,\"height\":156,\"caption\":\"Promotion \u00e9conomique du canton de Fribourg (PromFR)\"},\"image\":{\"@id\":\"https:\/\/www.promfr.ch\/#\/schema\/logo\/image\/\"},\"sameAs\":[\"https:\/\/x.com\/promfr\",\"https:\/\/www.linkedin.com\/company\/promfr\",\"https:\/\/www.youtube.com\/user\/promfr\"]}]}<\/script>\n<!-- \/ Yoast SEO plugin. -->","yoast_head_json":{"title":"Unterst\u00fctzung - Wirtschaftsf\u00f6rderung WIF","robots":{"index":"index","follow":"follow","max-snippet":"max-snippet:-1","max-image-preview":"max-image-preview:large","max-video-preview":"max-video-preview:-1"},"canonical":"https:\/\/www.promfr.ch\/de\/expandieren\/unterstutzung\/","og_locale":"de_DE","og_type":"article","og_title":"Unterst\u00fctzung - Wirtschaftsf\u00f6rderung WIF","og_description":"[vc_row row_type=&#8220;parallax&#8220; full_screen_section_height=&#8220;no&#8220; css=&#8220;.vc_custom_1500456852303{margin-top: 0px !important;margin-right: 0px !important;margin-bottom: 0px !important;margin-left: 0px !important;padding-top: 0px !important;padding-right: 0px !important;padding-bottom: 0px !important;padding-left: 0px !important;background-color: #002c77 !important;}&#8220;][vc_column css=&#8220;.vc_custom_1500387896779{padding-top: 0px !important;padding-right: 0px !important;padding-bottom: 0px !important;padding-left: 0px !important;}&#8220;][vc_row_inner content_width=&#8220;grid&#8220; css=&#8220;.vc_custom_1500457336512{padding-top: 0px !important;padding-right: 0px !important;padding-bottom: 0px !important;padding-left: 0px !important;}&#8220; el_class=&#8220;bannerservices&#8220;][vc_column_inner width=&#8220;1\/2&#8243;][vc_empty_space height=&#8220;30px&#8220;][vc_column_text][\/vc_column_text][vc_empty_space height=&#8220;30px&#8220;][\/vc_column_inner][vc_column_inner...","og_url":"https:\/\/www.promfr.ch\/de\/expandieren\/unterstutzung\/","og_site_name":"Wirtschaftsf\u00f6rderung WIF","article_modified_time":"2023-01-30T14:06:09+00:00","twitter_card":"summary_large_image","twitter_site":"@promfr","schema":{"@context":"https:\/\/schema.org","@graph":[{"@type":"WebPage","@id":"https:\/\/www.promfr.ch\/de\/expandieren\/unterstutzung\/","url":"https:\/\/www.promfr.ch\/de\/expandieren\/unterstutzung\/","name":"Unterst\u00fctzung - Wirtschaftsf\u00f6rderung WIF","isPartOf":{"@id":"https:\/\/www.promfr.ch\/#website"},"datePublished":"2018-09-21T11:23:42+00:00","dateModified":"2023-01-30T14:06:09+00:00","breadcrumb":{"@id":"https:\/\/www.promfr.ch\/de\/expandieren\/unterstutzung\/#breadcrumb"},"inLanguage":"de","potentialAction":[{"@type":"ReadAction","target":["https:\/\/www.promfr.ch\/de\/expandieren\/unterstutzung\/"]}]},{"@type":"BreadcrumbList","@id":"https:\/\/www.promfr.ch\/de\/expandieren\/unterstutzung\/#breadcrumb","itemListElement":[{"@type":"ListItem","position":1,"name":"Accueil","item":"https:\/\/www.promfr.ch\/de\/"},{"@type":"ListItem","position":2,"name":"Expandieren","item":"https:\/\/www.promfr.ch\/de\/expandieren\/"},{"@type":"ListItem","position":3,"name":"Unterst\u00fctzung"}]},{"@type":"WebSite","@id":"https:\/\/www.promfr.ch\/#website","url":"https:\/\/www.promfr.ch\/","name":"Promotion \u00e9conomique du canton de Fribourg (PromFR)","description":"FRIBOURG, THE PLACE TO GROW!","publisher":{"@id":"https:\/\/www.promfr.ch\/#organization"},"alternateName":"Wirtschaftsf\u00f6rderung Kanton Freiburg (WIF)","potentialAction":[{"@type":"SearchAction","target":{"@type":"EntryPoint","urlTemplate":"https:\/\/www.promfr.ch\/?s={search_term_string}"},"query-input":{"@type":"PropertyValueSpecification","valueRequired":true,"valueName":"search_term_string"}}],"inLanguage":"de"},{"@type":"Organization","@id":"https:\/\/www.promfr.ch\/#organization","name":"Promotion \u00e9conomique du canton de Fribourg (PromFR)","alternateName":"Wirtschaftsf\u00f6rderung Kanton Freiburg (WIF)","url":"https:\/\/www.promfr.ch\/","logo":{"@type":"ImageObject","inLanguage":"de","@id":"https:\/\/www.promfr.ch\/#\/schema\/logo\/image\/","url":"https:\/\/www.promfr.ch\/wp-content\/uploads\/2017\/07\/promotion-economique-fribourg-logo.png","contentUrl":"https:\/\/www.promfr.ch\/wp-content\/uploads\/2017\/07\/promotion-economique-fribourg-logo.png","width":515,"height":156,"caption":"Promotion \u00e9conomique du canton de Fribourg (PromFR)"},"image":{"@id":"https:\/\/www.promfr.ch\/#\/schema\/logo\/image\/"},"sameAs":["https:\/\/x.com\/promfr","https:\/\/www.linkedin.com\/company\/promfr","https:\/\/www.youtube.com\/user\/promfr"]}]}},"_links":{"self":[{"href":"https:\/\/www.promfr.ch\/de\/wp-json\/wp\/v2\/pages\/11386","targetHints":{"allow":["GET"]}}],"collection":[{"href":"https:\/\/www.promfr.ch\/de\/wp-json\/wp\/v2\/pages"}],"about":[{"href":"https:\/\/www.promfr.ch\/de\/wp-json\/wp\/v2\/types\/page"}],"author":[{"embeddable":true,"href":"https:\/\/www.promfr.ch\/de\/wp-json\/wp\/v2\/users\/2"}],"replies":[{"embeddable":true,"href":"https:\/\/www.promfr.ch\/de\/wp-json\/wp\/v2\/comments?post=11386"}],"version-history":[{"count":10,"href":"https:\/\/www.promfr.ch\/de\/wp-json\/wp\/v2\/pages\/11386\/revisions"}],"predecessor-version":[{"id":19623,"href":"https:\/\/www.promfr.ch\/de\/wp-json\/wp\/v2\/pages\/11386\/revisions\/19623"}],"up":[{"embeddable":true,"href":"https:\/\/www.promfr.ch\/de\/wp-json\/wp\/v2\/pages\/11495"}],"wp:attachment":[{"href":"https:\/\/www.promfr.ch\/de\/wp-json\/wp\/v2\/media?parent=11386"}],"wp:term":[{"taxonomy":"post_tag","embeddable":true,"href":"https:\/\/www.promfr.ch\/de\/wp-json\/wp\/v2\/tags?post=11386"}],"curies":[{"name":"wp","href":"https:\/\/api.w.org\/{rel}","templated":true}]}}