{"id":11393,"date":"2018-09-21T13:35:49","date_gmt":"2018-09-21T11:35:49","guid":{"rendered":"http:\/\/www.promfr.ch\/ansiedeln\/unterstutzung\/"},"modified":"2020-01-24T15:10:43","modified_gmt":"2020-01-24T14:10:43","slug":"unterstutzung","status":"publish","type":"page","link":"https:\/\/www.promfr.ch\/de\/ansiedeln\/unterstutzung\/","title":{"rendered":"Unterst\u00fctzung"},"content":{"rendered":"<div class=\"wpb-content-wrapper\"><p>[vc_row row_type=&#8220;parallax&#8220; full_screen_section_height=&#8220;no&#8220; css=&#8220;.vc_custom_1500456852303{margin-top: 0px !important;margin-right: 0px !important;margin-bottom: 0px !important;margin-left: 0px !important;padding-top: 0px !important;padding-right: 0px !important;padding-bottom: 0px !important;padding-left: 0px !important;background-color: #002c77 !important;}&#8220;][vc_column css=&#8220;.vc_custom_1500387896779{padding-top: 0px !important;padding-right: 0px !important;padding-bottom: 0px !important;padding-left: 0px !important;}&#8220;][vc_row_inner content_width=&#8220;grid&#8220; css=&#8220;.vc_custom_1500457336512{padding-top: 0px !important;padding-right: 0px !important;padding-bottom: 0px !important;padding-left: 0px !important;}&#8220; el_class=&#8220;bannerservices&#8220;][vc_column_inner width=&#8220;1\/2&#8243;][vc_empty_space height=&#8220;30px&#8220;]<div class=\"mkd-iwt clearfix mkd-iwt-icon-left mkd-iwt-icon-tiny\">\n\t<div class=\"mkd-iwt-icon-holder\">\n\t\t\t\t\t\n\t<span class=\"mkd-icon-shortcode normal mkd-icon-tiny\"  data-hover-color=\"#ffffff\" data-color=\"#ffffff\">\n        \n\t\t\t<i class=\"mkd-icon-dripicons dripicon dripicon-help mkd-icon-element\" style=\"color: #ffffff\" ><\/i>\n\t\t\t    <\/span>\n\n\t\t\t\t<\/div>\n\t<div class=\"mkd-iwt-content-holder\" style=\"padding-left: 40px\">\n\t\t<div class=\"mkd-iwt-title-holder\">\n\t\t\t<h4 style=\"color: #ffffff;text-transform: none;font-weight: 700\">Unterst\u00fctzung<\/h4>\n\t<\/div>\n\t<div class=\"mkd-iwt-text-holder\">\n\t\t<p ><\/p>\n\n\t\t\t<\/div>\n<\/div>\n<\/div>[vc_column_text][\/vc_column_text][vc_empty_space height=&#8220;30px&#8220;][\/vc_column_inner][vc_column_inner width=&#8220;1\/2&#8243;][\/vc_column_inner][\/vc_row_inner][\/vc_column][\/vc_row][vc_row content_width=&#8220;grid&#8220; css=&#8220;.vc_custom_1509113311343{padding-top: 30px !important;padding-bottom: 20px !important;}&#8220;][vc_column][vc_single_image image=&#8220;11394&#8243; img_size=&#8220;full&#8220;][\/vc_column][\/vc_row]<\/p>\n<p>[vc_row content_width=&#8220;grid&#8220; css=&#8220;.vc_custom_1508943630448{padding-bottom: 60px !important;}&#8220;][vc_column]<div class=\"mkd-tabs mkd-vertical mkd-tab-text clearfix\">\n\t<ul class=\"mkd-tabs-nav\">\n\t\t\t\t\t<li>\n\t\t\t\t<a href=\"#tab-finanzielle-unterstuetzung\" class=\"active-tab-style-1\">\n\t\t\t\t\t<span class=\"mkd-tab-title-subtitle\">\n\t\t\t\t\t\t<span class=\"mkd-tab-title\">\n\t\t\t\t\t\t\tFinanzielle Unterst\u00fctzung \t\t\t\t\t\t<\/span>\n\t\t\t\t\t\t<span class=\"mkd-tab-subtitle\">\n\t\t\t\t\t\t\t\t\t\t\t\t\t<\/span>\n\t\t\t\t\t<\/span>\n\t\t\t\t<\/a>\n\t\t\t<\/li>\n\t\t\t\t\t<li>\n\t\t\t\t<a href=\"#tab-steuerliche-unterstuetzung\" class=\"active-tab-style-1\">\n\t\t\t\t\t<span class=\"mkd-tab-title-subtitle\">\n\t\t\t\t\t\t<span class=\"mkd-tab-title\">\n\t\t\t\t\t\t\tSteuerliche Unterst\u00fctzung \t\t\t\t\t\t<\/span>\n\t\t\t\t\t\t<span class=\"mkd-tab-subtitle\">\n\t\t\t\t\t\t\t\t\t\t\t\t\t<\/span>\n\t\t\t\t\t<\/span>\n\t\t\t\t<\/a>\n\t\t\t<\/li>\n\t\t\t\t<li class=\"mkd-tab-line\"><span class=\"mkd-tab-line-inner \"><\/span><\/li>\n\t<\/ul>\n\t<div class=\"mkd-tab-container\"  id=\"tab-finanzielle-unterstuetzung-726\" data-icon-pack=\"font_awesome\" data-icon-html=\"&lt;i class=&quot;mkd-icon-font-awesome fa  &quot; &gt;&lt;\/i&gt;\">\n\t[vc_column_text]<\/p>\n<h4>Finanzinstrumente zur Unterst\u00fctzung von Ansiedlungsprojekten<\/h4>\n<p>Der Kanton Freiburg kann innovative Unternehmensprojekte unterst\u00fctzen, wenn ihr Absatzmarkt haupts\u00e4chlich ausserhalb des Kantons liegt. Mit der Gew\u00e4hrung von finanziellen Beitr\u00e4gen f\u00fcr Investitionen, Arbeitspl\u00e4tze, Innovationen, Mieten oder neue M\u00e4rkte. Die Gew\u00e4hrung einer B\u00fcrgschaft f\u00fcr Bankkredite ist auch m\u00f6glich. Gerne erkl\u00e4ren Ihnen unsere Mitarbeitenden diese verschiedenen Unterst\u00fctzungsm\u00f6glichkeiten.<\/p>\n<p>&nbsp;<\/p>\n<h4>Risikokapital, Minderheitsbeteiligungen und Aktion\u00e4rskredite<\/h4>\n<p>Es besteht auch die Unterst\u00fctzungsm\u00f6glichkeit einer finanziellen Beteiligung durch <a title=\"Effort Fribourg SA\" href=\"https:\/\/effort-fribourg.ch\/de\/\" target=\"_blank\" rel=\"noopener noreferrer\">Effort Fribourg SA<\/a>\u00a0und <a title=\"Capital Risque Fribourg SA\" href=\"https:\/\/capitalrisque-fr.ch\/startseite.html\" target=\"_blank\" rel=\"noopener noreferrer\">Risikokapital Freiburg AG<\/a><\/p>\n<p>[\/vc_column_text]<\/div>\n<div class=\"mkd-tab-container\"  id=\"tab-steuerliche-unterstuetzung-261\" data-icon-pack=\"font_awesome\" data-icon-html=\"&lt;i class=&quot;mkd-icon-font-awesome fa  &quot; &gt;&lt;\/i&gt;\">\n\t[vc_column_text]<\/p>\n<h4>G\u00fcnstige steuerliche Bedingungen und aussergew\u00f6hnliche Abschreibungen<\/h4>\n<p>Unter bestimmten Bedingungen k\u00f6nnen Unternehmen f\u00fcr bis zu zehn Jahre von einer teilweisen oder vollst\u00e4ndigen Steuererleichterung auf Kantons- und Gemeindeebene profitieren.<\/p>\n<h4>Aussergew\u00f6hnliche Abschreibungen<\/h4>\n<p>Die Steuerverwaltung kann Unternehmen das Recht einr\u00e4umen, aussergew\u00f6hnliche Abschreibungen zu t\u00e4tigen bzw. R\u00fcckstellungen f\u00fcr derartige Abschreibungen zu bilden.<\/p>\n<h4>Besondere Steuerabz\u00fcge f\u00fcr Expatriates<\/h4>\n<p>Gem\u00e4ss der Expatriates-Verordnung des Bundes kommen Personen in leitender Position sowie Fachleute, die sich in der Schweiz zwecks Erf\u00fcllung einer zeitlich begrenzten Aufgabe niederlassen in den Genuss besonderer steuerlicher Bestimmungen. Dabei ist die Erwerbst\u00e4tigkeit auf maximal f\u00fcnf Jahre beschr\u00e4nkt. Expatriates haben die Wahl zwischen einem Pauschalabzug von CHF 1500.\u2013 pro Monat oder der Anrechung ihrer effektiven, belegbaren Aufwendungen. Darunter fallen:<\/p>\n<ul>\n<li>Aufwendungen f\u00fcr den Umzug in die Schweiz sowie Aufwendungen f\u00fcr die R\u00fcckkehr ins Herkunftsland<\/li>\n<li>Kosten f\u00fcr die Hin- und R\u00fcckfahrt der betreffenden Person und seiner Familie zu Beginn und zum Ende des Arbeitsverh\u00e4ltnisses<\/li>\n<li>Angemessene Wohnkosten in der Schweiz, falls im Herkunftsland weiterhin ein permanenter Wohnsitz besteht<\/li>\n<li>Laufende Kosten f\u00fcr den fremdsprachlichen Unterricht der minderj\u00e4hrigen Kinder in einer Privatschule, falls die \u00f6ffentlichen Schulen keinen gleichwertigen Unterricht anbieten<\/li>\n<\/ul>\n<p>[\/vc_column_text]<\/div>\n<\/div>\n\n[\/vc_column][\/vc_row]<\/p>\n<\/div>","protected":false},"excerpt":{"rendered":"<p>[vc_row row_type=&#8220;parallax&#8220; full_screen_section_height=&#8220;no&#8220; css=&#8220;.vc_custom_1500456852303{margin-top: 0px !important;margin-right: 0px !important;margin-bottom: 0px !important;margin-left: 0px !important;padding-top: 0px !important;padding-right: 0px !important;padding-bottom: 0px !important;padding-left: 0px !important;background-color: #002c77 !important;}&#8220;][vc_column css=&#8220;.vc_custom_1500387896779{padding-top: 0px !important;padding-right: 0px !important;padding-bottom: 0px !important;padding-left: 0px !important;}&#8220;][vc_row_inner content_width=&#8220;grid&#8220; css=&#8220;.vc_custom_1500457336512{padding-top: 0px !important;padding-right: 0px !important;padding-bottom: 0px !important;padding-left: 0px !important;}&#8220; el_class=&#8220;bannerservices&#8220;][vc_column_inner width=&#8220;1\/2&#8243;][vc_empty_space height=&#8220;30px&#8220;][vc_column_text][\/vc_column_text][vc_empty_space height=&#8220;30px&#8220;][\/vc_column_inner][vc_column_inner&#8230;<\/p>\n","protected":false},"author":2,"featured_media":0,"parent":11298,"menu_order":0,"comment_status":"closed","ping_status":"closed","template":"full-width.php","meta":{"footnotes":""},"tags":[],"class_list":["post-11393","page","type-page","status-publish","hentry"],"yoast_head":"<!-- This site is optimized with the Yoast SEO plugin v26.9 - https:\/\/yoast.com\/product\/yoast-seo-wordpress\/ -->\n<title>Unterst\u00fctzung - Wirtschaftsf\u00f6rderung WIF<\/title>\n<meta name=\"description\" content=\"Le canton de Fribourg est travers\u00e9 par deux autoroutes et situ\u00e9 sur les principaux axes routiers de Suisse et d\u2019Europe. Fribourg est accessible en moins...\" \/>\n<meta name=\"robots\" content=\"index, follow, max-snippet:-1, max-image-preview:large, max-video-preview:-1\" \/>\n<link rel=\"canonical\" href=\"https:\/\/www.promfr.ch\/de\/ansiedeln\/unterstutzung\/\" \/>\n<meta property=\"og:locale\" content=\"de_DE\" \/>\n<meta property=\"og:type\" content=\"article\" \/>\n<meta property=\"og:title\" content=\"Unterst\u00fctzung - Wirtschaftsf\u00f6rderung WIF\" \/>\n<meta property=\"og:description\" content=\"Le canton de Fribourg est travers\u00e9 par deux autoroutes et situ\u00e9 sur les principaux axes routiers de Suisse et d\u2019Europe. Fribourg est accessible en moins...\" \/>\n<meta property=\"og:url\" content=\"https:\/\/www.promfr.ch\/de\/ansiedeln\/unterstutzung\/\" \/>\n<meta property=\"og:site_name\" content=\"Wirtschaftsf\u00f6rderung WIF\" \/>\n<meta property=\"article:modified_time\" content=\"2020-01-24T14:10:43+00:00\" \/>\n<meta name=\"twitter:card\" content=\"summary_large_image\" \/>\n<meta name=\"twitter:site\" content=\"@promfr\" \/>\n<script type=\"application\/ld+json\" class=\"yoast-schema-graph\">{\"@context\":\"https:\/\/schema.org\",\"@graph\":[{\"@type\":\"WebPage\",\"@id\":\"https:\/\/www.promfr.ch\/de\/ansiedeln\/unterstutzung\/\",\"url\":\"https:\/\/www.promfr.ch\/de\/ansiedeln\/unterstutzung\/\",\"name\":\"Unterst\u00fctzung - Wirtschaftsf\u00f6rderung WIF\",\"isPartOf\":{\"@id\":\"https:\/\/www.promfr.ch\/#website\"},\"datePublished\":\"2018-09-21T11:35:49+00:00\",\"dateModified\":\"2020-01-24T14:10:43+00:00\",\"description\":\"Le canton de Fribourg est travers\u00e9 par deux autoroutes et situ\u00e9 sur les principaux axes routiers de Suisse et d\u2019Europe. Fribourg est accessible en moins...\",\"breadcrumb\":{\"@id\":\"https:\/\/www.promfr.ch\/de\/ansiedeln\/unterstutzung\/#breadcrumb\"},\"inLanguage\":\"de\",\"potentialAction\":[{\"@type\":\"ReadAction\",\"target\":[\"https:\/\/www.promfr.ch\/de\/ansiedeln\/unterstutzung\/\"]}]},{\"@type\":\"BreadcrumbList\",\"@id\":\"https:\/\/www.promfr.ch\/de\/ansiedeln\/unterstutzung\/#breadcrumb\",\"itemListElement\":[{\"@type\":\"ListItem\",\"position\":1,\"name\":\"Accueil\",\"item\":\"https:\/\/www.promfr.ch\/de\/\"},{\"@type\":\"ListItem\",\"position\":2,\"name\":\"Ansiedeln\",\"item\":\"https:\/\/www.promfr.ch\/de\/ansiedeln\/\"},{\"@type\":\"ListItem\",\"position\":3,\"name\":\"Unterst\u00fctzung\"}]},{\"@type\":\"WebSite\",\"@id\":\"https:\/\/www.promfr.ch\/#website\",\"url\":\"https:\/\/www.promfr.ch\/\",\"name\":\"Promotion \u00e9conomique du canton de Fribourg (PromFR)\",\"description\":\"FRIBOURG, THE PLACE TO GROW!\",\"publisher\":{\"@id\":\"https:\/\/www.promfr.ch\/#organization\"},\"alternateName\":\"Wirtschaftsf\u00f6rderung Kanton Freiburg (WIF)\",\"potentialAction\":[{\"@type\":\"SearchAction\",\"target\":{\"@type\":\"EntryPoint\",\"urlTemplate\":\"https:\/\/www.promfr.ch\/?s={search_term_string}\"},\"query-input\":{\"@type\":\"PropertyValueSpecification\",\"valueRequired\":true,\"valueName\":\"search_term_string\"}}],\"inLanguage\":\"de\"},{\"@type\":\"Organization\",\"@id\":\"https:\/\/www.promfr.ch\/#organization\",\"name\":\"Promotion \u00e9conomique du canton de Fribourg (PromFR)\",\"alternateName\":\"Wirtschaftsf\u00f6rderung Kanton Freiburg (WIF)\",\"url\":\"https:\/\/www.promfr.ch\/\",\"logo\":{\"@type\":\"ImageObject\",\"inLanguage\":\"de\",\"@id\":\"https:\/\/www.promfr.ch\/#\/schema\/logo\/image\/\",\"url\":\"https:\/\/www.promfr.ch\/wp-content\/uploads\/2017\/07\/promotion-economique-fribourg-logo.png\",\"contentUrl\":\"https:\/\/www.promfr.ch\/wp-content\/uploads\/2017\/07\/promotion-economique-fribourg-logo.png\",\"width\":515,\"height\":156,\"caption\":\"Promotion \u00e9conomique du canton de Fribourg (PromFR)\"},\"image\":{\"@id\":\"https:\/\/www.promfr.ch\/#\/schema\/logo\/image\/\"},\"sameAs\":[\"https:\/\/x.com\/promfr\",\"https:\/\/www.linkedin.com\/company\/promfr\",\"https:\/\/www.youtube.com\/user\/promfr\"]}]}<\/script>\n<!-- \/ Yoast SEO plugin. -->","yoast_head_json":{"title":"Unterst\u00fctzung - Wirtschaftsf\u00f6rderung WIF","description":"Le canton de Fribourg est travers\u00e9 par deux autoroutes et situ\u00e9 sur les principaux axes routiers de Suisse et d\u2019Europe. Fribourg est accessible en moins...","robots":{"index":"index","follow":"follow","max-snippet":"max-snippet:-1","max-image-preview":"max-image-preview:large","max-video-preview":"max-video-preview:-1"},"canonical":"https:\/\/www.promfr.ch\/de\/ansiedeln\/unterstutzung\/","og_locale":"de_DE","og_type":"article","og_title":"Unterst\u00fctzung - Wirtschaftsf\u00f6rderung WIF","og_description":"Le canton de Fribourg est travers\u00e9 par deux autoroutes et situ\u00e9 sur les principaux axes routiers de Suisse et d\u2019Europe. Fribourg est accessible en moins...","og_url":"https:\/\/www.promfr.ch\/de\/ansiedeln\/unterstutzung\/","og_site_name":"Wirtschaftsf\u00f6rderung WIF","article_modified_time":"2020-01-24T14:10:43+00:00","twitter_card":"summary_large_image","twitter_site":"@promfr","schema":{"@context":"https:\/\/schema.org","@graph":[{"@type":"WebPage","@id":"https:\/\/www.promfr.ch\/de\/ansiedeln\/unterstutzung\/","url":"https:\/\/www.promfr.ch\/de\/ansiedeln\/unterstutzung\/","name":"Unterst\u00fctzung - Wirtschaftsf\u00f6rderung WIF","isPartOf":{"@id":"https:\/\/www.promfr.ch\/#website"},"datePublished":"2018-09-21T11:35:49+00:00","dateModified":"2020-01-24T14:10:43+00:00","description":"Le canton de Fribourg est travers\u00e9 par deux autoroutes et situ\u00e9 sur les principaux axes routiers de Suisse et d\u2019Europe. Fribourg est accessible en moins...","breadcrumb":{"@id":"https:\/\/www.promfr.ch\/de\/ansiedeln\/unterstutzung\/#breadcrumb"},"inLanguage":"de","potentialAction":[{"@type":"ReadAction","target":["https:\/\/www.promfr.ch\/de\/ansiedeln\/unterstutzung\/"]}]},{"@type":"BreadcrumbList","@id":"https:\/\/www.promfr.ch\/de\/ansiedeln\/unterstutzung\/#breadcrumb","itemListElement":[{"@type":"ListItem","position":1,"name":"Accueil","item":"https:\/\/www.promfr.ch\/de\/"},{"@type":"ListItem","position":2,"name":"Ansiedeln","item":"https:\/\/www.promfr.ch\/de\/ansiedeln\/"},{"@type":"ListItem","position":3,"name":"Unterst\u00fctzung"}]},{"@type":"WebSite","@id":"https:\/\/www.promfr.ch\/#website","url":"https:\/\/www.promfr.ch\/","name":"Promotion \u00e9conomique du canton de Fribourg (PromFR)","description":"FRIBOURG, THE PLACE TO GROW!","publisher":{"@id":"https:\/\/www.promfr.ch\/#organization"},"alternateName":"Wirtschaftsf\u00f6rderung Kanton Freiburg (WIF)","potentialAction":[{"@type":"SearchAction","target":{"@type":"EntryPoint","urlTemplate":"https:\/\/www.promfr.ch\/?s={search_term_string}"},"query-input":{"@type":"PropertyValueSpecification","valueRequired":true,"valueName":"search_term_string"}}],"inLanguage":"de"},{"@type":"Organization","@id":"https:\/\/www.promfr.ch\/#organization","name":"Promotion \u00e9conomique du canton de Fribourg (PromFR)","alternateName":"Wirtschaftsf\u00f6rderung Kanton Freiburg (WIF)","url":"https:\/\/www.promfr.ch\/","logo":{"@type":"ImageObject","inLanguage":"de","@id":"https:\/\/www.promfr.ch\/#\/schema\/logo\/image\/","url":"https:\/\/www.promfr.ch\/wp-content\/uploads\/2017\/07\/promotion-economique-fribourg-logo.png","contentUrl":"https:\/\/www.promfr.ch\/wp-content\/uploads\/2017\/07\/promotion-economique-fribourg-logo.png","width":515,"height":156,"caption":"Promotion \u00e9conomique du canton de Fribourg (PromFR)"},"image":{"@id":"https:\/\/www.promfr.ch\/#\/schema\/logo\/image\/"},"sameAs":["https:\/\/x.com\/promfr","https:\/\/www.linkedin.com\/company\/promfr","https:\/\/www.youtube.com\/user\/promfr"]}]}},"_links":{"self":[{"href":"https:\/\/www.promfr.ch\/de\/wp-json\/wp\/v2\/pages\/11393","targetHints":{"allow":["GET"]}}],"collection":[{"href":"https:\/\/www.promfr.ch\/de\/wp-json\/wp\/v2\/pages"}],"about":[{"href":"https:\/\/www.promfr.ch\/de\/wp-json\/wp\/v2\/types\/page"}],"author":[{"embeddable":true,"href":"https:\/\/www.promfr.ch\/de\/wp-json\/wp\/v2\/users\/2"}],"replies":[{"embeddable":true,"href":"https:\/\/www.promfr.ch\/de\/wp-json\/wp\/v2\/comments?post=11393"}],"version-history":[{"count":8,"href":"https:\/\/www.promfr.ch\/de\/wp-json\/wp\/v2\/pages\/11393\/revisions"}],"predecessor-version":[{"id":13287,"href":"https:\/\/www.promfr.ch\/de\/wp-json\/wp\/v2\/pages\/11393\/revisions\/13287"}],"up":[{"embeddable":true,"href":"https:\/\/www.promfr.ch\/de\/wp-json\/wp\/v2\/pages\/11298"}],"wp:attachment":[{"href":"https:\/\/www.promfr.ch\/de\/wp-json\/wp\/v2\/media?parent=11393"}],"wp:term":[{"taxonomy":"post_tag","embeddable":true,"href":"https:\/\/www.promfr.ch\/de\/wp-json\/wp\/v2\/tags?post=11393"}],"curies":[{"name":"wp","href":"https:\/\/api.w.org\/{rel}","templated":true}]}}