{"id":11444,"date":"2018-09-21T14:33:18","date_gmt":"2018-09-21T12:33:18","guid":{"rendered":"http:\/\/www.promfr.ch\/ansiedeln\/referenzen\/"},"modified":"2023-11-02T12:20:00","modified_gmt":"2023-11-02T11:20:00","slug":"referenzen","status":"publish","type":"page","link":"https:\/\/www.promfr.ch\/de\/ansiedeln\/referenzen\/","title":{"rendered":"Referenzen"},"content":{"rendered":"<div class=\"wpb-content-wrapper\"><p>[vc_row row_type=&#8220;parallax&#8220; full_screen_section_height=&#8220;no&#8220; css=&#8220;.vc_custom_1500456852303{margin-top: 0px !important;margin-right: 0px !important;margin-bottom: 0px !important;margin-left: 0px !important;padding-top: 0px !important;padding-right: 0px !important;padding-bottom: 0px !important;padding-left: 0px !important;background-color: #002c77 !important;}&#8220;][vc_column css=&#8220;.vc_custom_1500387896779{padding-top: 0px !important;padding-right: 0px !important;padding-bottom: 0px !important;padding-left: 0px !important;}&#8220;][vc_row_inner content_width=&#8220;grid&#8220; css=&#8220;.vc_custom_1500457336512{padding-top: 0px !important;padding-right: 0px !important;padding-bottom: 0px !important;padding-left: 0px !important;}&#8220; el_class=&#8220;bannerservices&#8220;][vc_column_inner width=&#8220;1\/2&#8243;][vc_empty_space height=&#8220;30px&#8220;]<div class=\"mkd-iwt clearfix mkd-iwt-icon-left mkd-iwt-icon-tiny\">\n\t<div class=\"mkd-iwt-icon-holder\">\n\t\t\t\t\t\n\t<span class=\"mkd-icon-shortcode normal mkd-icon-tiny\"  data-hover-color=\"#ffffff\" data-color=\"#ffffff\">\n        \n\t\t\t<i class=\"mkd-icon-dripicons dripicon dripicon-star mkd-icon-element\" style=\"color: #ffffff\" ><\/i>\n\t\t\t    <\/span>\n\n\t\t\t\t<\/div>\n\t<div class=\"mkd-iwt-content-holder\" style=\"padding-left: 40px\">\n\t\t<div class=\"mkd-iwt-title-holder\">\n\t\t\t<h4 style=\"color: #ffffff;text-transform: none;font-weight: 700\">Referenzen<\/h4>\n\t<\/div>\n\t<div class=\"mkd-iwt-text-holder\">\n\t\t<p ><\/p>\n\n\t\t\t<\/div>\n<\/div>\n<\/div>[vc_column_text][\/vc_column_text][vc_empty_space height=&#8220;30px&#8220;][\/vc_column_inner][vc_column_inner width=&#8220;1\/2&#8243;][\/vc_column_inner][\/vc_row_inner][\/vc_column][\/vc_row][vc_row content_width=&#8220;grid&#8220; css=&#8220;.vc_custom_1510665822992{margin-top: 20px !important;margin-bottom: 20px !important;}&#8220;][vc_column][vc_single_image image=&#8220;11445&#8243; img_size=&#8220;full&#8220;][\/vc_column][\/vc_row][vc_row content_width=&#8220;grid&#8220; css=&#8220;.vc_custom_1510665822992{margin-top: 20px !important;margin-bottom: 20px !important;}&#8220;][vc_column]<div class=\"mkd-section-title-holder\">\n\t<h2 class=\"mkd-section-title mkd-section-title-medium\" style=\"margin-bottom: 0px\">\n\tIdealer Standort f\u00fcr Top-Untertnehmen\t<\/h2>\n<\/div>[vc_column_text css=&#8220;.vc_custom_1537892130332{margin-top: 0px !important;padding-top: 0px !important;}&#8220;]Freiburg ist der ideale Standort, um Ihr Unternehmen zu gr\u00fcnden. Diese Firmen kommen von hier:[\/vc_column_text][vc_row_inner css=&#8220;.vc_custom_1510667912289{margin-top: 10px !important;margin-right: 7px !important;margin-left: 7px !important;padding-top: 20px !important;padding-right: 20px !important;padding-bottom: 20px !important;padding-left: 20px !important;background-color: #e3e3e3 !important;}&#8220;][vc_column_inner width=&#8220;1\/2&#8243;][vc_column_text]<\/p>\n<ul>\n<li style=\"font-weight: 400;\"><a href=\"https:\/\/de.3dsystems.com\/\" target=\"_blank\" rel=\"noopener noreferrer\"><span style=\"font-weight: 400;\">3D Systems<\/span><\/a><span style=\"font-weight: 400;\">, USA<\/span><\/li>\n<li style=\"font-weight: 400;\"><a href=\"http:\/\/www.alcon.com\/\" target=\"_blank\" rel=\"noopener noreferrer\"><span style=\"font-weight: 400;\">Alcon<\/span><\/a><span style=\"font-weight: 400;\">, Schweiz\/USA<\/span><\/li>\n<li style=\"font-weight: 400;\"><a href=\"http:\/\/www.axaltacs.com\/\" target=\"_blank\" rel=\"noopener noreferrer\"><span style=\"font-weight: 400;\">Axalta Polymer Powders<\/span><\/a><span style=\"font-weight: 400;\">, USA<\/span><\/li>\n<li style=\"font-weight: 400;\"><a href=\"https:\/\/www.cailler.ch\/de\" target=\"_blank\" rel=\"noopener noreferrer\"><span style=\"font-weight: 400;\">Cailler\/Nestl\u00e9<\/span><\/a><span style=\"font-weight: 400;\">, Schweiz<\/span><\/li>\n<li style=\"font-weight: 400;\"><a href=\"http:\/\/www.campingaz.com\/\" target=\"_blank\" rel=\"noopener noreferrer\"><span style=\"font-weight: 400;\">Camping Gaz<\/span><\/a><span style=\"font-weight: 400;\">, USA<\/span><\/li>\n<li style=\"font-weight: 400;\"><a href=\"http:\/\/www.cartier.com\/\" target=\"_blank\" rel=\"noopener noreferrer\">Cartier<\/a>, Frankreich<\/li>\n<li style=\"font-weight: 400;\"><a href=\"https:\/\/www.comet-group.com\/de\" target=\"_blank\" rel=\"noopener noreferrer\"><span style=\"font-weight: 400;\">Comet<\/span><\/a><span style=\"font-weight: 400;\">, Schweiz<\/span><\/li>\n<li><a href=\"https:\/\/cordenpharma.com\/\">Corden Pharma<\/a>, Schweiz<\/li>\n<li style=\"font-weight: 400;\"><a href=\"https:\/\/www.covestro.com\/de\" target=\"_blank\" rel=\"noopener noreferrer\"><span style=\"font-weight: 400;\">Covestro<\/span><\/a><span style=\"font-weight: 400;\">, Deutschland<\/span><\/li>\n<li style=\"font-weight: 400;\"><a href=\"http:\/\/diamed.ch\/default.aspx?lang=de\" target=\"_blank\" rel=\"noopener noreferrer\"><span style=\"font-weight: 400;\">DiaMed\/Bio-Rad<\/span><\/a><span style=\"font-weight: 400;\">, USA\/Schweiz<\/span><\/li>\n<li style=\"font-weight: 400;\"><a href=\"http:\/\/www.tanksystem.com\/\" target=\"_blank\" rel=\"noopener noreferrer\"><span style=\"font-weight: 400;\">Enraf Tanksystem\/Honeywell<\/span><\/a><span style=\"font-weight: 400;\">, USA<\/span><\/li>\n<li style=\"font-weight: 400;\"><a href=\"https:\/\/www.geberit.com\/de\/\" target=\"_blank\" rel=\"noopener noreferrer\"><span style=\"font-weight: 400;\">Geberit<\/span><\/a><span style=\"font-weight: 400;\">, Schweiz<\/span><\/li>\n<li style=\"font-weight: 400;\"><a href=\"http:\/\/www.harmonicinc.com\/\" target=\"_blank\" rel=\"noopener noreferrer\"><span style=\"font-weight: 400;\">Harmonic<\/span><\/a><span style=\"font-weight: 400;\">, USA<\/span><\/li>\n<li style=\"font-weight: 400;\"><a href=\"https:\/\/hesion-park.com\/en\/\" target=\"_blank\" rel=\"noopener noreferrer\"><span style=\"font-weight: 400;\">Hesion<\/span><\/a><span style=\"font-weight: 400;\">, Frankreich \u2013 <\/span><a href=\"https:\/\/youtu.be\/mTnNgd1Ve4E\"><b>Video<\/b><span style=\"font-weight: 400;\">: Hesion und der Kanton Freiburg<\/span><\/a><\/li>\n<li style=\"font-weight: 400;\"><a href=\"http:\/\/www.inditex.com\/\" target=\"_blank\" rel=\"noopener noreferrer\"><span style=\"font-weight: 400;\">Inditex<\/span><\/a><span style=\"font-weight: 400;\">, Spanien<\/span><\/li>\n<li style=\"font-weight: 400;\"><a href=\"https:\/\/www.johnsonelectric.com\/de\"><span style=\"font-weight: 400;\">Johnson Electric<\/span><\/a><span style=\"font-weight: 400;\">, China<\/span><\/li>\n<li style=\"font-weight: 400;\"><a href=\"http:\/\/www.laduree.com\/\" target=\"_blank\" rel=\"noopener noreferrer\"><span style=\"font-weight: 400;\">Ladur\u00e9e<\/span><\/a><span style=\"font-weight: 400;\">, Frankreich<\/span><\/li>\n<li style=\"font-weight: 400;\"><a href=\"https:\/\/www.liebherr.com\/de\" target=\"_blank\" rel=\"noopener noreferrer\"><span style=\"font-weight: 400;\">Liebherr<\/span><\/a><span style=\"font-weight: 400;\">, Schweiz<\/span><\/li>\n<li style=\"font-weight: 400;\"><a href=\"http:\/\/www.magtrol.com\/\"><span style=\"font-weight: 400;\">Magtrol<\/span><\/a><span style=\"font-weight: 400;\">, USA<\/span><\/li>\n<li style=\"font-weight: 400;\"><a href=\"http:\/\/www.mapei.com\/\" target=\"_blank\" rel=\"noopener noreferrer\"><span style=\"font-weight: 400;\">Mapei<\/span><\/a><span style=\"font-weight: 400;\">, Italien<\/span><\/li>\n<li style=\"font-weight: 400;\"><a href=\"http:\/\/www.medion-diagnostics.ch\/\" target=\"_blank\" rel=\"noopener noreferrer\"><span style=\"font-weight: 400;\">Medion Grifols Diagnostics\/Grifols<\/span><\/a><span style=\"font-weight: 400;\">, Spanien<\/span><\/li>\n<li style=\"font-weight: 400;\"><a href=\"https:\/\/www.michelin.com\/en\/\" target=\"_blank\" rel=\"noopener noreferrer\"><span style=\"font-weight: 400;\">Michelin<\/span><\/a><span style=\"font-weight: 400;\">, Frankreich<\/span><\/li>\n<li style=\"font-weight: 400;\"><a href=\"https:\/\/www.nespresso.com\/ch\/de\" target=\"_blank\" rel=\"noopener noreferrer\"><span style=\"font-weight: 400;\">Nespresso<\/span><\/a><span style=\"font-weight: 400;\">, Schweiz<\/span><\/li>\n<\/ul>\n<p>[\/vc_column_text][\/vc_column_inner][vc_column_inner width=&#8220;1\/2&#8243;][vc_column_text]<\/p>\n<ul>\n<li style=\"font-weight: 400;\"><a href=\"http:\/\/www.novachem.com\/\" target=\"_blank\" rel=\"noopener noreferrer\"><span style=\"font-weight: 400;\">Nova Chemicals<\/span><\/a><span style=\"font-weight: 400;\">, Kanada<\/span><\/li>\n<li style=\"font-weight: 400;\"><a href=\"https:\/\/www.otis.com\/de\/ch\/\" target=\"_blank\" rel=\"noopener noreferrer\"><span style=\"font-weight: 400;\">Otis<\/span><\/a><span style=\"font-weight: 400;\">, USA<\/span><\/li>\n<li style=\"font-weight: 400;\"><a href=\"http:\/\/www.pall.com\/\" target=\"_blank\" rel=\"noopener noreferrer\"><span style=\"font-weight: 400;\">Pall Corporation<\/span><\/a><span style=\"font-weight: 400;\">, USA<\/span><\/li>\n<li><a href=\"https:\/\/www.meggitt.com\/\" target=\"_blank\" rel=\"noopener\">Parker Meggitt<\/a>, USA<\/li>\n<li style=\"font-weight: 400;\"><a href=\"http:\/\/www.partylite.com\/\" target=\"_blank\" rel=\"noopener noreferrer\"><span style=\"font-weight: 400;\">PartyLite<\/span><\/a><span style=\"font-weight: 400;\">, USA<\/span><\/li>\n<li style=\"font-weight: 400;\"><a href=\"https:\/\/www.phonak-communications.com\/de\/\" target=\"_blank\" rel=\"noopener noreferrer\">Phonak\/Sonova<\/a>, Schweiz\u2013\u00a0<a href=\"https:\/\/youtu.be\/btMjlQ15WbI\" target=\"_blank\" rel=\"noopener noreferrer\"><b>Video<\/b>: Phonak Communications und der Kanton Freiburg<\/a><\/li>\n<li style=\"font-weight: 400;\"><a href=\"http:\/\/www.richemont.com\/\" target=\"_blank\" rel=\"noopener noreferrer\"><span style=\"font-weight: 400;\">Richemont International<\/span><\/a><span style=\"font-weight: 400;\">, Schweiz<\/span><\/li>\n<li><a href=\"https:\/\/www.rolex.com\/\">Rolex<\/a>, Schweiz<\/li>\n<li style=\"font-weight: 400;\"><a href=\"http:\/\/www.ruida.ch\/\" target=\"_blank\" rel=\"noopener noreferrer\"><span style=\"font-weight: 400;\">Ruida Electronics<\/span><\/a><span style=\"font-weight: 400;\">, China<\/span><\/li>\n<li style=\"font-weight: 400;\"><a href=\"https:\/\/www.autajon.com\/en\/\" target=\"_blank\" rel=\"noopener noreferrer\"><span style=\"font-weight: 400;\">S\u00e4uberlin &amp; Pfeiffer\/Autajon<\/span><\/a><span style=\"font-weight: 400;\">, Frankreich<\/span><\/li>\n<li style=\"font-weight: 400;\"><a href=\"https:\/\/www.saia-pcd.com\/de-ch\/\" target=\"_blank\" rel=\"noopener noreferrer\"><span style=\"font-weight: 400;\">Saia-Burgess\/Honeywell<\/span><\/a><span style=\"font-weight: 400;\">, USA<\/span><\/li>\n<li style=\"font-weight: 400;\"><a href=\"http:\/\/www.scott-sports.com\/\" target=\"_blank\" rel=\"noopener noreferrer\"><span style=\"font-weight: 400;\">Scott Sports<\/span><\/a><span style=\"font-weight: 400;\">, Schweiz \u2013 <\/span><a href=\"https:\/\/youtu.be\/zJurgzmbDfg\" target=\"_blank\" rel=\"noopener noreferrer\"><b>Video<\/b><span style=\"font-weight: 400;\">: Scott Sports und der Kanton Freiburg<\/span><\/a><\/li>\n<li><a href=\"https:\/\/scout24.ch\/fr\/\" target=\"_blank\" rel=\"noopener noreferrer\">Scout24\/SMG\u00a0Swiss Marketplace Group SA<\/a>, <span style=\"font-weight: 400;\">Schweiz<\/span><\/li>\n<li style=\"font-weight: 400;\"><a href=\"https:\/\/che.sika.com\/\" target=\"_blank\" rel=\"noopener noreferrer\"><span style=\"font-weight: 400;\">Sika<\/span><\/a><span style=\"font-weight: 400;\">, Schweiz<\/span><\/li>\n<li style=\"font-weight: 400;\"><a href=\"http:\/\/www.spiro.ch\/de\/\" target=\"_blank\" rel=\"noopener noreferrer\"><span style=\"font-weight: 400;\">Spiro<\/span><\/a><span style=\"font-weight: 400;\">, Schweden<\/span><\/li>\n<li style=\"font-weight: 400;\"><a href=\"http:\/\/www.ucb.com\/\" target=\"_blank\" rel=\"noopener noreferrer\"><span style=\"font-weight: 400;\">UCB Farchim<\/span><\/a><span style=\"font-weight: 400;\">, Belgien \u2013\u00a0<\/span><a href=\"http:\/\/youtu.be\/JCG4FdYTQ3U\"><b>Video<\/b><span style=\"font-weight: 400;\">: UCB&#8217;s neuer Biotech-Produktionsstandort in Bulle<\/span><\/a><\/li>\n<li style=\"font-weight: 400;\"><a href=\"http:\/\/www.verisigninc.com\/\"><span style=\"font-weight: 400;\">VeriSign<\/span><\/a><span style=\"font-weight: 400;\">, USA<\/span><\/li>\n<li style=\"font-weight: 400;\"><a href=\"http:\/\/www.vetrotech.com\/\" target=\"_blank\" rel=\"noopener noreferrer\"><span style=\"font-weight: 400;\">Vetrotech Saint-Gobain\/Saint-Gobain<\/span><\/a><span style=\"font-weight: 400;\">, Frankreich<\/span><\/li>\n<li style=\"font-weight: 400;\"><a href=\"https:\/\/www.villars.com\/INT\/de.html\" target=\"_blank\" rel=\"noopener noreferrer\"><span style=\"font-weight: 400;\">Villars Ma\u00eetre Chocolatier\/Savencia Fromage &amp; Dairy<\/span><\/a><span style=\"font-weight: 400;\">, Frankreich<\/span><\/li>\n<li style=\"font-weight: 400;\"><a href=\"http:\/\/www.wago.ch\/\" target=\"_blank\" rel=\"noopener noreferrer\"><span style=\"font-weight: 400;\">Wago Contact<\/span><\/a><span style=\"font-weight: 400;\">, Deutschland<\/span><\/li>\n<li style=\"font-weight: 400;\"><a href=\"http:\/\/wib-bearings.com\/de\/home\/\" target=\"_blank\" rel=\"noopener noreferrer\"><span style=\"font-weight: 400;\">WIB\/RotoPrecision<\/span><\/a><span style=\"font-weight: 400;\">, Kanada<\/span><\/li>\n<\/ul>\n<p>[\/vc_column_text][\/vc_column_inner][\/vc_row_inner][vc_row_inner css=&#8220;.vc_custom_1510669060394{margin-top: 10px !important;margin-bottom: 40px !important;}&#8220;][vc_column_inner][vc_column_text css=&#8220;.vc_custom_1537892139385{margin-top: 0px !important;padding-top: 0px !important;}&#8220;]Diese Liste ist nicht vollst\u00e4ndig. Die Wirtschaftsf\u00f6rderung steht Ihnen f\u00fcr zus\u00e4tzliche Informationen gerne zur Verf\u00fcgung.[\/vc_column_text][\/vc_column_inner][\/vc_row_inner][\/vc_column][\/vc_row][vc_row][vc_column][vc_column_text] [\/vc_column_text][\/vc_column][\/vc_row][vc_row][vc_column][vc_column_text] [\/vc_column_text][\/vc_column][\/vc_row][vc_row][vc_column][vc_column_text] [\/vc_column_text][\/vc_column][\/vc_row][vc_row][vc_column][vc_column_text] [\/vc_column_text][\/vc_column][\/vc_row][vc_row][vc_column][vc_column_text] [\/vc_column_text][\/vc_column][\/vc_row][vc_row][vc_column][vc_column_text] [\/vc_column_text][\/vc_column][\/vc_row][vc_row][vc_column][vc_column_text] [\/vc_column_text][\/vc_column][\/vc_row][vc_row][vc_column][vc_column_text] [\/vc_column_text][\/vc_column][\/vc_row][vc_row][vc_column][vc_column_text]<\/p>\n<p>[\/vc_column_text][\/vc_column][\/vc_row][vc_row css=&#8220;.vc_custom_1517561720347{padding-left: 25px !important;}&#8220;][vc_column][\/vc_column][\/vc_row]<\/p>\n<\/div>","protected":false},"excerpt":{"rendered":"<p>[vc_row row_type=&#8220;parallax&#8220; full_screen_section_height=&#8220;no&#8220; css=&#8220;.vc_custom_1500456852303{margin-top: 0px !important;margin-right: 0px !important;margin-bottom: 0px !important;margin-left: 0px !important;padding-top: 0px !important;padding-right: 0px !important;padding-bottom: 0px !important;padding-left: 0px !important;background-color: #002c77 !important;}&#8220;][vc_column css=&#8220;.vc_custom_1500387896779{padding-top: 0px !important;padding-right: 0px !important;padding-bottom: 0px !important;padding-left: 0px !important;}&#8220;][vc_row_inner content_width=&#8220;grid&#8220; css=&#8220;.vc_custom_1500457336512{padding-top: 0px !important;padding-right: 0px !important;padding-bottom: 0px !important;padding-left: 0px !important;}&#8220; el_class=&#8220;bannerservices&#8220;][vc_column_inner width=&#8220;1\/2&#8243;][vc_empty_space height=&#8220;30px&#8220;][vc_column_text][\/vc_column_text][vc_empty_space height=&#8220;30px&#8220;][\/vc_column_inner][vc_column_inner&#8230;<\/p>\n","protected":false},"author":2,"featured_media":0,"parent":11298,"menu_order":0,"comment_status":"closed","ping_status":"closed","template":"full-width.php","meta":{"footnotes":""},"tags":[],"class_list":["post-11444","page","type-page","status-publish","hentry"],"yoast_head":"<!-- This site is optimized with the Yoast SEO plugin v26.9 - https:\/\/yoast.com\/product\/yoast-seo-wordpress\/ -->\n<title>Referenzen - Wirtschaftsf\u00f6rderung WIF<\/title>\n<meta name=\"robots\" content=\"index, follow, max-snippet:-1, max-image-preview:large, max-video-preview:-1\" \/>\n<link rel=\"canonical\" href=\"https:\/\/www.promfr.ch\/de\/ansiedeln\/referenzen\/\" \/>\n<meta property=\"og:locale\" content=\"de_DE\" \/>\n<meta property=\"og:type\" content=\"article\" \/>\n<meta property=\"og:title\" content=\"Referenzen - Wirtschaftsf\u00f6rderung WIF\" \/>\n<meta property=\"og:description\" content=\"[vc_row row_type=&#8220;parallax&#8220; full_screen_section_height=&#8220;no&#8220; css=&#8220;.vc_custom_1500456852303{margin-top: 0px !important;margin-right: 0px !important;margin-bottom: 0px !important;margin-left: 0px !important;padding-top: 0px !important;padding-right: 0px !important;padding-bottom: 0px !important;padding-left: 0px !important;background-color: #002c77 !important;}&#8220;][vc_column css=&#8220;.vc_custom_1500387896779{padding-top: 0px !important;padding-right: 0px !important;padding-bottom: 0px !important;padding-left: 0px !important;}&#8220;][vc_row_inner content_width=&#8220;grid&#8220; css=&#8220;.vc_custom_1500457336512{padding-top: 0px !important;padding-right: 0px !important;padding-bottom: 0px !important;padding-left: 0px !important;}&#8220; el_class=&#8220;bannerservices&#8220;][vc_column_inner width=&#8220;1\/2&#8243;][vc_empty_space height=&#8220;30px&#8220;][vc_column_text][\/vc_column_text][vc_empty_space height=&#8220;30px&#8220;][\/vc_column_inner][vc_column_inner...\" \/>\n<meta property=\"og:url\" content=\"https:\/\/www.promfr.ch\/de\/ansiedeln\/referenzen\/\" \/>\n<meta property=\"og:site_name\" content=\"Wirtschaftsf\u00f6rderung WIF\" \/>\n<meta property=\"article:modified_time\" content=\"2023-11-02T11:20:00+00:00\" \/>\n<meta name=\"twitter:card\" content=\"summary_large_image\" \/>\n<meta name=\"twitter:site\" content=\"@promfr\" \/>\n<script type=\"application\/ld+json\" class=\"yoast-schema-graph\">{\"@context\":\"https:\/\/schema.org\",\"@graph\":[{\"@type\":\"WebPage\",\"@id\":\"https:\/\/www.promfr.ch\/de\/ansiedeln\/referenzen\/\",\"url\":\"https:\/\/www.promfr.ch\/de\/ansiedeln\/referenzen\/\",\"name\":\"Referenzen - Wirtschaftsf\u00f6rderung WIF\",\"isPartOf\":{\"@id\":\"https:\/\/www.promfr.ch\/#website\"},\"datePublished\":\"2018-09-21T12:33:18+00:00\",\"dateModified\":\"2023-11-02T11:20:00+00:00\",\"breadcrumb\":{\"@id\":\"https:\/\/www.promfr.ch\/de\/ansiedeln\/referenzen\/#breadcrumb\"},\"inLanguage\":\"de\",\"potentialAction\":[{\"@type\":\"ReadAction\",\"target\":[\"https:\/\/www.promfr.ch\/de\/ansiedeln\/referenzen\/\"]}]},{\"@type\":\"BreadcrumbList\",\"@id\":\"https:\/\/www.promfr.ch\/de\/ansiedeln\/referenzen\/#breadcrumb\",\"itemListElement\":[{\"@type\":\"ListItem\",\"position\":1,\"name\":\"Accueil\",\"item\":\"https:\/\/www.promfr.ch\/de\/\"},{\"@type\":\"ListItem\",\"position\":2,\"name\":\"Ansiedeln\",\"item\":\"https:\/\/www.promfr.ch\/de\/ansiedeln\/\"},{\"@type\":\"ListItem\",\"position\":3,\"name\":\"Referenzen\"}]},{\"@type\":\"WebSite\",\"@id\":\"https:\/\/www.promfr.ch\/#website\",\"url\":\"https:\/\/www.promfr.ch\/\",\"name\":\"Promotion \u00e9conomique du canton de Fribourg (PromFR)\",\"description\":\"FRIBOURG, THE PLACE TO GROW!\",\"publisher\":{\"@id\":\"https:\/\/www.promfr.ch\/#organization\"},\"alternateName\":\"Wirtschaftsf\u00f6rderung Kanton Freiburg (WIF)\",\"potentialAction\":[{\"@type\":\"SearchAction\",\"target\":{\"@type\":\"EntryPoint\",\"urlTemplate\":\"https:\/\/www.promfr.ch\/?s={search_term_string}\"},\"query-input\":{\"@type\":\"PropertyValueSpecification\",\"valueRequired\":true,\"valueName\":\"search_term_string\"}}],\"inLanguage\":\"de\"},{\"@type\":\"Organization\",\"@id\":\"https:\/\/www.promfr.ch\/#organization\",\"name\":\"Promotion \u00e9conomique du canton de Fribourg (PromFR)\",\"alternateName\":\"Wirtschaftsf\u00f6rderung Kanton Freiburg (WIF)\",\"url\":\"https:\/\/www.promfr.ch\/\",\"logo\":{\"@type\":\"ImageObject\",\"inLanguage\":\"de\",\"@id\":\"https:\/\/www.promfr.ch\/#\/schema\/logo\/image\/\",\"url\":\"https:\/\/www.promfr.ch\/wp-content\/uploads\/2017\/07\/promotion-economique-fribourg-logo.png\",\"contentUrl\":\"https:\/\/www.promfr.ch\/wp-content\/uploads\/2017\/07\/promotion-economique-fribourg-logo.png\",\"width\":515,\"height\":156,\"caption\":\"Promotion \u00e9conomique du canton de Fribourg (PromFR)\"},\"image\":{\"@id\":\"https:\/\/www.promfr.ch\/#\/schema\/logo\/image\/\"},\"sameAs\":[\"https:\/\/x.com\/promfr\",\"https:\/\/www.linkedin.com\/company\/promfr\",\"https:\/\/www.youtube.com\/user\/promfr\"]}]}<\/script>\n<!-- \/ Yoast SEO plugin. -->","yoast_head_json":{"title":"Referenzen - Wirtschaftsf\u00f6rderung WIF","robots":{"index":"index","follow":"follow","max-snippet":"max-snippet:-1","max-image-preview":"max-image-preview:large","max-video-preview":"max-video-preview:-1"},"canonical":"https:\/\/www.promfr.ch\/de\/ansiedeln\/referenzen\/","og_locale":"de_DE","og_type":"article","og_title":"Referenzen - Wirtschaftsf\u00f6rderung WIF","og_description":"[vc_row row_type=&#8220;parallax&#8220; full_screen_section_height=&#8220;no&#8220; css=&#8220;.vc_custom_1500456852303{margin-top: 0px !important;margin-right: 0px !important;margin-bottom: 0px !important;margin-left: 0px !important;padding-top: 0px !important;padding-right: 0px !important;padding-bottom: 0px !important;padding-left: 0px !important;background-color: #002c77 !important;}&#8220;][vc_column css=&#8220;.vc_custom_1500387896779{padding-top: 0px !important;padding-right: 0px !important;padding-bottom: 0px !important;padding-left: 0px !important;}&#8220;][vc_row_inner content_width=&#8220;grid&#8220; css=&#8220;.vc_custom_1500457336512{padding-top: 0px !important;padding-right: 0px !important;padding-bottom: 0px !important;padding-left: 0px !important;}&#8220; el_class=&#8220;bannerservices&#8220;][vc_column_inner width=&#8220;1\/2&#8243;][vc_empty_space height=&#8220;30px&#8220;][vc_column_text][\/vc_column_text][vc_empty_space height=&#8220;30px&#8220;][\/vc_column_inner][vc_column_inner...","og_url":"https:\/\/www.promfr.ch\/de\/ansiedeln\/referenzen\/","og_site_name":"Wirtschaftsf\u00f6rderung WIF","article_modified_time":"2023-11-02T11:20:00+00:00","twitter_card":"summary_large_image","twitter_site":"@promfr","schema":{"@context":"https:\/\/schema.org","@graph":[{"@type":"WebPage","@id":"https:\/\/www.promfr.ch\/de\/ansiedeln\/referenzen\/","url":"https:\/\/www.promfr.ch\/de\/ansiedeln\/referenzen\/","name":"Referenzen - Wirtschaftsf\u00f6rderung WIF","isPartOf":{"@id":"https:\/\/www.promfr.ch\/#website"},"datePublished":"2018-09-21T12:33:18+00:00","dateModified":"2023-11-02T11:20:00+00:00","breadcrumb":{"@id":"https:\/\/www.promfr.ch\/de\/ansiedeln\/referenzen\/#breadcrumb"},"inLanguage":"de","potentialAction":[{"@type":"ReadAction","target":["https:\/\/www.promfr.ch\/de\/ansiedeln\/referenzen\/"]}]},{"@type":"BreadcrumbList","@id":"https:\/\/www.promfr.ch\/de\/ansiedeln\/referenzen\/#breadcrumb","itemListElement":[{"@type":"ListItem","position":1,"name":"Accueil","item":"https:\/\/www.promfr.ch\/de\/"},{"@type":"ListItem","position":2,"name":"Ansiedeln","item":"https:\/\/www.promfr.ch\/de\/ansiedeln\/"},{"@type":"ListItem","position":3,"name":"Referenzen"}]},{"@type":"WebSite","@id":"https:\/\/www.promfr.ch\/#website","url":"https:\/\/www.promfr.ch\/","name":"Promotion \u00e9conomique du canton de Fribourg (PromFR)","description":"FRIBOURG, THE PLACE TO GROW!","publisher":{"@id":"https:\/\/www.promfr.ch\/#organization"},"alternateName":"Wirtschaftsf\u00f6rderung Kanton Freiburg (WIF)","potentialAction":[{"@type":"SearchAction","target":{"@type":"EntryPoint","urlTemplate":"https:\/\/www.promfr.ch\/?s={search_term_string}"},"query-input":{"@type":"PropertyValueSpecification","valueRequired":true,"valueName":"search_term_string"}}],"inLanguage":"de"},{"@type":"Organization","@id":"https:\/\/www.promfr.ch\/#organization","name":"Promotion \u00e9conomique du canton de Fribourg (PromFR)","alternateName":"Wirtschaftsf\u00f6rderung Kanton Freiburg (WIF)","url":"https:\/\/www.promfr.ch\/","logo":{"@type":"ImageObject","inLanguage":"de","@id":"https:\/\/www.promfr.ch\/#\/schema\/logo\/image\/","url":"https:\/\/www.promfr.ch\/wp-content\/uploads\/2017\/07\/promotion-economique-fribourg-logo.png","contentUrl":"https:\/\/www.promfr.ch\/wp-content\/uploads\/2017\/07\/promotion-economique-fribourg-logo.png","width":515,"height":156,"caption":"Promotion \u00e9conomique du canton de Fribourg (PromFR)"},"image":{"@id":"https:\/\/www.promfr.ch\/#\/schema\/logo\/image\/"},"sameAs":["https:\/\/x.com\/promfr","https:\/\/www.linkedin.com\/company\/promfr","https:\/\/www.youtube.com\/user\/promfr"]}]}},"_links":{"self":[{"href":"https:\/\/www.promfr.ch\/de\/wp-json\/wp\/v2\/pages\/11444","targetHints":{"allow":["GET"]}}],"collection":[{"href":"https:\/\/www.promfr.ch\/de\/wp-json\/wp\/v2\/pages"}],"about":[{"href":"https:\/\/www.promfr.ch\/de\/wp-json\/wp\/v2\/types\/page"}],"author":[{"embeddable":true,"href":"https:\/\/www.promfr.ch\/de\/wp-json\/wp\/v2\/users\/2"}],"replies":[{"embeddable":true,"href":"https:\/\/www.promfr.ch\/de\/wp-json\/wp\/v2\/comments?post=11444"}],"version-history":[{"count":23,"href":"https:\/\/www.promfr.ch\/de\/wp-json\/wp\/v2\/pages\/11444\/revisions"}],"predecessor-version":[{"id":20324,"href":"https:\/\/www.promfr.ch\/de\/wp-json\/wp\/v2\/pages\/11444\/revisions\/20324"}],"up":[{"embeddable":true,"href":"https:\/\/www.promfr.ch\/de\/wp-json\/wp\/v2\/pages\/11298"}],"wp:attachment":[{"href":"https:\/\/www.promfr.ch\/de\/wp-json\/wp\/v2\/media?parent=11444"}],"wp:term":[{"taxonomy":"post_tag","embeddable":true,"href":"https:\/\/www.promfr.ch\/de\/wp-json\/wp\/v2\/tags?post=11444"}],"curies":[{"name":"wp","href":"https:\/\/api.w.org\/{rel}","templated":true}]}}