{"id":11558,"date":"2018-09-21T16:57:34","date_gmt":"2018-09-21T14:57:34","guid":{"rendered":"http:\/\/www.promfr.ch\/expandieren\/erfahrungsberichte\/"},"modified":"2020-02-03T14:27:18","modified_gmt":"2020-02-03T13:27:18","slug":"erfahrungsberichte","status":"publish","type":"page","link":"https:\/\/www.promfr.ch\/de\/expandieren\/erfahrungsberichte\/","title":{"rendered":"Erfahrungsberichte"},"content":{"rendered":"<div class=\"wpb-content-wrapper\"><p>[vc_row row_type=&#8220;parallax&#8220; full_screen_section_height=&#8220;no&#8220; css=&#8220;.vc_custom_1500456852303{margin-top: 0px !important;margin-right: 0px !important;margin-bottom: 0px !important;margin-left: 0px !important;padding-top: 0px !important;padding-right: 0px !important;padding-bottom: 0px !important;padding-left: 0px !important;background-color: #002c77 !important;}&#8220;][vc_column css=&#8220;.vc_custom_1500387896779{padding-top: 0px !important;padding-right: 0px !important;padding-bottom: 0px !important;padding-left: 0px !important;}&#8220;][vc_row_inner content_width=&#8220;grid&#8220; css=&#8220;.vc_custom_1500457336512{padding-top: 0px !important;padding-right: 0px !important;padding-bottom: 0px !important;padding-left: 0px !important;}&#8220; el_class=&#8220;bannerservices&#8220;][vc_column_inner width=&#8220;1\/2&#8243;][vc_empty_space height=&#8220;30px&#8220;]<div class=\"mkd-iwt clearfix mkd-iwt-icon-left mkd-iwt-icon-tiny\">\n\t<div class=\"mkd-iwt-icon-holder\">\n\t\t\t\t\t\n\t<span class=\"mkd-icon-shortcode normal mkd-icon-tiny\"  data-hover-color=\"#ffffff\" data-color=\"#ffffff\">\n        \n\t\t\t<i class=\"mkd-icon-dripicons dripicon dripicon-user-group mkd-icon-element\" style=\"color: #ffffff\" ><\/i>\n\t\t\t    <\/span>\n\n\t\t\t\t<\/div>\n\t<div class=\"mkd-iwt-content-holder\" style=\"padding-left: 40px\">\n\t\t<div class=\"mkd-iwt-title-holder\">\n\t\t\t<h4 style=\"color: #ffffff;text-transform: none;font-weight: 700\">Erfahrungsberichte<\/h4>\n\t<\/div>\n\t<div class=\"mkd-iwt-text-holder\">\n\t\t<p ><\/p>\n\n\t\t\t<\/div>\n<\/div>\n<\/div>[vc_column_text][\/vc_column_text][vc_empty_space height=&#8220;30px&#8220;][\/vc_column_inner][vc_column_inner width=&#8220;1\/2&#8243;][\/vc_column_inner][\/vc_row_inner][\/vc_column][\/vc_row][vc_row content_width=&#8220;grid&#8220; css=&#8220;.vc_custom_1510812632912{margin-top: 20px !important;padding-top: 0px !important;padding-bottom: 0px !important;}&#8220;][vc_column][vc_column_text css=&#8220;.vc_custom_1580735986081{padding-top: 10px !important;}&#8220;]<\/p>\n<h4>Ronald Fehlmann, CEO, Comet Group<\/h4>\n<p>\u00abDer Erweiterungsbau ist ein klares Bekenntnis zur Schweiz und zum Kanton Freiburg. Hier finden wir kompetente Mitarbeitende, eine optimale Unterst\u00fctzung seitens Gemeinde und Kanton sowie eine sehr gute Verkehrsanbindung.\u00bb<\/p>\n<p><a title=\"www.comet-group.com\" href=\"http:\/\/www.comet-group.com\/\" target=\"_blank\" rel=\"noopener noreferrer\">www.comet-group.com<\/a><\/p>\n<p>[\/vc_column_text][\/vc_column][\/vc_row][vc_row content_width=&#8220;grid&#8220; css=&#8220;.vc_custom_1509031173266{margin-top: 0px !important;margin-bottom: 0px !important;padding-top: 0px !important;padding-bottom: 0px !important;}&#8220;][vc_column][vc_zigzag css=&#8220;.vc_custom_1509031180697{margin-top: 0px !important;margin-bottom: 0px !important;padding-top: 0px !important;padding-bottom: 0px !important;}&#8220;][\/vc_column][\/vc_row][vc_row content_width=&#8220;grid&#8220; css=&#8220;.vc_custom_1510812632912{margin-top: 20px !important;padding-top: 0px !important;padding-bottom: 0px !important;}&#8220;][vc_column][vc_column_text css=&#8220;.vc_custom_1580736425915{padding-top: 10px !important;}&#8220;]<\/p>\n<h4>Claude Ambrosini, Direktor, Liebherr Maschinen AG<\/h4>\n<p><span style=\"font-weight: 400;\">\u00abDie vom Kanton gebotenen Rahmenbedingungen sind sehr gut. Die politischen Beh\u00f6rden achten sehr auf die Bed\u00fcrfnisse der Unternehmen. Wir sind deshalb sehr froh, in Freiburg zu sein. Die Direktion der Liebherr-Gruppe hebt stets die Qualit\u00e4t dieser Rahmenbedingungen hervor. Das wichtigste f\u00fcr uns ist diese Verf\u00fcgbarkeit und Flexibilit\u00e4t der Beh\u00f6rden. In unseren Augen ist die Wirtschaftsf\u00f6rderung Kanton Freiburg das unerl\u00e4ssliche Bindeglied zwischen den Unternehmen und Beh\u00f6rden.\u00bb<\/span><\/p>\n<p><a href=\"http:\/\/www.liebherr.com\/\">www.liebherr.com<\/a><\/p>\n<p>[\/vc_column_text][\/vc_column][\/vc_row][vc_row content_width=&#8220;grid&#8220; css=&#8220;.vc_custom_1509031173266{margin-top: 0px !important;margin-bottom: 0px !important;padding-top: 0px !important;padding-bottom: 0px !important;}&#8220;][vc_column][vc_zigzag css=&#8220;.vc_custom_1509031180697{margin-top: 0px !important;margin-bottom: 0px !important;padding-top: 0px !important;padding-bottom: 0px !important;}&#8220;][\/vc_column][\/vc_row][vc_row content_width=&#8220;grid&#8220; css=&#8220;.vc_custom_1509031229170{padding-top: 0px !important;padding-bottom: 0px !important;}&#8220;][vc_column][vc_column_text css=&#8220;.vc_custom_1580736415031{padding-top: 10px !important;}&#8220;]<\/p>\n<h4>Kurt L\u00fcthi, Direktor, Emerell AG<\/h4>\n<p>\u00abDie Wirtschaftsf\u00f6rderung Kanton Freiburg geht l\u00f6sungsorientiert und umfassend auf unsere Anliegen ein. Sie ist ein wichtiger Partner im Umgang mit Beh\u00f6rden und \u00d6ffentlichkeit. Das Resultat: Spitzentechnologie und neue Arbeitspl\u00e4tze am Standort Schmitten.\u00bb<\/p>\n<p><a href=\"http:\/\/emerell.com\">www.emerell.com<\/a><\/p>\n<p>[\/vc_column_text][\/vc_column][\/vc_row][vc_row content_width=&#8220;grid&#8220; css=&#8220;.vc_custom_1509031173266{margin-top: 0px !important;margin-bottom: 0px !important;padding-top: 0px !important;padding-bottom: 0px !important;}&#8220;][vc_column][vc_zigzag css=&#8220;.vc_custom_1509031180697{margin-top: 0px !important;margin-bottom: 0px !important;padding-top: 0px !important;padding-bottom: 0px !important;}&#8220;][\/vc_column][\/vc_row]<\/p>\n<p>[vc_row content_width=&#8220;grid&#8220; css=&#8220;.vc_custom_1509031229170{padding-top: 0px !important;padding-bottom: 0px !important;}&#8220;][vc_column][vc_column_text css=&#8220;.vc_custom_1580736404480{padding-top: 10px !important;}&#8220;]<\/p>\n<h4>Beat Zaugg, CEO, Scott Sports SA<\/h4>\n<p><span style=\"font-weight: 400;\">\u00abWir investieren in den Standort Schweiz, weil er viele Vorteile bietet, insbesondere was das Innovationspotenzial anbelangt. In Freiburg ist es ausserdem einfach, Leute zu finden, die mehrere Sprachen sprechen und multikulturell sind. Und die Wirtschaftsf\u00f6rderung Kanton Freiburg ist ein verl\u00e4sslicher Partner, um spezifische L\u00f6sungen f\u00fcr unsere Herausforderungen zu finden.\u00bb<\/span><\/p>\n<p><a href=\"http:\/\/www.scott-sports.com\"><span style=\"font-weight: 400;\">www.scott-sports.com<\/span><\/a><\/p>\n<p>[\/vc_column_text][\/vc_column][\/vc_row]<\/p>\n<\/div>","protected":false},"excerpt":{"rendered":"<p>[vc_row row_type=&#8220;parallax&#8220; full_screen_section_height=&#8220;no&#8220; css=&#8220;.vc_custom_1500456852303{margin-top: 0px !important;margin-right: 0px !important;margin-bottom: 0px !important;margin-left: 0px !important;padding-top: 0px !important;padding-right: 0px !important;padding-bottom: 0px !important;padding-left: 0px !important;background-color: #002c77 !important;}&#8220;][vc_column css=&#8220;.vc_custom_1500387896779{padding-top: 0px !important;padding-right: 0px !important;padding-bottom: 0px !important;padding-left: 0px !important;}&#8220;][vc_row_inner content_width=&#8220;grid&#8220; css=&#8220;.vc_custom_1500457336512{padding-top: 0px !important;padding-right: 0px !important;padding-bottom: 0px !important;padding-left: 0px !important;}&#8220; el_class=&#8220;bannerservices&#8220;][vc_column_inner width=&#8220;1\/2&#8243;][vc_empty_space height=&#8220;30px&#8220;][vc_column_text][\/vc_column_text][vc_empty_space height=&#8220;30px&#8220;][\/vc_column_inner][vc_column_inner&#8230;<\/p>\n","protected":false},"author":2,"featured_media":0,"parent":11495,"menu_order":0,"comment_status":"closed","ping_status":"closed","template":"full-width.php","meta":{"footnotes":""},"tags":[],"class_list":["post-11558","page","type-page","status-publish","hentry"],"yoast_head":"<!-- This site is optimized with the Yoast SEO plugin v26.9 - https:\/\/yoast.com\/product\/yoast-seo-wordpress\/ -->\n<title>Erfahrungsberichte - Wirtschaftsf\u00f6rderung WIF<\/title>\n<meta name=\"robots\" content=\"index, follow, max-snippet:-1, max-image-preview:large, max-video-preview:-1\" \/>\n<link rel=\"canonical\" href=\"https:\/\/www.promfr.ch\/de\/expandieren\/erfahrungsberichte\/\" \/>\n<meta property=\"og:locale\" content=\"de_DE\" \/>\n<meta property=\"og:type\" content=\"article\" \/>\n<meta property=\"og:title\" content=\"Erfahrungsberichte - Wirtschaftsf\u00f6rderung WIF\" \/>\n<meta property=\"og:description\" content=\"[vc_row row_type=&#8220;parallax&#8220; full_screen_section_height=&#8220;no&#8220; css=&#8220;.vc_custom_1500456852303{margin-top: 0px !important;margin-right: 0px !important;margin-bottom: 0px !important;margin-left: 0px !important;padding-top: 0px !important;padding-right: 0px !important;padding-bottom: 0px !important;padding-left: 0px !important;background-color: #002c77 !important;}&#8220;][vc_column css=&#8220;.vc_custom_1500387896779{padding-top: 0px !important;padding-right: 0px !important;padding-bottom: 0px !important;padding-left: 0px !important;}&#8220;][vc_row_inner content_width=&#8220;grid&#8220; css=&#8220;.vc_custom_1500457336512{padding-top: 0px !important;padding-right: 0px !important;padding-bottom: 0px !important;padding-left: 0px !important;}&#8220; el_class=&#8220;bannerservices&#8220;][vc_column_inner width=&#8220;1\/2&#8243;][vc_empty_space height=&#8220;30px&#8220;][vc_column_text][\/vc_column_text][vc_empty_space height=&#8220;30px&#8220;][\/vc_column_inner][vc_column_inner...\" \/>\n<meta property=\"og:url\" content=\"https:\/\/www.promfr.ch\/de\/expandieren\/erfahrungsberichte\/\" \/>\n<meta property=\"og:site_name\" content=\"Wirtschaftsf\u00f6rderung WIF\" \/>\n<meta property=\"article:modified_time\" content=\"2020-02-03T13:27:18+00:00\" \/>\n<meta name=\"twitter:card\" content=\"summary_large_image\" \/>\n<meta name=\"twitter:site\" content=\"@promfr\" \/>\n<script type=\"application\/ld+json\" class=\"yoast-schema-graph\">{\"@context\":\"https:\/\/schema.org\",\"@graph\":[{\"@type\":\"WebPage\",\"@id\":\"https:\/\/www.promfr.ch\/de\/expandieren\/erfahrungsberichte\/\",\"url\":\"https:\/\/www.promfr.ch\/de\/expandieren\/erfahrungsberichte\/\",\"name\":\"Erfahrungsberichte - Wirtschaftsf\u00f6rderung WIF\",\"isPartOf\":{\"@id\":\"https:\/\/www.promfr.ch\/#website\"},\"datePublished\":\"2018-09-21T14:57:34+00:00\",\"dateModified\":\"2020-02-03T13:27:18+00:00\",\"breadcrumb\":{\"@id\":\"https:\/\/www.promfr.ch\/de\/expandieren\/erfahrungsberichte\/#breadcrumb\"},\"inLanguage\":\"de\",\"potentialAction\":[{\"@type\":\"ReadAction\",\"target\":[\"https:\/\/www.promfr.ch\/de\/expandieren\/erfahrungsberichte\/\"]}]},{\"@type\":\"BreadcrumbList\",\"@id\":\"https:\/\/www.promfr.ch\/de\/expandieren\/erfahrungsberichte\/#breadcrumb\",\"itemListElement\":[{\"@type\":\"ListItem\",\"position\":1,\"name\":\"Accueil\",\"item\":\"https:\/\/www.promfr.ch\/de\/\"},{\"@type\":\"ListItem\",\"position\":2,\"name\":\"Expandieren\",\"item\":\"https:\/\/www.promfr.ch\/de\/expandieren\/\"},{\"@type\":\"ListItem\",\"position\":3,\"name\":\"Erfahrungsberichte\"}]},{\"@type\":\"WebSite\",\"@id\":\"https:\/\/www.promfr.ch\/#website\",\"url\":\"https:\/\/www.promfr.ch\/\",\"name\":\"Promotion \u00e9conomique du canton de Fribourg (PromFR)\",\"description\":\"FRIBOURG, THE PLACE TO GROW!\",\"publisher\":{\"@id\":\"https:\/\/www.promfr.ch\/#organization\"},\"alternateName\":\"Wirtschaftsf\u00f6rderung Kanton Freiburg (WIF)\",\"potentialAction\":[{\"@type\":\"SearchAction\",\"target\":{\"@type\":\"EntryPoint\",\"urlTemplate\":\"https:\/\/www.promfr.ch\/?s={search_term_string}\"},\"query-input\":{\"@type\":\"PropertyValueSpecification\",\"valueRequired\":true,\"valueName\":\"search_term_string\"}}],\"inLanguage\":\"de\"},{\"@type\":\"Organization\",\"@id\":\"https:\/\/www.promfr.ch\/#organization\",\"name\":\"Promotion \u00e9conomique du canton de Fribourg (PromFR)\",\"alternateName\":\"Wirtschaftsf\u00f6rderung Kanton Freiburg (WIF)\",\"url\":\"https:\/\/www.promfr.ch\/\",\"logo\":{\"@type\":\"ImageObject\",\"inLanguage\":\"de\",\"@id\":\"https:\/\/www.promfr.ch\/#\/schema\/logo\/image\/\",\"url\":\"https:\/\/www.promfr.ch\/wp-content\/uploads\/2017\/07\/promotion-economique-fribourg-logo.png\",\"contentUrl\":\"https:\/\/www.promfr.ch\/wp-content\/uploads\/2017\/07\/promotion-economique-fribourg-logo.png\",\"width\":515,\"height\":156,\"caption\":\"Promotion \u00e9conomique du canton de Fribourg (PromFR)\"},\"image\":{\"@id\":\"https:\/\/www.promfr.ch\/#\/schema\/logo\/image\/\"},\"sameAs\":[\"https:\/\/x.com\/promfr\",\"https:\/\/www.linkedin.com\/company\/promfr\",\"https:\/\/www.youtube.com\/user\/promfr\"]}]}<\/script>\n<!-- \/ Yoast SEO plugin. -->","yoast_head_json":{"title":"Erfahrungsberichte - Wirtschaftsf\u00f6rderung WIF","robots":{"index":"index","follow":"follow","max-snippet":"max-snippet:-1","max-image-preview":"max-image-preview:large","max-video-preview":"max-video-preview:-1"},"canonical":"https:\/\/www.promfr.ch\/de\/expandieren\/erfahrungsberichte\/","og_locale":"de_DE","og_type":"article","og_title":"Erfahrungsberichte - Wirtschaftsf\u00f6rderung WIF","og_description":"[vc_row row_type=&#8220;parallax&#8220; full_screen_section_height=&#8220;no&#8220; css=&#8220;.vc_custom_1500456852303{margin-top: 0px !important;margin-right: 0px !important;margin-bottom: 0px !important;margin-left: 0px !important;padding-top: 0px !important;padding-right: 0px !important;padding-bottom: 0px !important;padding-left: 0px !important;background-color: #002c77 !important;}&#8220;][vc_column css=&#8220;.vc_custom_1500387896779{padding-top: 0px !important;padding-right: 0px !important;padding-bottom: 0px !important;padding-left: 0px !important;}&#8220;][vc_row_inner content_width=&#8220;grid&#8220; css=&#8220;.vc_custom_1500457336512{padding-top: 0px !important;padding-right: 0px !important;padding-bottom: 0px !important;padding-left: 0px !important;}&#8220; el_class=&#8220;bannerservices&#8220;][vc_column_inner width=&#8220;1\/2&#8243;][vc_empty_space height=&#8220;30px&#8220;][vc_column_text][\/vc_column_text][vc_empty_space height=&#8220;30px&#8220;][\/vc_column_inner][vc_column_inner...","og_url":"https:\/\/www.promfr.ch\/de\/expandieren\/erfahrungsberichte\/","og_site_name":"Wirtschaftsf\u00f6rderung WIF","article_modified_time":"2020-02-03T13:27:18+00:00","twitter_card":"summary_large_image","twitter_site":"@promfr","schema":{"@context":"https:\/\/schema.org","@graph":[{"@type":"WebPage","@id":"https:\/\/www.promfr.ch\/de\/expandieren\/erfahrungsberichte\/","url":"https:\/\/www.promfr.ch\/de\/expandieren\/erfahrungsberichte\/","name":"Erfahrungsberichte - Wirtschaftsf\u00f6rderung WIF","isPartOf":{"@id":"https:\/\/www.promfr.ch\/#website"},"datePublished":"2018-09-21T14:57:34+00:00","dateModified":"2020-02-03T13:27:18+00:00","breadcrumb":{"@id":"https:\/\/www.promfr.ch\/de\/expandieren\/erfahrungsberichte\/#breadcrumb"},"inLanguage":"de","potentialAction":[{"@type":"ReadAction","target":["https:\/\/www.promfr.ch\/de\/expandieren\/erfahrungsberichte\/"]}]},{"@type":"BreadcrumbList","@id":"https:\/\/www.promfr.ch\/de\/expandieren\/erfahrungsberichte\/#breadcrumb","itemListElement":[{"@type":"ListItem","position":1,"name":"Accueil","item":"https:\/\/www.promfr.ch\/de\/"},{"@type":"ListItem","position":2,"name":"Expandieren","item":"https:\/\/www.promfr.ch\/de\/expandieren\/"},{"@type":"ListItem","position":3,"name":"Erfahrungsberichte"}]},{"@type":"WebSite","@id":"https:\/\/www.promfr.ch\/#website","url":"https:\/\/www.promfr.ch\/","name":"Promotion \u00e9conomique du canton de Fribourg (PromFR)","description":"FRIBOURG, THE PLACE TO GROW!","publisher":{"@id":"https:\/\/www.promfr.ch\/#organization"},"alternateName":"Wirtschaftsf\u00f6rderung Kanton Freiburg (WIF)","potentialAction":[{"@type":"SearchAction","target":{"@type":"EntryPoint","urlTemplate":"https:\/\/www.promfr.ch\/?s={search_term_string}"},"query-input":{"@type":"PropertyValueSpecification","valueRequired":true,"valueName":"search_term_string"}}],"inLanguage":"de"},{"@type":"Organization","@id":"https:\/\/www.promfr.ch\/#organization","name":"Promotion \u00e9conomique du canton de Fribourg (PromFR)","alternateName":"Wirtschaftsf\u00f6rderung Kanton Freiburg (WIF)","url":"https:\/\/www.promfr.ch\/","logo":{"@type":"ImageObject","inLanguage":"de","@id":"https:\/\/www.promfr.ch\/#\/schema\/logo\/image\/","url":"https:\/\/www.promfr.ch\/wp-content\/uploads\/2017\/07\/promotion-economique-fribourg-logo.png","contentUrl":"https:\/\/www.promfr.ch\/wp-content\/uploads\/2017\/07\/promotion-economique-fribourg-logo.png","width":515,"height":156,"caption":"Promotion \u00e9conomique du canton de Fribourg (PromFR)"},"image":{"@id":"https:\/\/www.promfr.ch\/#\/schema\/logo\/image\/"},"sameAs":["https:\/\/x.com\/promfr","https:\/\/www.linkedin.com\/company\/promfr","https:\/\/www.youtube.com\/user\/promfr"]}]}},"_links":{"self":[{"href":"https:\/\/www.promfr.ch\/de\/wp-json\/wp\/v2\/pages\/11558","targetHints":{"allow":["GET"]}}],"collection":[{"href":"https:\/\/www.promfr.ch\/de\/wp-json\/wp\/v2\/pages"}],"about":[{"href":"https:\/\/www.promfr.ch\/de\/wp-json\/wp\/v2\/types\/page"}],"author":[{"embeddable":true,"href":"https:\/\/www.promfr.ch\/de\/wp-json\/wp\/v2\/users\/2"}],"replies":[{"embeddable":true,"href":"https:\/\/www.promfr.ch\/de\/wp-json\/wp\/v2\/comments?post=11558"}],"version-history":[{"count":5,"href":"https:\/\/www.promfr.ch\/de\/wp-json\/wp\/v2\/pages\/11558\/revisions"}],"predecessor-version":[{"id":13382,"href":"https:\/\/www.promfr.ch\/de\/wp-json\/wp\/v2\/pages\/11558\/revisions\/13382"}],"up":[{"embeddable":true,"href":"https:\/\/www.promfr.ch\/de\/wp-json\/wp\/v2\/pages\/11495"}],"wp:attachment":[{"href":"https:\/\/www.promfr.ch\/de\/wp-json\/wp\/v2\/media?parent=11558"}],"wp:term":[{"taxonomy":"post_tag","embeddable":true,"href":"https:\/\/www.promfr.ch\/de\/wp-json\/wp\/v2\/tags?post=11558"}],"curies":[{"name":"wp","href":"https:\/\/api.w.org\/{rel}","templated":true}]}}