{"id":11571,"date":"2018-09-21T17:08:42","date_gmt":"2018-09-21T15:08:42","guid":{"rendered":"http:\/\/www.promfr.ch\/expandieren\/referenzen\/"},"modified":"2025-01-09T16:57:20","modified_gmt":"2025-01-09T15:57:20","slug":"referenzen","status":"publish","type":"page","link":"https:\/\/www.promfr.ch\/de\/expandieren\/referenzen\/","title":{"rendered":"Referenzen"},"content":{"rendered":"<div class=\"wpb-content-wrapper\"><p>[vc_row row_type=&#8220;parallax&#8220; full_screen_section_height=&#8220;no&#8220; css=&#8220;.vc_custom_1500456852303{margin-top: 0px !important;margin-right: 0px !important;margin-bottom: 0px !important;margin-left: 0px !important;padding-top: 0px !important;padding-right: 0px !important;padding-bottom: 0px !important;padding-left: 0px !important;background-color: #002c77 !important;}&#8220;][vc_column css=&#8220;.vc_custom_1500387896779{padding-top: 0px !important;padding-right: 0px !important;padding-bottom: 0px !important;padding-left: 0px !important;}&#8220;][vc_row_inner content_width=&#8220;grid&#8220; css=&#8220;.vc_custom_1500457336512{padding-top: 0px !important;padding-right: 0px !important;padding-bottom: 0px !important;padding-left: 0px !important;}&#8220; el_class=&#8220;bannerservices&#8220;][vc_column_inner width=&#8220;1\/2&#8243;][vc_empty_space height=&#8220;30px&#8220;]<div class=\"mkd-iwt clearfix mkd-iwt-icon-left mkd-iwt-icon-tiny\">\n\t<div class=\"mkd-iwt-icon-holder\">\n\t\t\t\t\t\n\t<span class=\"mkd-icon-shortcode normal mkd-icon-tiny\"  data-hover-color=\"#ffffff\" data-color=\"#ffffff\">\n        \n\t\t\t<i class=\"mkd-icon-dripicons dripicon dripicon-forward mkd-icon-element\" style=\"color: #ffffff\" ><\/i>\n\t\t\t    <\/span>\n\n\t\t\t\t<\/div>\n\t<div class=\"mkd-iwt-content-holder\" style=\"padding-left: 40px\">\n\t\t<div class=\"mkd-iwt-title-holder\">\n\t\t\t<h4 style=\"color: #ffffff;text-transform: none;font-weight: 700\">Referenzen<\/h4>\n\t<\/div>\n\t<div class=\"mkd-iwt-text-holder\">\n\t\t<p ><\/p>\n\n\t\t\t<\/div>\n<\/div>\n<\/div>[vc_column_text][\/vc_column_text][vc_empty_space height=&#8220;30px&#8220;][\/vc_column_inner][vc_column_inner width=&#8220;1\/2&#8243;][\/vc_column_inner][\/vc_row_inner][\/vc_column][\/vc_row][vc_row content_width=&#8220;grid&#8220; css=&#8220;.vc_custom_1510665822992{margin-top: 20px !important;margin-bottom: 20px !important;}&#8220;][vc_column][vc_single_image image=&#8220;11572&#8243; img_size=&#8220;full&#8220;][\/vc_column][\/vc_row][vc_row content_width=&#8220;grid&#8220; css=&#8220;.vc_custom_1510665822992{margin-top: 20px !important;margin-bottom: 20px !important;}&#8220;][vc_column]<div class=\"mkd-section-title-holder\">\n\t<h2 class=\"mkd-section-title mkd-section-title-medium\" style=\"margin-bottom: 0px\">\n\tDer ideale Standort, um Ihr Unternehmen weiterzubringen. Entdecken Sie Unternehmen, die aus dem Kanton Freiburg stammen.\t<\/h2>\n<\/div>[vc_column_text css=&#8220;.vc_custom_1510667587479{margin-top: 0px !important;padding-top: 0px !important;}&#8220;]Diese Unternehmen stammen aus dem Kanton Freiburg:[\/vc_column_text][vc_row_inner css=&#8220;.vc_custom_1510667912289{margin-top: 10px !important;margin-right: 7px !important;margin-left: 7px !important;padding-top: 20px !important;padding-right: 20px !important;padding-bottom: 20px !important;padding-left: 20px !important;background-color: #e3e3e3 !important;}&#8220;][vc_column_inner width=&#8220;1\/3&#8243;][vc_column_text css=&#8220;&#8220;]<\/p>\n<ul>\n<li><a href=\"https:\/\/www.menetrey-lift.ch\/\">Ascenseurs Men\u00e9trey SA<\/a><\/li>\n<li><a href=\"http:\/\/www.bultech.ch\/\" target=\"_blank\" rel=\"noopener noreferrer\">Bultech Precision<\/a><\/li>\n<li><a href=\"http:\/\/www.cantin.ch\/\" target=\"_blank\" rel=\"noopener noreferrer\">Cantin<\/a><\/li>\n<li><a href=\"https:\/\/condis.ch\/\" target=\"_blank\" rel=\"noopener noreferrer\">Condis<\/a><\/li>\n<li><a href=\"http:\/\/www.contrinex.ch\/\" target=\"_blank\" rel=\"noopener noreferrer\">Contrinex<\/a><\/li>\n<li><a href=\"https:\/\/www.cremo.ch\/de\/\" target=\"_blank\" rel=\"noopener noreferrer\">Cremo<\/a><\/li>\n<li><a href=\"https:\/\/www.dartfish.com\/\" target=\"_blank\" rel=\"noopener noreferrer\">Dartfish<\/a><\/li>\n<li><a href=\"https:\/\/www.digisens.ch\/de\/\" target=\"_blank\" rel=\"noopener noreferrer\">Digisens<\/a><\/li>\n<li><a href=\"https:\/\/www.element.ch\" target=\"_blank\" rel=\"noopener noreferrer\">Element<\/a><\/li>\n<li><a href=\"http:\/\/www.elsa.ch\" target=\"_blank\" rel=\"noopener noreferrer\">Elsa-Mifroma<\/a><\/li>\n<li><a href=\"http:\/\/www.extramet.ch\/\" target=\"_blank\" rel=\"noopener noreferrer\">Extramet<\/a><\/li>\n<li><a href=\"http:\/\/www.frewitt.com\/\" target=\"_blank\" rel=\"noopener noreferrer\">Frewitt<\/a><\/li>\n<li><a href=\"http:\/\/www.infoteam.ch\/\" target=\"_blank\" rel=\"noopener noreferrer\">Infoteam<\/a><\/li>\n<li><a href=\"http:\/\/www.infre.ch\/\" target=\"_blank\" rel=\"noopener noreferrer\">Infr\u00e9<\/a><\/li>\n<li><a href=\"https:\/\/www.jesa.com\/de\/\" target=\"_blank\" rel=\"noopener noreferrer\">Jesa<\/a><\/li>\n<li><a href=\"http:\/\/www.jetsolutions.ch\/\" target=\"_blank\" rel=\"noopener noreferrer\">JetSolutions<\/a><\/li>\n<li><a href=\"https:\/\/www.laurastar.ch\/de\" target=\"_blank\" rel=\"noopener noreferrer\">Laurastar<\/a><\/li>\n<li><a href=\"https:\/\/www.liip.ch\/de\" target=\"_blank\" rel=\"noopener noreferrer\">Liip<\/a><\/li>\n<li><a href=\"https:\/\/lsinstruments.ch\/\">LS Instruments<\/a><\/li>\n<\/ul>\n<p>[\/vc_column_text][\/vc_column_inner][vc_column_inner width=&#8220;2\/3&#8243;][vc_column_text css=&#8220;&#8220;]<\/p>\n<ul>\n<li><a href=\"https:\/\/www.magtrol.com\/germany\/\" target=\"_blank\" rel=\"noopener noreferrer\">Magtrol<\/a><\/li>\n<li><a href=\"http:\/\/www.mc-monitoring.ch\/\" target=\"_blank\" rel=\"noopener noreferrer\">MC Monitoring<\/a><\/li>\n<li><a href=\"http:\/\/www.mecaplast.ch\/\" target=\"_blank\" rel=\"noopener noreferrer\">Mecaplast<\/a><\/li>\n<li><a href=\"https:\/\/www.metar-machines.com\/\" target=\"_blank\" rel=\"noopener noreferrer\">Metar<\/a><\/li>\n<li><a href=\"http:\/\/milco.ch\/de\/index.php\" target=\"_blank\" rel=\"noopener noreferrer\">Milco<\/a><\/li>\n<li><a href=\"https:\/\/www.nivalisgroup.ch\/\" target=\"_blank\" rel=\"noopener noreferrer\">Nivalis Group<\/a><\/li>\n<li><a href=\"http:\/\/www.phonak-communications.com\/\" target=\"_blank\" rel=\"noopener noreferrer\">Phonak Communications<\/a><\/li>\n<li><a href=\"http:\/\/www.plastechnik.ch\/\" target=\"_blank\" rel=\"noopener noreferrer\">Plastechnik<\/a><\/li>\n<li><a href=\"https:\/\/pmf-system.ch\/de\/\">PMF-System<\/a><\/li>\n<li><a href=\"http:\/\/www.romag.ch\/de\" target=\"_blank\" rel=\"noopener noreferrer\">Romag<\/a><\/li>\n<li><a href=\"http:\/\/www.samvaz.ch\/\" target=\"_blank\" rel=\"noopener noreferrer\">Samvaz<\/a><\/li>\n<li><a href=\"https:\/\/swissmarketplace.group\/fr\/\">Scout24 \/SMG Swiss Marketplace Group<\/a><\/li>\n<li><a href=\"https:\/\/softcom.pro\/?lang=de\" target=\"_blank\" rel=\"noopener noreferrer\">Softcom Technologies<\/a><\/li>\n<li><a href=\"https:\/\/www.sottas.ch\/?lang=de\" target=\"_blank\" rel=\"noopener noreferrer\">Sottas<\/a><\/li>\n<li><a href=\"https:\/\/www.starrag.com\/\" target=\"_blank\" rel=\"noopener noreferrer\">Starrag<\/a><\/li>\n<li><a href=\"https:\/\/www.swissmeca.ch\/?lang=de\">Swissmeca<\/a><\/li>\n<li><a href=\"http:\/\/translait.ch\/de\/index.php\/\" target=\"_blank\" rel=\"noopener noreferrer\">Translait<\/a><\/li>\n<li><a href=\"https:\/\/www.villars.com\/INT\/de.html\" target=\"_blank\" rel=\"noopener noreferrer\">Villars Ma\u00eetre Chocolatier<\/a><\/li>\n<li><a href=\"https:\/\/www.zbinden-posieux.ch\/de\" target=\"_blank\" rel=\"noopener noreferrer\">Zbinden Posieux<\/a><\/li>\n<\/ul>\n<p>[\/vc_column_text][\/vc_column_inner][\/vc_row_inner][vc_row_inner css=&#8220;.vc_custom_1510669060394{margin-top: 10px !important;margin-bottom: 40px !important;}&#8220;][vc_column_inner][vc_column_text css=&#8220;.vc_custom_1510669047684{margin-top: 0px !important;padding-top: 0px !important;}&#8220;]Diese Liste ist nicht vollst\u00e4ndig. Die Wirtschaftsf\u00f6rderung steht Ihnen f\u00fcr zus\u00e4tzliche Informationen gerne zur Verf\u00fcgung.[\/vc_column_text][\/vc_column_inner][\/vc_row_inner][\/vc_column][\/vc_row][vc_row][vc_column][vc_column_text] [\/vc_column_text][\/vc_column][\/vc_row][vc_row][vc_column][vc_column_text] [\/vc_column_text][\/vc_column][\/vc_row][vc_row][vc_column][vc_column_text] [\/vc_column_text][\/vc_column][\/vc_row][vc_row][vc_column][vc_column_text] [\/vc_column_text][\/vc_column][\/vc_row][vc_row][vc_column][vc_column_text] [\/vc_column_text][\/vc_column][\/vc_row][vc_row][vc_column][vc_column_text] [\/vc_column_text][\/vc_column][\/vc_row][vc_row][vc_column][vc_column_text]<\/p>\n<p>[\/vc_column_text][\/vc_column][\/vc_row][vc_row content_width=&#8220;grid&#8220;][vc_column width=&#8220;1\/3&#8243; css=&#8220;.vc_custom_1517567418213{padding-top: 20px !important;padding-right: 20px !important;padding-bottom: 20px !important;padding-left: 20px !important;background-color: #efefef !important;}&#8220;]<div class=\"mkd-section-title-holder\">\n\t<h2 class=\"mkd-section-title\" style=\"text-align: left\">\n\tKontakt\t<\/h2>\n<\/div>[vc_column_text]<\/p>\n<p><strong>Wirtschaftsf\u00f6rderung Kanton Freiburg<\/strong><br \/>\nBoulevard de P\u00e9rolles 25<br \/>\nPostfach 1350<br \/>\n1701 Freiburg<\/p>\n<p>T +41 26 304 14 00<br \/>\n<a title=\"&#x70;r&#x6f;&#109;f&#x72;&#64;&#x66;&#114;.&#x63;h\" href=\"&#x6d;a&#x69;&#x6c;t&#x6f;&#x3a;p&#x72;&#x6f;m&#x66;&#x72;&#64;&#x66;&#x72;.&#x63;&#104;\" target=\"_blank\" rel=\"noopener noreferrer\">&#x70;&#x72;&#x6f;&#x6d;&#x66;&#x72;&#x40;&#x66;&#x72;&#x2e;&#x63;&#104;<\/a><\/p>\n<p>[\/vc_column_text][\/vc_column][vc_column width=&#8220;1\/3&#8243;][\/vc_column][vc_column width=&#8220;1\/3&#8243;][\/vc_column][\/vc_row]<\/p>\n<\/div>","protected":false},"excerpt":{"rendered":"<p>[vc_row row_type=&#8220;parallax&#8220; full_screen_section_height=&#8220;no&#8220; css=&#8220;.vc_custom_1500456852303{margin-top: 0px !important;margin-right: 0px !important;margin-bottom: 0px !important;margin-left: 0px !important;padding-top: 0px !important;padding-right: 0px !important;padding-bottom: 0px !important;padding-left: 0px !important;background-color: #002c77 !important;}&#8220;][vc_column css=&#8220;.vc_custom_1500387896779{padding-top: 0px !important;padding-right: 0px !important;padding-bottom: 0px !important;padding-left: 0px !important;}&#8220;][vc_row_inner content_width=&#8220;grid&#8220; css=&#8220;.vc_custom_1500457336512{padding-top: 0px !important;padding-right: 0px !important;padding-bottom: 0px !important;padding-left: 0px !important;}&#8220; el_class=&#8220;bannerservices&#8220;][vc_column_inner width=&#8220;1\/2&#8243;][vc_empty_space height=&#8220;30px&#8220;][vc_column_text][\/vc_column_text][vc_empty_space height=&#8220;30px&#8220;][\/vc_column_inner][vc_column_inner&#8230;<\/p>\n","protected":false},"author":2,"featured_media":0,"parent":11495,"menu_order":0,"comment_status":"closed","ping_status":"closed","template":"full-width.php","meta":{"footnotes":""},"tags":[],"class_list":["post-11571","page","type-page","status-publish","hentry"],"yoast_head":"<!-- This site is optimized with the Yoast SEO plugin v26.9 - https:\/\/yoast.com\/product\/yoast-seo-wordpress\/ -->\n<title>Referenzen - Wirtschaftsf\u00f6rderung WIF<\/title>\n<meta name=\"robots\" content=\"index, follow, max-snippet:-1, max-image-preview:large, max-video-preview:-1\" \/>\n<link rel=\"canonical\" href=\"https:\/\/www.promfr.ch\/de\/expandieren\/referenzen\/\" \/>\n<meta property=\"og:locale\" content=\"de_DE\" \/>\n<meta property=\"og:type\" content=\"article\" \/>\n<meta property=\"og:title\" content=\"Referenzen - Wirtschaftsf\u00f6rderung WIF\" \/>\n<meta property=\"og:description\" content=\"[vc_row row_type=&#8220;parallax&#8220; full_screen_section_height=&#8220;no&#8220; css=&#8220;.vc_custom_1500456852303{margin-top: 0px !important;margin-right: 0px !important;margin-bottom: 0px !important;margin-left: 0px !important;padding-top: 0px !important;padding-right: 0px !important;padding-bottom: 0px !important;padding-left: 0px !important;background-color: #002c77 !important;}&#8220;][vc_column css=&#8220;.vc_custom_1500387896779{padding-top: 0px !important;padding-right: 0px !important;padding-bottom: 0px !important;padding-left: 0px !important;}&#8220;][vc_row_inner content_width=&#8220;grid&#8220; css=&#8220;.vc_custom_1500457336512{padding-top: 0px !important;padding-right: 0px !important;padding-bottom: 0px !important;padding-left: 0px !important;}&#8220; el_class=&#8220;bannerservices&#8220;][vc_column_inner width=&#8220;1\/2&#8243;][vc_empty_space height=&#8220;30px&#8220;][vc_column_text][\/vc_column_text][vc_empty_space height=&#8220;30px&#8220;][\/vc_column_inner][vc_column_inner...\" \/>\n<meta property=\"og:url\" content=\"https:\/\/www.promfr.ch\/de\/expandieren\/referenzen\/\" \/>\n<meta property=\"og:site_name\" content=\"Wirtschaftsf\u00f6rderung WIF\" \/>\n<meta property=\"article:modified_time\" content=\"2025-01-09T15:57:20+00:00\" \/>\n<meta name=\"twitter:card\" content=\"summary_large_image\" \/>\n<meta name=\"twitter:site\" content=\"@promfr\" \/>\n<script type=\"application\/ld+json\" class=\"yoast-schema-graph\">{\"@context\":\"https:\/\/schema.org\",\"@graph\":[{\"@type\":\"WebPage\",\"@id\":\"https:\/\/www.promfr.ch\/de\/expandieren\/referenzen\/\",\"url\":\"https:\/\/www.promfr.ch\/de\/expandieren\/referenzen\/\",\"name\":\"Referenzen - Wirtschaftsf\u00f6rderung WIF\",\"isPartOf\":{\"@id\":\"https:\/\/www.promfr.ch\/#website\"},\"datePublished\":\"2018-09-21T15:08:42+00:00\",\"dateModified\":\"2025-01-09T15:57:20+00:00\",\"breadcrumb\":{\"@id\":\"https:\/\/www.promfr.ch\/de\/expandieren\/referenzen\/#breadcrumb\"},\"inLanguage\":\"de\",\"potentialAction\":[{\"@type\":\"ReadAction\",\"target\":[\"https:\/\/www.promfr.ch\/de\/expandieren\/referenzen\/\"]}]},{\"@type\":\"BreadcrumbList\",\"@id\":\"https:\/\/www.promfr.ch\/de\/expandieren\/referenzen\/#breadcrumb\",\"itemListElement\":[{\"@type\":\"ListItem\",\"position\":1,\"name\":\"Accueil\",\"item\":\"https:\/\/www.promfr.ch\/de\/\"},{\"@type\":\"ListItem\",\"position\":2,\"name\":\"Expandieren\",\"item\":\"https:\/\/www.promfr.ch\/de\/expandieren\/\"},{\"@type\":\"ListItem\",\"position\":3,\"name\":\"Referenzen\"}]},{\"@type\":\"WebSite\",\"@id\":\"https:\/\/www.promfr.ch\/#website\",\"url\":\"https:\/\/www.promfr.ch\/\",\"name\":\"Promotion \u00e9conomique du canton de Fribourg (PromFR)\",\"description\":\"FRIBOURG, THE PLACE TO GROW!\",\"publisher\":{\"@id\":\"https:\/\/www.promfr.ch\/#organization\"},\"alternateName\":\"Wirtschaftsf\u00f6rderung Kanton Freiburg (WIF)\",\"potentialAction\":[{\"@type\":\"SearchAction\",\"target\":{\"@type\":\"EntryPoint\",\"urlTemplate\":\"https:\/\/www.promfr.ch\/?s={search_term_string}\"},\"query-input\":{\"@type\":\"PropertyValueSpecification\",\"valueRequired\":true,\"valueName\":\"search_term_string\"}}],\"inLanguage\":\"de\"},{\"@type\":\"Organization\",\"@id\":\"https:\/\/www.promfr.ch\/#organization\",\"name\":\"Promotion \u00e9conomique du canton de Fribourg (PromFR)\",\"alternateName\":\"Wirtschaftsf\u00f6rderung Kanton Freiburg (WIF)\",\"url\":\"https:\/\/www.promfr.ch\/\",\"logo\":{\"@type\":\"ImageObject\",\"inLanguage\":\"de\",\"@id\":\"https:\/\/www.promfr.ch\/#\/schema\/logo\/image\/\",\"url\":\"https:\/\/www.promfr.ch\/wp-content\/uploads\/2017\/07\/promotion-economique-fribourg-logo.png\",\"contentUrl\":\"https:\/\/www.promfr.ch\/wp-content\/uploads\/2017\/07\/promotion-economique-fribourg-logo.png\",\"width\":515,\"height\":156,\"caption\":\"Promotion \u00e9conomique du canton de Fribourg (PromFR)\"},\"image\":{\"@id\":\"https:\/\/www.promfr.ch\/#\/schema\/logo\/image\/\"},\"sameAs\":[\"https:\/\/x.com\/promfr\",\"https:\/\/www.linkedin.com\/company\/promfr\",\"https:\/\/www.youtube.com\/user\/promfr\"]}]}<\/script>\n<!-- \/ Yoast SEO plugin. -->","yoast_head_json":{"title":"Referenzen - Wirtschaftsf\u00f6rderung WIF","robots":{"index":"index","follow":"follow","max-snippet":"max-snippet:-1","max-image-preview":"max-image-preview:large","max-video-preview":"max-video-preview:-1"},"canonical":"https:\/\/www.promfr.ch\/de\/expandieren\/referenzen\/","og_locale":"de_DE","og_type":"article","og_title":"Referenzen - Wirtschaftsf\u00f6rderung WIF","og_description":"[vc_row row_type=&#8220;parallax&#8220; full_screen_section_height=&#8220;no&#8220; css=&#8220;.vc_custom_1500456852303{margin-top: 0px !important;margin-right: 0px !important;margin-bottom: 0px !important;margin-left: 0px !important;padding-top: 0px !important;padding-right: 0px !important;padding-bottom: 0px !important;padding-left: 0px !important;background-color: #002c77 !important;}&#8220;][vc_column css=&#8220;.vc_custom_1500387896779{padding-top: 0px !important;padding-right: 0px !important;padding-bottom: 0px !important;padding-left: 0px !important;}&#8220;][vc_row_inner content_width=&#8220;grid&#8220; css=&#8220;.vc_custom_1500457336512{padding-top: 0px !important;padding-right: 0px !important;padding-bottom: 0px !important;padding-left: 0px !important;}&#8220; el_class=&#8220;bannerservices&#8220;][vc_column_inner width=&#8220;1\/2&#8243;][vc_empty_space height=&#8220;30px&#8220;][vc_column_text][\/vc_column_text][vc_empty_space height=&#8220;30px&#8220;][\/vc_column_inner][vc_column_inner...","og_url":"https:\/\/www.promfr.ch\/de\/expandieren\/referenzen\/","og_site_name":"Wirtschaftsf\u00f6rderung WIF","article_modified_time":"2025-01-09T15:57:20+00:00","twitter_card":"summary_large_image","twitter_site":"@promfr","schema":{"@context":"https:\/\/schema.org","@graph":[{"@type":"WebPage","@id":"https:\/\/www.promfr.ch\/de\/expandieren\/referenzen\/","url":"https:\/\/www.promfr.ch\/de\/expandieren\/referenzen\/","name":"Referenzen - Wirtschaftsf\u00f6rderung WIF","isPartOf":{"@id":"https:\/\/www.promfr.ch\/#website"},"datePublished":"2018-09-21T15:08:42+00:00","dateModified":"2025-01-09T15:57:20+00:00","breadcrumb":{"@id":"https:\/\/www.promfr.ch\/de\/expandieren\/referenzen\/#breadcrumb"},"inLanguage":"de","potentialAction":[{"@type":"ReadAction","target":["https:\/\/www.promfr.ch\/de\/expandieren\/referenzen\/"]}]},{"@type":"BreadcrumbList","@id":"https:\/\/www.promfr.ch\/de\/expandieren\/referenzen\/#breadcrumb","itemListElement":[{"@type":"ListItem","position":1,"name":"Accueil","item":"https:\/\/www.promfr.ch\/de\/"},{"@type":"ListItem","position":2,"name":"Expandieren","item":"https:\/\/www.promfr.ch\/de\/expandieren\/"},{"@type":"ListItem","position":3,"name":"Referenzen"}]},{"@type":"WebSite","@id":"https:\/\/www.promfr.ch\/#website","url":"https:\/\/www.promfr.ch\/","name":"Promotion \u00e9conomique du canton de Fribourg (PromFR)","description":"FRIBOURG, THE PLACE TO GROW!","publisher":{"@id":"https:\/\/www.promfr.ch\/#organization"},"alternateName":"Wirtschaftsf\u00f6rderung Kanton Freiburg (WIF)","potentialAction":[{"@type":"SearchAction","target":{"@type":"EntryPoint","urlTemplate":"https:\/\/www.promfr.ch\/?s={search_term_string}"},"query-input":{"@type":"PropertyValueSpecification","valueRequired":true,"valueName":"search_term_string"}}],"inLanguage":"de"},{"@type":"Organization","@id":"https:\/\/www.promfr.ch\/#organization","name":"Promotion \u00e9conomique du canton de Fribourg (PromFR)","alternateName":"Wirtschaftsf\u00f6rderung Kanton Freiburg (WIF)","url":"https:\/\/www.promfr.ch\/","logo":{"@type":"ImageObject","inLanguage":"de","@id":"https:\/\/www.promfr.ch\/#\/schema\/logo\/image\/","url":"https:\/\/www.promfr.ch\/wp-content\/uploads\/2017\/07\/promotion-economique-fribourg-logo.png","contentUrl":"https:\/\/www.promfr.ch\/wp-content\/uploads\/2017\/07\/promotion-economique-fribourg-logo.png","width":515,"height":156,"caption":"Promotion \u00e9conomique du canton de Fribourg (PromFR)"},"image":{"@id":"https:\/\/www.promfr.ch\/#\/schema\/logo\/image\/"},"sameAs":["https:\/\/x.com\/promfr","https:\/\/www.linkedin.com\/company\/promfr","https:\/\/www.youtube.com\/user\/promfr"]}]}},"_links":{"self":[{"href":"https:\/\/www.promfr.ch\/de\/wp-json\/wp\/v2\/pages\/11571","targetHints":{"allow":["GET"]}}],"collection":[{"href":"https:\/\/www.promfr.ch\/de\/wp-json\/wp\/v2\/pages"}],"about":[{"href":"https:\/\/www.promfr.ch\/de\/wp-json\/wp\/v2\/types\/page"}],"author":[{"embeddable":true,"href":"https:\/\/www.promfr.ch\/de\/wp-json\/wp\/v2\/users\/2"}],"replies":[{"embeddable":true,"href":"https:\/\/www.promfr.ch\/de\/wp-json\/wp\/v2\/comments?post=11571"}],"version-history":[{"count":19,"href":"https:\/\/www.promfr.ch\/de\/wp-json\/wp\/v2\/pages\/11571\/revisions"}],"predecessor-version":[{"id":21252,"href":"https:\/\/www.promfr.ch\/de\/wp-json\/wp\/v2\/pages\/11571\/revisions\/21252"}],"up":[{"embeddable":true,"href":"https:\/\/www.promfr.ch\/de\/wp-json\/wp\/v2\/pages\/11495"}],"wp:attachment":[{"href":"https:\/\/www.promfr.ch\/de\/wp-json\/wp\/v2\/media?parent=11571"}],"wp:term":[{"taxonomy":"post_tag","embeddable":true,"href":"https:\/\/www.promfr.ch\/de\/wp-json\/wp\/v2\/tags?post=11571"}],"curies":[{"name":"wp","href":"https:\/\/api.w.org\/{rel}","templated":true}]}}