{"id":13535,"date":"2020-02-19T14:14:48","date_gmt":"2020-02-19T13:14:48","guid":{"rendered":"http:\/\/www.promfr.ch\/newsletter\/"},"modified":"2025-07-03T14:45:48","modified_gmt":"2025-07-03T12:45:48","slug":"newsletter","status":"publish","type":"page","link":"https:\/\/www.promfr.ch\/de\/newsletter\/","title":{"rendered":"Newsletter"},"content":{"rendered":"<div class=\"wpb-content-wrapper\"><p>[vc_row row_type=&#8220;parallax&#8220; full_screen_section_height=&#8220;no&#8220; css=&#8220;.vc_custom_1582116131735{margin-top: 0px !important;margin-right: 0px !important;margin-bottom: 0px !important;margin-left: 0px !important;padding-top: 0px !important;padding-right: 0px !important;padding-bottom: 0px !important;background-color: #002c77 !important;}&#8220;][vc_column][vc_row_inner content_width=&#8220;grid&#8220; el_class=&#8220;bannerservices&#8220;][vc_column_inner][vc_empty_space height=&#8220;30px&#8220;]<div class=\"mkd-iwt clearfix mkd-iwt-icon-left mkd-iwt-icon-tiny\">\n\t<div class=\"mkd-iwt-icon-holder\">\n\t\t\t\t\t\n\t<span class=\"mkd-icon-shortcode normal mkd-icon-tiny\"  data-hover-color=\"#ffffff\" data-color=\"#ffffff\">\n        \n\t\t\t<i class=\"mkd-icon-dripicons dripicon dripicon-mail mkd-icon-element\" style=\"color: #ffffff\" ><\/i>\n\t\t\t    <\/span>\n\n\t\t\t\t<\/div>\n\t<div class=\"mkd-iwt-content-holder\" style=\"padding-left: 40px\">\n\t\t<div class=\"mkd-iwt-title-holder\">\n\t\t\t<h4 style=\"color: #ffffff;text-transform: none;font-weight: 700\">Newsletter<\/h4>\n\t<\/div>\n\t<div class=\"mkd-iwt-text-holder\">\n\t\t<p ><\/p>\n\n\t\t\t<\/div>\n<\/div>\n<\/div>[vc_column_text]<\/p>\n\n<p>[\/vc_column_text][vc_empty_space height=&#8220;30px&#8220;][\/vc_column_inner][\/vc_row_inner][\/vc_column][\/vc_row][vc_row content_width=&#8220;grid&#8220; css=&#8220;.vc_custom_1582116600103{margin-bottom: 20px !important;padding-top: 20px !important;}&#8220;][vc_column][vc_single_image image=&#8220;11886&#8243; img_size=&#8220;full&#8220;][\/vc_column][\/vc_row][vc_row content_width=&#8220;grid&#8220;][vc_column][vc_column_text css=&#8220;&#8220;]<\/p>\n<h2>Anmelden<\/h2>\n<p><strong>Abonnieren Sie unsere Neuigkeiten<\/strong><\/p>\n<p>M\u00f6chten Sie regelm\u00e4ssig Informationen \u00fcber Freiburg und die Aktivit\u00e4ten der WIF erhalten? Sie k\u00f6nnen sich kostenlos f\u00fcr den Newsletter der WIF, die Medienmitteilungen sowie die Online-Version unseres offiziellen Wirtschaftsmagazins <em>fribourg.swiss<\/em> anmelden.[\/vc_column_text][vc_empty_space][vc_raw_js]JTNDZGl2JTBBJTIwJTIwJTIwJTIwJTIwJTIwJTIwJTIwZGF0YS1mb3JtLWlkJTNEJTI3YTM1ODY1MzktZjU0Ny1lZjExLWFjY2QtMDAyMjQ4NjE0NDAxJTI3JTBBJTIwJTIwJTIwJTIwJTIwJTIwJTIwJTIwZGF0YS1mb3JtLWFwaS11cmwlM0QlMjdodHRwcyUzQSUyRiUyRnB1YmxpYy1jaGUubWt0LmR5bmFtaWNzLmNvbSUyRmFwaSUyRnYxLjAlMkZvcmdzJTJGNTkwMmFkYTEtMzY2Yy1lZTExLThiYzYtMDAyMjQ4NmY3MDRiJTJGbGFuZGluZ3BhZ2Vmb3JtcyUyNyUwQSUyMCUyMCUyMCUyMCUyMCUyMCUyMCUyMGRhdGEtY2FjaGVkLWZvcm0tdXJsJTNEJTI3aHR0cHMlM0ElMkYlMkZhc3NldHMtY2hlLm1rdC5keW5hbWljcy5jb20lMkY1OTAyYWRhMS0zNjZjLWVlMTEtOGJjNi0wMDIyNDg2ZjcwNGIlMkZkaWdpdGFsYXNzZXRzJTJGZm9ybXMlMkZhMzU4NjUzOS1mNTQ3LWVmMTEtYWNjZC0wMDIyNDg2MTQ0MDElMjclMjAlM0UlM0MlMkZkaXYlM0UlMEElMjAlMjAlMjAlMjAlMjAlMjAlMjAlMjAlM0NzY3JpcHQlMjBzcmMlMjAlM0QlMjAlMjdodHRwcyUzQSUyRiUyRmN4cHB1c2ExZm9ybXVpMDFjZG5zYTAxLWVuZHBvaW50LmF6dXJlZWRnZS5uZXQlMkZjaGUlMkZGb3JtTG9hZGVyJTJGRm9ybUxvYWRlci5idW5kbGUuanMlMjclMjAlM0UlM0MlMkZzY3JpcHQlM0U=[\/vc_raw_js][\/vc_column][\/vc_row]<\/p>\n<\/div>","protected":false},"excerpt":{"rendered":"<p>[vc_row row_type=&#8220;parallax&#8220; full_screen_section_height=&#8220;no&#8220; css=&#8220;.vc_custom_1582116131735{margin-top: 0px !important;margin-right: 0px !important;margin-bottom: 0px !important;margin-left: 0px !important;padding-top: 0px !important;padding-right: 0px !important;padding-bottom: 0px !important;background-color: #002c77 !important;}&#8220;][vc_column][vc_row_inner content_width=&#8220;grid&#8220; el_class=&#8220;bannerservices&#8220;][vc_column_inner][vc_empty_space height=&#8220;30px&#8220;][vc_column_text] [\/vc_column_text][vc_empty_space height=&#8220;30px&#8220;][\/vc_column_inner][\/vc_row_inner][\/vc_column][\/vc_row][vc_row content_width=&#8220;grid&#8220; css=&#8220;.vc_custom_1582116600103{margin-bottom: 20px !important;padding-top: 20px !important;}&#8220;][vc_column][vc_single_image image=&#8220;11886&#8243; img_size=&#8220;full&#8220;][\/vc_column][\/vc_row][vc_row content_width=&#8220;grid&#8220;][vc_column][vc_column_text css=&#8220;&#8220;] Anmelden Abonnieren Sie unsere Neuigkeiten M\u00f6chten Sie regelm\u00e4ssig Informationen \u00fcber&#8230;<\/p>\n","protected":false},"author":2,"featured_media":0,"parent":0,"menu_order":0,"comment_status":"closed","ping_status":"closed","template":"full-width.php","meta":{"footnotes":""},"tags":[],"class_list":["post-13535","page","type-page","status-publish","hentry"],"yoast_head":"<!-- This site is optimized with the Yoast SEO plugin v26.9 - https:\/\/yoast.com\/product\/yoast-seo-wordpress\/ -->\n<title>Newsletter - Wirtschaftsf\u00f6rderung WIF<\/title>\n<meta name=\"robots\" content=\"index, follow, max-snippet:-1, max-image-preview:large, max-video-preview:-1\" \/>\n<link rel=\"canonical\" href=\"https:\/\/www.promfr.ch\/de\/newsletter\/\" \/>\n<meta property=\"og:locale\" content=\"de_DE\" \/>\n<meta property=\"og:type\" content=\"article\" \/>\n<meta property=\"og:title\" content=\"Newsletter - Wirtschaftsf\u00f6rderung WIF\" \/>\n<meta property=\"og:description\" content=\"[vc_row row_type=&#8220;parallax&#8220; full_screen_section_height=&#8220;no&#8220; css=&#8220;.vc_custom_1582116131735{margin-top: 0px !important;margin-right: 0px !important;margin-bottom: 0px !important;margin-left: 0px !important;padding-top: 0px !important;padding-right: 0px !important;padding-bottom: 0px !important;background-color: #002c77 !important;}&#8220;][vc_column][vc_row_inner content_width=&#8220;grid&#8220; el_class=&#8220;bannerservices&#8220;][vc_column_inner][vc_empty_space height=&#8220;30px&#8220;][vc_column_text] [\/vc_column_text][vc_empty_space height=&#8220;30px&#8220;][\/vc_column_inner][\/vc_row_inner][\/vc_column][\/vc_row][vc_row content_width=&#8220;grid&#8220; css=&#8220;.vc_custom_1582116600103{margin-bottom: 20px !important;padding-top: 20px !important;}&#8220;][vc_column][vc_single_image image=&#8220;11886&#8243; img_size=&#8220;full&#8220;][\/vc_column][\/vc_row][vc_row content_width=&#8220;grid&#8220;][vc_column][vc_column_text css=&#8220;&#8220;] Anmelden Abonnieren Sie unsere Neuigkeiten M\u00f6chten Sie regelm\u00e4ssig Informationen \u00fcber...\" \/>\n<meta property=\"og:url\" content=\"https:\/\/www.promfr.ch\/de\/newsletter\/\" \/>\n<meta property=\"og:site_name\" content=\"Wirtschaftsf\u00f6rderung WIF\" \/>\n<meta property=\"article:modified_time\" content=\"2025-07-03T12:45:48+00:00\" \/>\n<meta name=\"twitter:card\" content=\"summary_large_image\" \/>\n<meta name=\"twitter:site\" content=\"@promfr\" \/>\n<script type=\"application\/ld+json\" class=\"yoast-schema-graph\">{\"@context\":\"https:\/\/schema.org\",\"@graph\":[{\"@type\":\"WebPage\",\"@id\":\"https:\/\/www.promfr.ch\/de\/newsletter\/\",\"url\":\"https:\/\/www.promfr.ch\/de\/newsletter\/\",\"name\":\"Newsletter - Wirtschaftsf\u00f6rderung WIF\",\"isPartOf\":{\"@id\":\"https:\/\/www.promfr.ch\/#website\"},\"datePublished\":\"2020-02-19T13:14:48+00:00\",\"dateModified\":\"2025-07-03T12:45:48+00:00\",\"breadcrumb\":{\"@id\":\"https:\/\/www.promfr.ch\/de\/newsletter\/#breadcrumb\"},\"inLanguage\":\"de\",\"potentialAction\":[{\"@type\":\"ReadAction\",\"target\":[\"https:\/\/www.promfr.ch\/de\/newsletter\/\"]}]},{\"@type\":\"BreadcrumbList\",\"@id\":\"https:\/\/www.promfr.ch\/de\/newsletter\/#breadcrumb\",\"itemListElement\":[{\"@type\":\"ListItem\",\"position\":1,\"name\":\"Accueil\",\"item\":\"https:\/\/www.promfr.ch\/de\/\"},{\"@type\":\"ListItem\",\"position\":2,\"name\":\"Newsletter\"}]},{\"@type\":\"WebSite\",\"@id\":\"https:\/\/www.promfr.ch\/#website\",\"url\":\"https:\/\/www.promfr.ch\/\",\"name\":\"Promotion \u00e9conomique du canton de Fribourg (PromFR)\",\"description\":\"FRIBOURG, THE PLACE TO GROW!\",\"publisher\":{\"@id\":\"https:\/\/www.promfr.ch\/#organization\"},\"alternateName\":\"Wirtschaftsf\u00f6rderung Kanton Freiburg (WIF)\",\"potentialAction\":[{\"@type\":\"SearchAction\",\"target\":{\"@type\":\"EntryPoint\",\"urlTemplate\":\"https:\/\/www.promfr.ch\/?s={search_term_string}\"},\"query-input\":{\"@type\":\"PropertyValueSpecification\",\"valueRequired\":true,\"valueName\":\"search_term_string\"}}],\"inLanguage\":\"de\"},{\"@type\":\"Organization\",\"@id\":\"https:\/\/www.promfr.ch\/#organization\",\"name\":\"Promotion \u00e9conomique du canton de Fribourg (PromFR)\",\"alternateName\":\"Wirtschaftsf\u00f6rderung Kanton Freiburg (WIF)\",\"url\":\"https:\/\/www.promfr.ch\/\",\"logo\":{\"@type\":\"ImageObject\",\"inLanguage\":\"de\",\"@id\":\"https:\/\/www.promfr.ch\/#\/schema\/logo\/image\/\",\"url\":\"https:\/\/www.promfr.ch\/wp-content\/uploads\/2017\/07\/promotion-economique-fribourg-logo.png\",\"contentUrl\":\"https:\/\/www.promfr.ch\/wp-content\/uploads\/2017\/07\/promotion-economique-fribourg-logo.png\",\"width\":515,\"height\":156,\"caption\":\"Promotion \u00e9conomique du canton de Fribourg (PromFR)\"},\"image\":{\"@id\":\"https:\/\/www.promfr.ch\/#\/schema\/logo\/image\/\"},\"sameAs\":[\"https:\/\/x.com\/promfr\",\"https:\/\/www.linkedin.com\/company\/promfr\",\"https:\/\/www.youtube.com\/user\/promfr\"]}]}<\/script>\n<!-- \/ Yoast SEO plugin. -->","yoast_head_json":{"title":"Newsletter - Wirtschaftsf\u00f6rderung WIF","robots":{"index":"index","follow":"follow","max-snippet":"max-snippet:-1","max-image-preview":"max-image-preview:large","max-video-preview":"max-video-preview:-1"},"canonical":"https:\/\/www.promfr.ch\/de\/newsletter\/","og_locale":"de_DE","og_type":"article","og_title":"Newsletter - Wirtschaftsf\u00f6rderung WIF","og_description":"[vc_row row_type=&#8220;parallax&#8220; full_screen_section_height=&#8220;no&#8220; css=&#8220;.vc_custom_1582116131735{margin-top: 0px !important;margin-right: 0px !important;margin-bottom: 0px !important;margin-left: 0px !important;padding-top: 0px !important;padding-right: 0px !important;padding-bottom: 0px !important;background-color: #002c77 !important;}&#8220;][vc_column][vc_row_inner content_width=&#8220;grid&#8220; el_class=&#8220;bannerservices&#8220;][vc_column_inner][vc_empty_space height=&#8220;30px&#8220;][vc_column_text] [\/vc_column_text][vc_empty_space height=&#8220;30px&#8220;][\/vc_column_inner][\/vc_row_inner][\/vc_column][\/vc_row][vc_row content_width=&#8220;grid&#8220; css=&#8220;.vc_custom_1582116600103{margin-bottom: 20px !important;padding-top: 20px !important;}&#8220;][vc_column][vc_single_image image=&#8220;11886&#8243; img_size=&#8220;full&#8220;][\/vc_column][\/vc_row][vc_row content_width=&#8220;grid&#8220;][vc_column][vc_column_text css=&#8220;&#8220;] Anmelden Abonnieren Sie unsere Neuigkeiten M\u00f6chten Sie regelm\u00e4ssig Informationen \u00fcber...","og_url":"https:\/\/www.promfr.ch\/de\/newsletter\/","og_site_name":"Wirtschaftsf\u00f6rderung WIF","article_modified_time":"2025-07-03T12:45:48+00:00","twitter_card":"summary_large_image","twitter_site":"@promfr","schema":{"@context":"https:\/\/schema.org","@graph":[{"@type":"WebPage","@id":"https:\/\/www.promfr.ch\/de\/newsletter\/","url":"https:\/\/www.promfr.ch\/de\/newsletter\/","name":"Newsletter - Wirtschaftsf\u00f6rderung WIF","isPartOf":{"@id":"https:\/\/www.promfr.ch\/#website"},"datePublished":"2020-02-19T13:14:48+00:00","dateModified":"2025-07-03T12:45:48+00:00","breadcrumb":{"@id":"https:\/\/www.promfr.ch\/de\/newsletter\/#breadcrumb"},"inLanguage":"de","potentialAction":[{"@type":"ReadAction","target":["https:\/\/www.promfr.ch\/de\/newsletter\/"]}]},{"@type":"BreadcrumbList","@id":"https:\/\/www.promfr.ch\/de\/newsletter\/#breadcrumb","itemListElement":[{"@type":"ListItem","position":1,"name":"Accueil","item":"https:\/\/www.promfr.ch\/de\/"},{"@type":"ListItem","position":2,"name":"Newsletter"}]},{"@type":"WebSite","@id":"https:\/\/www.promfr.ch\/#website","url":"https:\/\/www.promfr.ch\/","name":"Promotion \u00e9conomique du canton de Fribourg (PromFR)","description":"FRIBOURG, THE PLACE TO GROW!","publisher":{"@id":"https:\/\/www.promfr.ch\/#organization"},"alternateName":"Wirtschaftsf\u00f6rderung Kanton Freiburg (WIF)","potentialAction":[{"@type":"SearchAction","target":{"@type":"EntryPoint","urlTemplate":"https:\/\/www.promfr.ch\/?s={search_term_string}"},"query-input":{"@type":"PropertyValueSpecification","valueRequired":true,"valueName":"search_term_string"}}],"inLanguage":"de"},{"@type":"Organization","@id":"https:\/\/www.promfr.ch\/#organization","name":"Promotion \u00e9conomique du canton de Fribourg (PromFR)","alternateName":"Wirtschaftsf\u00f6rderung Kanton Freiburg (WIF)","url":"https:\/\/www.promfr.ch\/","logo":{"@type":"ImageObject","inLanguage":"de","@id":"https:\/\/www.promfr.ch\/#\/schema\/logo\/image\/","url":"https:\/\/www.promfr.ch\/wp-content\/uploads\/2017\/07\/promotion-economique-fribourg-logo.png","contentUrl":"https:\/\/www.promfr.ch\/wp-content\/uploads\/2017\/07\/promotion-economique-fribourg-logo.png","width":515,"height":156,"caption":"Promotion \u00e9conomique du canton de Fribourg (PromFR)"},"image":{"@id":"https:\/\/www.promfr.ch\/#\/schema\/logo\/image\/"},"sameAs":["https:\/\/x.com\/promfr","https:\/\/www.linkedin.com\/company\/promfr","https:\/\/www.youtube.com\/user\/promfr"]}]}},"_links":{"self":[{"href":"https:\/\/www.promfr.ch\/de\/wp-json\/wp\/v2\/pages\/13535","targetHints":{"allow":["GET"]}}],"collection":[{"href":"https:\/\/www.promfr.ch\/de\/wp-json\/wp\/v2\/pages"}],"about":[{"href":"https:\/\/www.promfr.ch\/de\/wp-json\/wp\/v2\/types\/page"}],"author":[{"embeddable":true,"href":"https:\/\/www.promfr.ch\/de\/wp-json\/wp\/v2\/users\/2"}],"replies":[{"embeddable":true,"href":"https:\/\/www.promfr.ch\/de\/wp-json\/wp\/v2\/comments?post=13535"}],"version-history":[{"count":14,"href":"https:\/\/www.promfr.ch\/de\/wp-json\/wp\/v2\/pages\/13535\/revisions"}],"predecessor-version":[{"id":21501,"href":"https:\/\/www.promfr.ch\/de\/wp-json\/wp\/v2\/pages\/13535\/revisions\/21501"}],"wp:attachment":[{"href":"https:\/\/www.promfr.ch\/de\/wp-json\/wp\/v2\/media?parent=13535"}],"wp:term":[{"taxonomy":"post_tag","embeddable":true,"href":"https:\/\/www.promfr.ch\/de\/wp-json\/wp\/v2\/tags?post=13535"}],"curies":[{"name":"wp","href":"https:\/\/api.w.org\/{rel}","templated":true}]}}