{"id":11421,"date":"2018-09-21T13:53:59","date_gmt":"2018-09-21T11:53:59","guid":{"rendered":"http:\/\/www.promfr.ch\/establish\/business-development\/"},"modified":"2022-06-08T09:48:31","modified_gmt":"2022-06-08T07:48:31","slug":"business-development","status":"publish","type":"page","link":"https:\/\/www.promfr.ch\/en\/establish\/business-development\/","title":{"rendered":"Business Development"},"content":{"rendered":"<div class=\"wpb-content-wrapper\"><p>[vc_row row_type=&#8221;parallax&#8221; full_screen_section_height=&#8221;no&#8221; css=&#8221;.vc_custom_1500456852303{margin-top: 0px !important;margin-right: 0px !important;margin-bottom: 0px !important;margin-left: 0px !important;padding-top: 0px !important;padding-right: 0px !important;padding-bottom: 0px !important;padding-left: 0px !important;background-color: #002c77 !important;}&#8221;][vc_column css=&#8221;.vc_custom_1500387896779{padding-top: 0px !important;padding-right: 0px !important;padding-bottom: 0px !important;padding-left: 0px !important;}&#8221;][vc_row_inner content_width=&#8221;grid&#8221; css=&#8221;.vc_custom_1500457336512{padding-top: 0px !important;padding-right: 0px !important;padding-bottom: 0px !important;padding-left: 0px !important;}&#8221; el_class=&#8221;bannerservices&#8221;][vc_column_inner][vc_empty_space height=&#8221;30px&#8221;]<div class=\"mkd-iwt clearfix mkd-iwt-icon-left mkd-iwt-icon-tiny\">\n\t<div class=\"mkd-iwt-icon-holder\">\n\t\t\t\t\t\n\t<span class=\"mkd-icon-shortcode normal mkd-icon-tiny\"  data-hover-color=\"#ffffff\" data-color=\"#ffffff\">\n        \n\t\t\t<i class=\"mkd-icon-dripicons dripicon dripicon-arrow-thin-up mkd-icon-element\" style=\"color: #ffffff\" ><\/i>\n\t\t\t    <\/span>\n\n\t\t\t\t<\/div>\n\t<div class=\"mkd-iwt-content-holder\" style=\"padding-left: 40px\">\n\t\t<div class=\"mkd-iwt-title-holder\">\n\t\t\t<h4 style=\"color: #ffffff;text-transform: none;font-weight: 700\">Business Development<\/h4>\n\t<\/div>\n\t<div class=\"mkd-iwt-text-holder\">\n\t\t<p ><\/p>\n\n\t\t\t<\/div>\n<\/div>\n<\/div>[vc_column_text][\/vc_column_text][vc_empty_space height=&#8221;30px&#8221;][\/vc_column_inner][\/vc_row_inner][\/vc_column][\/vc_row][vc_row content_width=&#8221;grid&#8221; css=&#8221;.vc_custom_1509115603735{padding-top: 30px !important;}&#8221;][vc_column][vc_column_text]<\/p>\n<h3>Technology and Innovation Platform<\/h3>\n<p>[\/vc_column_text][vc_zigzag][\/vc_column][\/vc_row][vc_row content_width=&#8221;grid&#8221; css=&#8221;.vc_custom_1509115788602{padding-top: 20px !important;padding-bottom: 0px !important;}&#8221;][vc_column width=&#8221;1\/2&#8243; css=&#8221;.vc_custom_1509115332332{padding-right: 40px !important;}&#8221;][vc_column_text css=&#8221;.vc_custom_1509115593109{padding-bottom: 20px !important;}&#8221;]<\/p>\n<h4>INNOSQUARE<\/h4>\n<p>[\/vc_column_text][vc_column_text]<\/p>\n<p>Companies that locate in the Canton of Fribourg can benefit from the technology and innovation platform <strong><a href=\"https:\/\/www.innosquare.com\/en\/\" target=\"_blank\" rel=\"noopener noreferrer\">INNOSQUARE<\/a><\/strong> operating from the <strong><a href=\"https:\/\/www.bluefactory.ch\/\" target=\"_blank\" rel=\"noopener noreferrer\">blueFACTORY<\/a><\/strong>, the low carbon innovation quarter in Fribourg\/Switzerland. The platform constitutes an entrepreneurial and innovative environment through its interactions with business and universities and its development of key competences. INNOSQUARE supports the development of competence centers and thematic clusters, provides administrative support as well as prototyping and testing services. The Competence Centers <strong><a href=\"https:\/\/rosas.center\" target=\"_blank\" rel=\"noopener noreferrer\">Robust and Safe Systems Center Fribourg<\/a><\/strong> (ROSAS), <strong><a href=\"https:\/\/iprint.center\/\" target=\"_blank\" rel=\"noopener noreferrer\">iPrint Center<\/a><\/strong> and <strong><a href=\"https:\/\/picc.center\" target=\"_blank\" rel=\"noopener noreferrer\">Plastics Innovation Competence Center<\/a><\/strong> (PICC) and the clusters <strong><a href=\"https:\/\/swissplastics-cluster.ch\/en\/\" target=\"_blank\" rel=\"noopener noreferrer\">Swiss Plastics Cluster<\/a><\/strong>, <strong><a href=\"https:\/\/building-innovation.ch\/en\/home\/\" target=\"_blank\" rel=\"noopener noreferrer\">Building Innovation Cluster<\/a><\/strong> and <strong><a href=\"https:\/\/www.clusterfoodnutrition.ch\/\" target=\"_blank\" rel=\"noopener noreferrer\">Food &amp; Nutrition Cluster<\/a><\/strong> are hosted by INNOSQUARE.<\/p>\n<p>[\/vc_column_text][\/vc_column][vc_column width=&#8221;1\/2&#8243; css=&#8221;.vc_custom_1509115680627{padding-top: 20px !important;padding-right: 20px !important;padding-bottom: 20px !important;padding-left: 20px !important;background-color: #e3e3e3 !important;}&#8221;][vc_column_text css=&#8221;.vc_custom_1509115598033{padding-bottom: 20px !important;}&#8221;]<\/p>\n<h4>Contact<\/h4>\n<p>[\/vc_column_text][vc_row_inner][vc_column_inner][vc_column_text]<\/p>\n<p><strong>INNOSQUARE<\/strong><br \/>\n<a title=\"inf&#111;&#64;&#x69;&#x6e;&#x6e;&#x6f;&#x73;qua&#114;&#101;&#x2e;&#x63;&#x6f;&#x6d;\" href=\"mai&#108;&#x74;&#x6f;&#x3a;inf&#111;&#x40;&#x69;&#x6e;&#x6e;osq&#117;&#x61;&#x72;&#x65;&#x2e;com\" target=\"_blank\" rel=\"noopener noreferrer\">i&#x6e;&#x66;o&#64;&#x69;n&#110;&#x6f;s&#113;&#x75;ar&#x65;&#x2e;c&#x6f;&#x6d;<\/a><br \/>\n<a title=\"www.innosquare.com\" href=\"https:\/\/www.innosquare.com\/en\/\" target=\"_blank\" rel=\"noopener noreferrer\">www.innosquare.com<\/a><br \/>\nINNOSQUARE \u2013 Platform services and competence center development<br \/>\nPascal Bovet, Director<br \/>\nPassage du Cardinal 1<br \/>\nB\u00e2timent A<br \/>\n1700 Fribourg<\/p>\n<p>T +41 26 429 66 56<br \/>\nM +41 79 506 90 27<br \/>\n<a title=\"&#112;&#x61;s&#x63;a&#108;&#x2e;b&#x6f;v&#101;&#x74;&#64;&#x68;e&#x66;&#x72;.&#x63;h\" href=\"m&#97;&#x69;&#x6c;t&#111;&#x3a;&#x70;a&#115;&#x63;&#x61;l.&#x62;&#x6f;ve&#x74;&#x40;he&#102;&#x72;&#x2e;c&#104;\" target=\"_blank\" rel=\"noopener noreferrer\">&#x70;a&#x73;&#x63;a&#x6c;&#46;b&#x6f;&#118;e&#x74;&#64;&#x68;&#x65;f&#x72;&#46;c&#x68;<\/a><\/p>\n<p>[\/vc_column_text][\/vc_column_inner][\/vc_row_inner][\/vc_column][\/vc_row][vc_row content_width=&#8221;grid&#8221; css=&#8221;.vc_custom_1509115603735{padding-top: 30px !important;}&#8221;][vc_column][vc_column_text]<\/p>\n<h3>Sectorial Platforms<\/h3>\n<p>[\/vc_column_text][vc_zigzag][\/vc_column][\/vc_row][vc_row][vc_column][vc_column_text] [\/vc_column_text][\/vc_column][\/vc_row][vc_row][vc_column][vc_column_text] [\/vc_column_text][\/vc_column][\/vc_row][vc_row][vc_column][vc_column_text]<\/p>\n<p>[\/vc_column_text][\/vc_column][\/vc_row][vc_row content_width=&#8221;grid&#8221; css=&#8221;.vc_custom_1509115665986{padding-top: 20px !important;padding-bottom: 30px !important;}&#8221;][vc_column width=&#8221;1\/2&#8243; css=&#8221;.vc_custom_1509115332332{padding-right: 40px !important;}&#8221;][vc_column_text css=&#8221;.vc_custom_1509115757336{padding-bottom: 20px !important;}&#8221;]<\/p>\n<h4>CDEP-SO<\/h4>\n<p>[\/vc_column_text][vc_column_text]<\/p>\n<p>Companies, universities and specialized colleges in Fribourg are fully integrated within platforms created as part of the sectorial promotion strategy, launched by the Swiss Conference of Cantonal Ministers of Economic Affairs of Western Switzerland (<strong><a href=\"http:\/\/cdep-so.ch\/en\" target=\"_blank\" rel=\"noopener noreferrer\">CDEP-SO<\/a><\/strong>).<\/p>\n<ul>\n<li><strong><a href=\"http:\/\/www.bioalps.ch\" target=\"_blank\" rel=\"noopener noreferrer\">BioAlps<\/a><\/strong> represents the fastest growing Life Sciences cluster in the world<\/li>\n<li><strong><a href=\"http:\/\/www.micronarc.ch\" target=\"_blank\" rel=\"noopener noreferrer\">Micronarc<\/a><\/strong> is a 2,000 member-strong platform for micro-nanotechnology<\/li>\n<li>Le cluster <strong><a href=\"http:\/\/www.alpict.com\" target=\"_blank\" rel=\"noopener noreferrer\">Alp ICT<\/a><\/strong> cr\u00e9e des synergies entre les entreprises actives dans les technologies de l\u2019information et de la communication<\/li>\n<li>The <strong><a href=\"https:\/\/www.cleantech-alps.com\/en\/\/index.php\" target=\"_blank\" rel=\"noopener noreferrer\">CleantechAlps<\/a><\/strong> cluster creates synergies between companies involved in information technology and communication (ICT)<\/li>\n<\/ul>\n<p>By establishing your company in Fribourg, you can benefit from these important networks.<\/p>\n<p>[\/vc_column_text][\/vc_column][vc_column width=&#8221;1\/2&#8243; css=&#8221;.vc_custom_1509115680627{padding-top: 20px !important;padding-right: 20px !important;padding-bottom: 20px !important;padding-left: 20px !important;background-color: #e3e3e3 !important;}&#8221;][vc_column_text css=&#8221;.vc_custom_1509115598033{padding-bottom: 20px !important;}&#8221;]<\/p>\n<h4>Contact<\/h4>\n<p>[\/vc_column_text][vc_row_inner][vc_column_inner][vc_column_text]<\/p>\n<p><strong>Fribourg Development Agency<\/strong><br \/>\nBoulevard de P\u00e9rolles 25<br \/>\nP.O. Box 1350<br \/>\n1701 Fribourg<\/p>\n<p>T +41 26 304 14 00<br \/>\n<a title=\"&#x70;&#x72;&#x6f;&#x6d;&#102;&#114;&#64;fr&#x2e;&#x63;&#x68;\" href=\"ma&#105;&#x6c;&#x74;o:&#112;&#x72;&#x6f;&#x6d;fr&#64;&#x66;&#x72;.c&#104;\" target=\"_blank\" rel=\"noopener noreferrer\">pr&#111;&#x6d;&#x66;&#x72;&#64;f&#114;&#x2e;&#x63;&#x68;<\/a><\/p>\n<p>[\/vc_column_text][\/vc_column_inner][\/vc_row_inner][\/vc_column][\/vc_row]<\/p>\n<\/div>","protected":false},"excerpt":{"rendered":"<p>[vc_row row_type=&#8221;parallax&#8221; full_screen_section_height=&#8221;no&#8221; css=&#8221;.vc_custom_1500456852303{margin-top: 0px !important;margin-right: 0px !important;margin-bottom: 0px !important;margin-left: 0px !important;padding-top: 0px !important;padding-right: 0px !important;padding-bottom: 0px !important;padding-left: 0px !important;background-color: #002c77 !important;}&#8221;][vc_column css=&#8221;.vc_custom_1500387896779{padding-top: 0px !important;padding-right: 0px !important;padding-bottom: 0px !important;padding-left: 0px !important;}&#8221;][vc_row_inner content_width=&#8221;grid&#8221; css=&#8221;.vc_custom_1500457336512{padding-top: 0px !important;padding-right: 0px !important;padding-bottom: 0px !important;padding-left: 0px !important;}&#8221; el_class=&#8221;bannerservices&#8221;][vc_column_inner][vc_empty_space height=&#8221;30px&#8221;][vc_column_text][\/vc_column_text][vc_empty_space height=&#8221;30px&#8221;][\/vc_column_inner][\/vc_row_inner][\/vc_column][\/vc_row][vc_row content_width=&#8221;grid&#8221;&#8230;<\/p>\n","protected":false},"author":2,"featured_media":0,"parent":11288,"menu_order":0,"comment_status":"closed","ping_status":"closed","template":"full-width.php","meta":{"footnotes":""},"tags":[],"class_list":["post-11421","page","type-page","status-publish","hentry"],"yoast_head":"<!-- This site is optimized with the Yoast SEO plugin v26.9 - https:\/\/yoast.com\/product\/yoast-seo-wordpress\/ -->\n<title>Business Development - Development Agency FDA<\/title>\n<meta name=\"description\" content=\"Expats-Fribourg est un r\u00e9seau pour l\u2019int\u00e9gration sociale. Fid\u00e8le \u00e0 sa r\u00e9putation d\u2019accueil, Fribourg a mis sur pied un r\u00e9seau pour les expatri\u00e9s afin de...\" \/>\n<meta name=\"robots\" content=\"index, follow, max-snippet:-1, max-image-preview:large, max-video-preview:-1\" \/>\n<link rel=\"canonical\" href=\"https:\/\/www.promfr.ch\/en\/establish\/business-development\/\" \/>\n<meta property=\"og:locale\" content=\"en_US\" \/>\n<meta property=\"og:type\" content=\"article\" \/>\n<meta property=\"og:title\" content=\"Business Development - Development Agency FDA\" \/>\n<meta property=\"og:description\" content=\"Expats-Fribourg est un r\u00e9seau pour l\u2019int\u00e9gration sociale. Fid\u00e8le \u00e0 sa r\u00e9putation d\u2019accueil, Fribourg a mis sur pied un r\u00e9seau pour les expatri\u00e9s afin de...\" \/>\n<meta property=\"og:url\" content=\"https:\/\/www.promfr.ch\/en\/establish\/business-development\/\" \/>\n<meta property=\"og:site_name\" content=\"Development Agency FDA\" \/>\n<meta property=\"article:modified_time\" content=\"2022-06-08T07:48:31+00:00\" \/>\n<meta name=\"twitter:card\" content=\"summary_large_image\" \/>\n<meta name=\"twitter:site\" content=\"@promfr\" \/>\n<script type=\"application\/ld+json\" class=\"yoast-schema-graph\">{\"@context\":\"https:\/\/schema.org\",\"@graph\":[{\"@type\":\"WebPage\",\"@id\":\"https:\/\/www.promfr.ch\/en\/establish\/business-development\/\",\"url\":\"https:\/\/www.promfr.ch\/en\/establish\/business-development\/\",\"name\":\"Business Development - Development Agency FDA\",\"isPartOf\":{\"@id\":\"https:\/\/www.promfr.ch\/#website\"},\"datePublished\":\"2018-09-21T11:53:59+00:00\",\"dateModified\":\"2022-06-08T07:48:31+00:00\",\"description\":\"Expats-Fribourg est un r\u00e9seau pour l\u2019int\u00e9gration sociale. Fid\u00e8le \u00e0 sa r\u00e9putation d\u2019accueil, Fribourg a mis sur pied un r\u00e9seau pour les expatri\u00e9s afin de...\",\"breadcrumb\":{\"@id\":\"https:\/\/www.promfr.ch\/en\/establish\/business-development\/#breadcrumb\"},\"inLanguage\":\"en-US\",\"potentialAction\":[{\"@type\":\"ReadAction\",\"target\":[\"https:\/\/www.promfr.ch\/en\/establish\/business-development\/\"]}]},{\"@type\":\"BreadcrumbList\",\"@id\":\"https:\/\/www.promfr.ch\/en\/establish\/business-development\/#breadcrumb\",\"itemListElement\":[{\"@type\":\"ListItem\",\"position\":1,\"name\":\"Accueil\",\"item\":\"https:\/\/www.promfr.ch\/en\/\"},{\"@type\":\"ListItem\",\"position\":2,\"name\":\"Establish\",\"item\":\"https:\/\/www.promfr.ch\/en\/establish\/\"},{\"@type\":\"ListItem\",\"position\":3,\"name\":\"Business Development\"}]},{\"@type\":\"WebSite\",\"@id\":\"https:\/\/www.promfr.ch\/#website\",\"url\":\"https:\/\/www.promfr.ch\/\",\"name\":\"Promotion \u00e9conomique du canton de Fribourg (PromFR)\",\"description\":\"FRIBOURG, THE PLACE TO GROW!\",\"publisher\":{\"@id\":\"https:\/\/www.promfr.ch\/#organization\"},\"alternateName\":\"Wirtschaftsf\u00f6rderung Kanton Freiburg (WIF)\",\"potentialAction\":[{\"@type\":\"SearchAction\",\"target\":{\"@type\":\"EntryPoint\",\"urlTemplate\":\"https:\/\/www.promfr.ch\/?s={search_term_string}\"},\"query-input\":{\"@type\":\"PropertyValueSpecification\",\"valueRequired\":true,\"valueName\":\"search_term_string\"}}],\"inLanguage\":\"en-US\"},{\"@type\":\"Organization\",\"@id\":\"https:\/\/www.promfr.ch\/#organization\",\"name\":\"Promotion \u00e9conomique du canton de Fribourg (PromFR)\",\"alternateName\":\"Wirtschaftsf\u00f6rderung Kanton Freiburg (WIF)\",\"url\":\"https:\/\/www.promfr.ch\/\",\"logo\":{\"@type\":\"ImageObject\",\"inLanguage\":\"en-US\",\"@id\":\"https:\/\/www.promfr.ch\/#\/schema\/logo\/image\/\",\"url\":\"https:\/\/www.promfr.ch\/wp-content\/uploads\/2017\/07\/promotion-economique-fribourg-logo.png\",\"contentUrl\":\"https:\/\/www.promfr.ch\/wp-content\/uploads\/2017\/07\/promotion-economique-fribourg-logo.png\",\"width\":515,\"height\":156,\"caption\":\"Promotion \u00e9conomique du canton de Fribourg (PromFR)\"},\"image\":{\"@id\":\"https:\/\/www.promfr.ch\/#\/schema\/logo\/image\/\"},\"sameAs\":[\"https:\/\/x.com\/promfr\",\"https:\/\/www.linkedin.com\/company\/promfr\",\"https:\/\/www.youtube.com\/user\/promfr\"]}]}<\/script>\n<!-- \/ Yoast SEO plugin. -->","yoast_head_json":{"title":"Business Development - Development Agency FDA","description":"Expats-Fribourg est un r\u00e9seau pour l\u2019int\u00e9gration sociale. Fid\u00e8le \u00e0 sa r\u00e9putation d\u2019accueil, Fribourg a mis sur pied un r\u00e9seau pour les expatri\u00e9s afin de...","robots":{"index":"index","follow":"follow","max-snippet":"max-snippet:-1","max-image-preview":"max-image-preview:large","max-video-preview":"max-video-preview:-1"},"canonical":"https:\/\/www.promfr.ch\/en\/establish\/business-development\/","og_locale":"en_US","og_type":"article","og_title":"Business Development - Development Agency FDA","og_description":"Expats-Fribourg est un r\u00e9seau pour l\u2019int\u00e9gration sociale. Fid\u00e8le \u00e0 sa r\u00e9putation d\u2019accueil, Fribourg a mis sur pied un r\u00e9seau pour les expatri\u00e9s afin de...","og_url":"https:\/\/www.promfr.ch\/en\/establish\/business-development\/","og_site_name":"Development Agency FDA","article_modified_time":"2022-06-08T07:48:31+00:00","twitter_card":"summary_large_image","twitter_site":"@promfr","schema":{"@context":"https:\/\/schema.org","@graph":[{"@type":"WebPage","@id":"https:\/\/www.promfr.ch\/en\/establish\/business-development\/","url":"https:\/\/www.promfr.ch\/en\/establish\/business-development\/","name":"Business Development - Development Agency FDA","isPartOf":{"@id":"https:\/\/www.promfr.ch\/#website"},"datePublished":"2018-09-21T11:53:59+00:00","dateModified":"2022-06-08T07:48:31+00:00","description":"Expats-Fribourg est un r\u00e9seau pour l\u2019int\u00e9gration sociale. Fid\u00e8le \u00e0 sa r\u00e9putation d\u2019accueil, Fribourg a mis sur pied un r\u00e9seau pour les expatri\u00e9s afin de...","breadcrumb":{"@id":"https:\/\/www.promfr.ch\/en\/establish\/business-development\/#breadcrumb"},"inLanguage":"en-US","potentialAction":[{"@type":"ReadAction","target":["https:\/\/www.promfr.ch\/en\/establish\/business-development\/"]}]},{"@type":"BreadcrumbList","@id":"https:\/\/www.promfr.ch\/en\/establish\/business-development\/#breadcrumb","itemListElement":[{"@type":"ListItem","position":1,"name":"Accueil","item":"https:\/\/www.promfr.ch\/en\/"},{"@type":"ListItem","position":2,"name":"Establish","item":"https:\/\/www.promfr.ch\/en\/establish\/"},{"@type":"ListItem","position":3,"name":"Business Development"}]},{"@type":"WebSite","@id":"https:\/\/www.promfr.ch\/#website","url":"https:\/\/www.promfr.ch\/","name":"Promotion \u00e9conomique du canton de Fribourg (PromFR)","description":"FRIBOURG, THE PLACE TO GROW!","publisher":{"@id":"https:\/\/www.promfr.ch\/#organization"},"alternateName":"Wirtschaftsf\u00f6rderung Kanton Freiburg (WIF)","potentialAction":[{"@type":"SearchAction","target":{"@type":"EntryPoint","urlTemplate":"https:\/\/www.promfr.ch\/?s={search_term_string}"},"query-input":{"@type":"PropertyValueSpecification","valueRequired":true,"valueName":"search_term_string"}}],"inLanguage":"en-US"},{"@type":"Organization","@id":"https:\/\/www.promfr.ch\/#organization","name":"Promotion \u00e9conomique du canton de Fribourg (PromFR)","alternateName":"Wirtschaftsf\u00f6rderung Kanton Freiburg (WIF)","url":"https:\/\/www.promfr.ch\/","logo":{"@type":"ImageObject","inLanguage":"en-US","@id":"https:\/\/www.promfr.ch\/#\/schema\/logo\/image\/","url":"https:\/\/www.promfr.ch\/wp-content\/uploads\/2017\/07\/promotion-economique-fribourg-logo.png","contentUrl":"https:\/\/www.promfr.ch\/wp-content\/uploads\/2017\/07\/promotion-economique-fribourg-logo.png","width":515,"height":156,"caption":"Promotion \u00e9conomique du canton de Fribourg (PromFR)"},"image":{"@id":"https:\/\/www.promfr.ch\/#\/schema\/logo\/image\/"},"sameAs":["https:\/\/x.com\/promfr","https:\/\/www.linkedin.com\/company\/promfr","https:\/\/www.youtube.com\/user\/promfr"]}]}},"_links":{"self":[{"href":"https:\/\/www.promfr.ch\/en\/wp-json\/wp\/v2\/pages\/11421","targetHints":{"allow":["GET"]}}],"collection":[{"href":"https:\/\/www.promfr.ch\/en\/wp-json\/wp\/v2\/pages"}],"about":[{"href":"https:\/\/www.promfr.ch\/en\/wp-json\/wp\/v2\/types\/page"}],"author":[{"embeddable":true,"href":"https:\/\/www.promfr.ch\/en\/wp-json\/wp\/v2\/users\/2"}],"replies":[{"embeddable":true,"href":"https:\/\/www.promfr.ch\/en\/wp-json\/wp\/v2\/comments?post=11421"}],"version-history":[{"count":10,"href":"https:\/\/www.promfr.ch\/en\/wp-json\/wp\/v2\/pages\/11421\/revisions"}],"predecessor-version":[{"id":19187,"href":"https:\/\/www.promfr.ch\/en\/wp-json\/wp\/v2\/pages\/11421\/revisions\/19187"}],"up":[{"embeddable":true,"href":"https:\/\/www.promfr.ch\/en\/wp-json\/wp\/v2\/pages\/11288"}],"wp:attachment":[{"href":"https:\/\/www.promfr.ch\/en\/wp-json\/wp\/v2\/media?parent=11421"}],"wp:term":[{"taxonomy":"post_tag","embeddable":true,"href":"https:\/\/www.promfr.ch\/en\/wp-json\/wp\/v2\/tags?post=11421"}],"curies":[{"name":"wp","href":"https:\/\/api.w.org\/{rel}","templated":true}]}}